{"id":10188,"date":"2024-08-15T21:54:05","date_gmt":"2024-08-15T19:54:05","guid":{"rendered":"https:\/\/spkluczewsko.pl\/?page_id=10188"},"modified":"2024-10-27T19:37:33","modified_gmt":"2024-10-27T18:37:33","slug":"ochrona-maloletnich","status":"publish","type":"page","link":"https:\/\/spkluczewsko.pl\/?page_id=10188","title":{"rendered":"Ochrona ma\u0142oletnich"},"content":{"rendered":"<p><a href=\"https:\/\/spkluczewsko.pl\/wp-content\/uploads\/2024\/10\/Standardy-Ochrony-Maloletnich-Lolek-Kluczewsko.pdf\">Standardy-Ochrony-Ma\u0142oletnich-Lolek Kluczewsko<\/a><\/p>\n<p><a href=\"https:\/\/spkluczewsko.pl\/wp-content\/uploads\/2024\/10\/Standardy-Ochrony-Maloletnich-Lolek-Kluczewsko-wersja-skrocona.pdf\">Standardy-Ochrony-Ma\u0142oletnich-Lolek-Kluczewsko-wersja-skr\u00f3cona<\/a><\/p>\n<p><a href=\"https:\/\/spkluczewsko.pl\/wp-content\/uploads\/2024\/10\/Standardy-Ochrony-Maloletnich-Lolek-wersja-dla-maloletnich.pdf\">Standardy-Ochrony-Ma\u0142oletnich-Lolek-wersja-dla-ma\u0142oletnich<\/a><\/p>\n","protected":false},"excerpt":{"rendered":"<p>Standardy-Ochrony-Ma\u0142oletnich-Lolek Kluczewsko Standardy-Ochrony-Ma\u0142oletnich-Lolek-Kluczewsko-wersja-skr\u00f3cona Standardy-Ochrony-Ma\u0142oletnich-Lolek-wersja-dla-ma\u0142oletnich<\/p>\n","protected":false},"author":2,"featured_media":0,"parent":0,"menu_order":0,"comment_status":"closed","ping_status":"closed","template":"","meta":{"ngg_post_thumbnail":0,"footnotes":""},"class_list":["post-10188","page","type-page","status-publish","hentry"],"_links":{"self":[{"href":"https:\/\/spkluczewsko.pl\/index.php?rest_route=\/wp\/v2\/pages\/10188","targetHints":{"allow":["GET"]}}],"collection":[{"href":"https:\/\/spkluczewsko.pl\/index.php?rest_route=\/wp\/v2\/pages"}],"about":[{"href":"https:\/\/spkluczewsko.pl\/index.php?rest_route=\/wp\/v2\/types\/page"}],"author":[{"embeddable":true,"href":"https:\/\/spkluczewsko.pl\/index.php?rest_route=\/wp\/v2\/users\/2"}],"replies":[{"embeddable":true,"href":"https:\/\/spkluczewsko.pl\/index.php?rest_route=%2Fwp%2Fv2%2Fcomments&post=10188"}],"version-history":[{"count":4,"href":"https:\/\/spkluczewsko.pl\/index.php?rest_route=\/wp\/v2\/pages\/10188\/revisions"}],"predecessor-version":[{"id":10294,"href":"https:\/\/spkluczewsko.pl\/index.php?rest_route=\/wp\/v2\/pages\/10188\/revisions\/10294"}],"wp:attachment":[{"href":"https:\/\/spkluczewsko.pl\/index.php?rest_route=%2Fwp%2Fv2%2Fmedia&parent=10188"}],"curies":[{"name":"wp","href":"https:\/\/api.w.org\/{rel}","templated":true}]}}