{"id":11074,"date":"2025-08-24T18:46:35","date_gmt":"2025-08-24T16:46:35","guid":{"rendered":"https:\/\/spkluczewsko.pl\/?page_id=11074"},"modified":"2025-08-24T18:46:35","modified_gmt":"2025-08-24T16:46:35","slug":"podreczniki-religia","status":"publish","type":"page","link":"https:\/\/spkluczewsko.pl\/?page_id=11074","title":{"rendered":"Podr\u0119czniki Religia"},"content":{"rendered":"<p><strong><u>Podr\u0119czniki do religii&nbsp; na rok szkolny 2025\/26<\/u><\/strong><\/p>\n<p><span style=\"text-decoration: underline;\"><strong>Przedszkole<\/strong><\/span><\/p>\n<p>4-latki&nbsp; <strong>,,\u015awiat dziecka Bo\u017cego\u201d,&nbsp; <\/strong>wydawnictwo Jedno\u015b\u0107<\/p>\n<p>5-latki&nbsp; <strong>,,Tak. Jestem przyjacielem Jezusa\u201d,&nbsp; <\/strong>wydawnictwo Jedno\u015b\u0107<\/p>\n<p>6-latki&nbsp; <strong>,,Tak. Jezus mnie kocha\u201d,&nbsp; <\/strong>wydawnictwo Jedno\u015b\u0107<\/p>\n<p><span style=\"text-decoration: underline;\"><strong>Szko\u0142a Podstawowa<\/strong><\/span><\/p>\n<p>Kl. I&nbsp;&nbsp; &#8211;&nbsp; <strong>,,Poznaj\u0119 Bo\u017cy \u015bwiat\u201d<\/strong><br \/>\nred. K. Mielnicki, E. Kondrak, wydawnictwo ,,Jedno\u015b\u0107\u201d, Kielce<\/p>\n<p>Kl. II&nbsp; &#8211;&nbsp; <strong>,,Odkrywam kr\u00f3lestwo Bo\u017ce\u201d<\/strong><br \/>\nautorzy: ks. dr K. Mielnicki, E. Kondrak , wydawnictwo ,,Jedno\u015b\u0107\u201d, Kielce<\/p>\n<p>Kl. III&nbsp; &#8211;&nbsp; <strong>,,Poznaj\u0119 Jezusa\u201d <\/strong>(podr\u0119cznik + zeszyt \u0107wicze\u0144)<br \/>\nK. Mielnicki, E. Kondrak ,&nbsp; Wydawnictwo ,, Jedno\u015b\u0107\u201d, Kielce<\/p>\n<p>Kl. IV &#8211;&nbsp; ,,<strong>Odkrywam \u017cycie z Jezusem\u201d&nbsp; <\/strong>(podr\u0119cznik + zeszyt \u0107wicze\u0144)<br \/>\nautorzy: ks. K. Mielnicki, E. Kondrak,&nbsp;&nbsp; wydawnictwo ,, Jedno\u015b\u0107\u201d, Kielce<\/p>\n<p>Kl. V &#8211;&nbsp; ,,Szcz\u0119\u015bliwi, kt\u00f3rzy szukaj\u0105 prawdy\u201d&nbsp; (podr\u0119cznik + zeszyt \u0107wicze\u0144 na 1 godzin\u0119)<br \/>\nautorzy: ks. K. Mielnicki, E. Kondrak,&nbsp;&nbsp; wydawnictwo ,,Jedno\u015b\u0107\u201d, Kielce<\/p>\n<p>Kl. VI&nbsp; &#8211;&nbsp; <strong>,,Szcz\u0119\u015bliwi, kt\u00f3rzy odkrywaj\u0105 pi\u0119kno&#8221;&nbsp; <\/strong>(podr\u0119cznik + zeszyt \u0107wicze\u0144 na 1 godzin\u0119)<br \/>\nautorzy: ks. dr K. Mielnicki, E. Kondrak,&nbsp; wydawnictwo ,, Jedno\u015b\u0107\u201d, Kielce<\/p>\n<p>Kl. VII&nbsp;&nbsp; &#8211;&nbsp;&nbsp; <strong>,,Szcz\u0119\u015bliwi, kt\u00f3rzy czyni\u0105 dobro\u201d<\/strong><br \/>\nautorzy: ks. K. Mielnicki, E. Kondrak, wydawnictwo ,,Jedno\u015b\u0107\u201d, Kielce (podr\u0119cznik&nbsp; bez zeszytu \u0107wicze\u0144)<\/p>\n<p>Klasa VIII&nbsp; &#8211; <strong>,,Szcz\u0119\u015bliwi, kt\u00f3rzy zdobywaj\u0105 \u015bwi\u0119to\u015b\u0107\u201d<\/strong><\/p>\n<p>autorzy:&nbsp; ks. dr K. Mielnicki, E. Kondrak,&nbsp; A. S\u0119torek, wydawnictwo ,, Jedno\u015b\u0107\u201d, Kielce (podr\u0119cznik&nbsp; bez zeszytu \u0107wicze\u0144)<\/p>\n<p>&nbsp;<\/p>\n","protected":false},"excerpt":{"rendered":"<p>Podr\u0119czniki do religii&nbsp; na rok szkolny 2025\/26 Przedszkole 4-latki&nbsp; ,,\u015awiat dziecka Bo\u017cego\u201d,&nbsp; wydawnictwo Jedno\u015b\u0107 5-latki&nbsp; ,,Tak. Jestem przyjacielem Jezusa\u201d,&nbsp; wydawnictwo Jedno\u015b\u0107 6-latki&nbsp; ,,Tak. Jezus mnie kocha\u201d,&nbsp; wydawnictwo Jedno\u015b\u0107 Szko\u0142a Podstawowa Kl. I&nbsp;&nbsp; &#8211;&nbsp; ,,Poznaj\u0119 Bo\u017cy \u015bwiat\u201d red. K. Mielnicki, E. Kondrak, wydawnictwo ,,Jedno\u015b\u0107\u201d, Kielce Kl. II&nbsp; &#8211;&nbsp; ,,Odkrywam kr\u00f3lestwo Bo\u017ce\u201d [&hellip;]<\/p>\n","protected":false},"author":2,"featured_media":0,"parent":0,"menu_order":0,"comment_status":"closed","ping_status":"closed","template":"","meta":{"ngg_post_thumbnail":0,"footnotes":""},"class_list":["post-11074","page","type-page","status-publish","hentry"],"_links":{"self":[{"href":"https:\/\/spkluczewsko.pl\/index.php?rest_route=\/wp\/v2\/pages\/11074","targetHints":{"allow":["GET"]}}],"collection":[{"href":"https:\/\/spkluczewsko.pl\/index.php?rest_route=\/wp\/v2\/pages"}],"about":[{"href":"https:\/\/spkluczewsko.pl\/index.php?rest_route=\/wp\/v2\/types\/page"}],"author":[{"embeddable":true,"href":"https:\/\/spkluczewsko.pl\/index.php?rest_route=\/wp\/v2\/users\/2"}],"replies":[{"embeddable":true,"href":"https:\/\/spkluczewsko.pl\/index.php?rest_route=%2Fwp%2Fv2%2Fcomments&post=11074"}],"version-history":[{"count":1,"href":"https:\/\/spkluczewsko.pl\/index.php?rest_route=\/wp\/v2\/pages\/11074\/revisions"}],"predecessor-version":[{"id":11075,"href":"https:\/\/spkluczewsko.pl\/index.php?rest_route=\/wp\/v2\/pages\/11074\/revisions\/11075"}],"wp:attachment":[{"href":"https:\/\/spkluczewsko.pl\/index.php?rest_route=%2Fwp%2Fv2%2Fmedia&parent=11074"}],"curies":[{"name":"wp","href":"https:\/\/api.w.org\/{rel}","templated":true}]}}