{"id":158,"date":"2020-02-17T15:00:20","date_gmt":"2020-02-17T15:00:20","guid":{"rendered":"http:\/\/bizix.premiumthemes.in\/?page_id=158"},"modified":"2022-08-10T09:06:57","modified_gmt":"2022-08-10T07:06:57","slug":"home-1","status":"publish","type":"page","link":"https:\/\/spkluczewsko.pl\/","title":{"rendered":"Home 1"},"content":{"rendered":"\t\t<div data-elementor-type=\"wp-page\" data-elementor-id=\"158\" class=\"elementor elementor-158\">\n\t\t\t\t\t\t<section class=\"elementor-section elementor-top-section elementor-element elementor-element-d67283f elementor-section-boxed elementor-section-height-default elementor-section-height-default\" data-id=\"d67283f\" data-element_type=\"section\">\n\t\t\t\t\t\t<div class=\"elementor-container elementor-column-gap-default\">\n\t\t\t\t\t<div class=\"elementor-column elementor-col-100 elementor-top-column elementor-element elementor-element-2955698\" data-id=\"2955698\" data-element_type=\"column\">\n\t\t\t<div class=\"elementor-widget-wrap elementor-element-populated\">\n\t\t\t\t\t\t<div class=\"elementor-element elementor-element-3f1c242 elementor-widget elementor-widget-elementskit-client-logo\" data-id=\"3f1c242\" data-element_type=\"widget\" data-widget_type=\"elementskit-client-logo.default\">\n\t\t\t\t<div class=\"elementor-widget-container\">\n\t\t\t<div class=\"ekit-wid-con\" >\t\t<div class=\"elementskit-clients-slider  simple_logo_image\" data-config=\"{&quot;rtl&quot;:false,&quot;arrows&quot;:false,&quot;dots&quot;:false,&quot;autoplay&quot;:true,&quot;speed&quot;:1000,&quot;slidesPerView&quot;:5,&quot;slidesPerGroup&quot;:1,&quot;pauseOnHover&quot;:true,&quot;loop&quot;:false,&quot;breakpoints&quot;:{&quot;320&quot;:{&quot;slidesPerView&quot;:1,&quot;slidesPerGroup&quot;:1,&quot;spaceBetween&quot;:10},&quot;768&quot;:{&quot;slidesPerView&quot;:2,&quot;slidesPerGroup&quot;:1,&quot;spaceBetween&quot;:10},&quot;1024&quot;:{&quot;slidesPerView&quot;:5,&quot;slidesPerGroup&quot;:1,&quot;spaceBetween&quot;:15}}}\" data-direction=\"\">\n\t\t\t<div class=\"ekit-main-swiper swiper\">\n\t\t\t\t<div class=\"swiper-wrapper\">\n\t\t\t\t\t\t\t\t\t\t\t<div class=\"elementskit-client-slider-item swiper-slide \">\n\t\t\t\t\t\t\t<div class=\"swiper-slide-inner\">\n\t\t\t\t\t\t\t\t<div class=\"single-client image-switcher\" title=\"BIP\">\n\t\t\t\t\t\t\t\t\t\t\t\t\t\t\t\t\t\t\t<a href=\"http:\/\/jo.kluczewsko.pl\/index.php?id=141\">\n\t\t\t\t\t\t\t\t\t\t\t<span class=\"content-image\">\n\t\t\t\t\t\t\t\t\t\t\t\t<img decoding=\"async\" width=\"190\" height=\"80\" src=\"https:\/\/spkluczewsko.pl\/wp-content\/uploads\/2021\/08\/bip1.jpg\" class=\"\" alt=\"\" \/>\t\t\t\t\t\t\t\t\t\t\t<\/span>\n\t\t\t\t\t\t\t\t\t\t<\/a>\n\t\t\t\t\t\t\t\t\t\t\t\t\t\t\t\t\t<\/div>\n\t\t\t\t\t\t\t<\/div>\n\t\t\t\t\t\t<\/div>\n\t\t\t\t\t\t\t\t\t\t\t<div class=\"elementskit-client-slider-item swiper-slide \">\n\t\t\t\t\t\t\t<div class=\"swiper-slide-inner\">\n\t\t\t\t\t\t\t\t<div class=\"single-client image-switcher\" title=\"Deklaracja\">\n\t\t\t\t\t\t\t\t\t\t\t\t\t\t\t\t\t\t\t<a href=\"https:\/\/spkluczewsko.pl\/?page_id=5344\">\n\t\t\t\t\t\t\t\t\t\t\t<span class=\"content-image\">\n\t\t\t\t\t\t\t\t\t\t\t\t<img decoding=\"async\" width=\"204\" height=\"80\" src=\"https:\/\/spkluczewsko.pl\/wp-content\/uploads\/2021\/08\/deklaracja-dostepnosci-cia2-1.png\" class=\"\" alt=\"\" \/>\t\t\t\t\t\t\t\t\t\t\t<\/span>\n\t\t\t\t\t\t\t\t\t\t<\/a>\n\t\t\t\t\t\t\t\t\t\t\t\t\t\t\t\t\t<\/div>\n\t\t\t\t\t\t\t<\/div>\n\t\t\t\t\t\t<\/div>\n\t\t\t\t\t\t\t\t\t\t\t<div class=\"elementskit-client-slider-item swiper-slide \">\n\t\t\t\t\t\t\t<div class=\"swiper-slide-inner\">\n\t\t\t\t\t\t\t\t<div class=\"single-client image-switcher\" title=\"FB\">\n\t\t\t\t\t\t\t\t\t\t\t\t\t\t\t\t\t\t\t<a href=\"https:\/\/www.facebook.com\/ZPSKluczewsko\">\n\t\t\t\t\t\t\t\t\t\t\t<span class=\"content-image\">\n\t\t\t\t\t\t\t\t\t\t\t\t<img decoding=\"async\" width=\"213\" height=\"80\" src=\"https:\/\/spkluczewsko.pl\/wp-content\/uploads\/2021\/08\/fb.png\" class=\"\" alt=\"\" \/>\t\t\t\t\t\t\t\t\t\t\t<\/span>\n\t\t\t\t\t\t\t\t\t\t<\/a>\n\t\t\t\t\t\t\t\t\t\t\t\t\t\t\t\t\t<\/div>\n\t\t\t\t\t\t\t<\/div>\n\t\t\t\t\t\t<\/div>\n\t\t\t\t\t\t\t\t\t\t\t<div class=\"elementskit-client-slider-item swiper-slide \">\n\t\t\t\t\t\t\t<div class=\"swiper-slide-inner\">\n\t\t\t\t\t\t\t\t<div class=\"single-client image-switcher\" title=\"Progr\">\n\t\t\t\t\t\t\t\t\t\t\t\t\t\t\t\t\t\t\t<div class=\"content-image\">\n\t\t\t\t\t\t\t\t\t\t\t<img loading=\"lazy\" decoding=\"async\" width=\"155\" height=\"80\" src=\"https:\/\/spkluczewsko.pl\/wp-content\/uploads\/2021\/08\/pilotaz-program.jpg\" class=\"\" alt=\"\" \/>\t\t\t\t\t\t\t\t\t\t<\/div>\n\t\t\t\t\t\t\t\t\t\t\t\t\t\t\t\t\t<\/div>\n\t\t\t\t\t\t\t<\/div>\n\t\t\t\t\t\t<\/div>\n\t\t\t\t\t\t\t\t\t\t\t<div class=\"elementskit-client-slider-item swiper-slide \">\n\t\t\t\t\t\t\t<div class=\"swiper-slide-inner\">\n\t\t\t\t\t\t\t\t<div class=\"single-client image-switcher\" title=\"SKRA\">\n\t\t\t\t\t\t\t\t\t\t\t\t\t\t\t\t\t\t\t<a href=\"http:\/\/www.akademiaskry.pl\/\">\n\t\t\t\t\t\t\t\t\t\t\t<span class=\"content-image\">\n\t\t\t\t\t\t\t\t\t\t\t\t<img loading=\"lazy\" decoding=\"async\" width=\"61\" height=\"80\" src=\"https:\/\/spkluczewsko.pl\/wp-content\/uploads\/2021\/08\/skra.jpg\" class=\"\" alt=\"\" \/>\t\t\t\t\t\t\t\t\t\t\t<\/span>\n\t\t\t\t\t\t\t\t\t\t<\/a>\n\t\t\t\t\t\t\t\t\t\t\t\t\t\t\t\t\t<\/div>\n\t\t\t\t\t\t\t<\/div>\n\t\t\t\t\t\t<\/div>\n\t\t\t\t\t\t\t\t\t<\/div>\n\n\t\t\t\t\n\t\t\t\t\t\t\t<\/div><!-- .elementskit-clients-slider END -->\n\t\t<\/div>\n\t\t<\/div>\t\t<\/div>\n\t\t\t\t<\/div>\n\t\t\t\t\t<\/div>\n\t\t<\/div>\n\t\t\t\t\t<\/div>\n\t\t<\/section>\n\t\t\t\t<section class=\"elementor-section elementor-top-section elementor-element elementor-element-24a63b1 elementor-section-stretched elementor-section-boxed elementor-section-height-default elementor-section-height-default\" data-id=\"24a63b1\" data-element_type=\"section\" data-settings=\"{&quot;stretch_section&quot;:&quot;section-stretched&quot;}\">\n\t\t\t\t\t\t<div class=\"elementor-container elementor-column-gap-no\">\n\t\t\t\t\t<div class=\"elementor-column elementor-col-100 elementor-top-column elementor-element elementor-element-218680bd\" data-id=\"218680bd\" data-element_type=\"column\">\n\t\t\t<div class=\"elementor-widget-wrap elementor-element-populated\">\n\t\t\t\t\t\t<div class=\"elementor-element elementor-element-a9d1903 elementor-widget-divider--view-line elementor-widget elementor-widget-divider\" data-id=\"a9d1903\" data-element_type=\"widget\" data-widget_type=\"divider.default\">\n\t\t\t\t<div class=\"elementor-widget-container\">\n\t\t\t\t\t<div class=\"elementor-divider\">\n\t\t\t<span class=\"elementor-divider-separator\">\n\t\t\t\t\t\t<\/span>\n\t\t<\/div>\n\t\t\t\t<\/div>\n\t\t\t\t<\/div>\n\t\t\t\t<div class=\"elementor-element elementor-element-ef04dc4 elementor-widget elementor-widget-heading\" data-id=\"ef04dc4\" data-element_type=\"widget\" data-widget_type=\"heading.default\">\n\t\t\t\t<div class=\"elementor-widget-container\">\n\t\t\t<h2 class=\"elementor-heading-title elementor-size-default\">Aktualno\u015bci<\/h2>\t\t<\/div>\n\t\t\t\t<\/div>\n\t\t\t\t<div class=\"elementor-element elementor-element-9f91100 elementor-grid-1 elementor-posts--thumbnail-left elementor-grid-tablet-2 elementor-grid-mobile-1 elementor-widget elementor-widget-posts\" data-id=\"9f91100\" data-element_type=\"widget\" data-settings=\"{&quot;classic_columns&quot;:&quot;1&quot;,&quot;pagination_type&quot;:&quot;numbers&quot;,&quot;classic_columns_tablet&quot;:&quot;2&quot;,&quot;classic_columns_mobile&quot;:&quot;1&quot;,&quot;classic_row_gap&quot;:{&quot;unit&quot;:&quot;px&quot;,&quot;size&quot;:35,&quot;sizes&quot;:[]},&quot;classic_row_gap_tablet&quot;:{&quot;unit&quot;:&quot;px&quot;,&quot;size&quot;:&quot;&quot;,&quot;sizes&quot;:[]},&quot;classic_row_gap_mobile&quot;:{&quot;unit&quot;:&quot;px&quot;,&quot;size&quot;:&quot;&quot;,&quot;sizes&quot;:[]}}\" data-widget_type=\"posts.classic\">\n\t\t\t\t<div class=\"elementor-widget-container\">\n\t\t\t\t\t<div class=\"elementor-posts-container elementor-posts elementor-posts--skin-classic elementor-grid\">\n\t\t\t\t<article class=\"elementor-post elementor-grid-item post-11870 post type-post status-publish format-standard has-post-thumbnail hentry category-aktualnosci\">\n\t\t\t\t<a class=\"elementor-post__thumbnail__link\" href=\"https:\/\/spkluczewsko.pl\/?p=11870\" >\n\t\t\t<div class=\"elementor-post__thumbnail\"><img loading=\"lazy\" decoding=\"async\" width=\"1024\" height=\"622\" src=\"https:\/\/spkluczewsko.pl\/wp-content\/uploads\/2026\/05\/ASC_0097-1024x622.jpg\" class=\"attachment-large size-large wp-image-11871\" alt=\"ASC 0097\" srcset=\"https:\/\/spkluczewsko.pl\/wp-content\/uploads\/2026\/05\/ASC_0097-1024x622.jpg 1024w, https:\/\/spkluczewsko.pl\/wp-content\/uploads\/2026\/05\/ASC_0097-300x182.jpg 300w, https:\/\/spkluczewsko.pl\/wp-content\/uploads\/2026\/05\/ASC_0097-768x467.jpg 768w, https:\/\/spkluczewsko.pl\/wp-content\/uploads\/2026\/05\/ASC_0097.jpg 1317w\" sizes=\"(max-width: 1024px) 100vw, 1024px\" \/><\/div>\n\t\t<\/a>\n\t\t\t\t<div class=\"elementor-post__text\">\n\t\t\t\t<h3 class=\"elementor-post__title\">\n\t\t\t<a href=\"https:\/\/spkluczewsko.pl\/?p=11870\" >\n\t\t\t\tX Jubileuszowy Medal dla SP Kluczewsko!!! Kluczewianki Wicemistrzem Wojew\u00f3dztwa w Minisiatk\u00f3wce Szk\u00f3\u0142 Podstawowych!!!\t\t\t<\/a>\n\t\t<\/h3>\n\t\t\t\t<div class=\"elementor-post__meta-data\">\n\t\t\t\t\t<span class=\"elementor-post-date\">\n\t\t\t8 maja 2026\t\t<\/span>\n\t\t\t\t<\/div>\n\t\t\t\t<div class=\"elementor-post__excerpt\">\n\t\t\t<p>Wspaniale spisa\u0142y si\u0119 m\u0142ode siatkarki Szko\u0142y Podstawowej z Kluczewska w&nbsp;Finale Wojew\u00f3dzkim w Minisiatk\u00f3wce Dziewcz\u0105t \u2013 Igrzyska Dzieci. Nasze dziewczynki wywalczy\u0142y&nbsp;II miejsce&nbsp;zdobywaj\u0105c tym samym&nbsp;Vicemistrzostwo Wojew\u00f3dztwa!&nbsp;W Wielkim Finale rozgrywanym w Kluczewsku zagra\u0142o 8 najlepszych dru\u017cyny z Wojew\u00f3dztwa \u015awi\u0119tokrzyskiego wy\u0142onionych we wcze\u015bniejszych eliminacjach: SP 25 Kielce, SP nr 2 Stasz\u00f3w, SP nr 2<\/p>\n\t\t<\/div>\n\t\t\t\t<\/div>\n\t\t\t\t<\/article>\n\t\t\t\t<article class=\"elementor-post elementor-grid-item post-11867 post type-post status-publish format-standard has-post-thumbnail hentry category-wydarzenia\">\n\t\t\t\t<a class=\"elementor-post__thumbnail__link\" href=\"https:\/\/spkluczewsko.pl\/?p=11867\" >\n\t\t\t<div class=\"elementor-post__thumbnail\"><img loading=\"lazy\" decoding=\"async\" width=\"1024\" height=\"768\" src=\"https:\/\/spkluczewsko.pl\/wp-content\/uploads\/2026\/05\/e5db0828-4d2d-41f5-919c-45e1121f78e9-1024x768.jpg\" class=\"attachment-large size-large wp-image-11868\" alt=\"e5db0828 4d2d 41f5 919c 45e1121f78e9\" srcset=\"https:\/\/spkluczewsko.pl\/wp-content\/uploads\/2026\/05\/e5db0828-4d2d-41f5-919c-45e1121f78e9-1024x768.jpg 1024w, https:\/\/spkluczewsko.pl\/wp-content\/uploads\/2026\/05\/e5db0828-4d2d-41f5-919c-45e1121f78e9-300x225.jpg 300w, https:\/\/spkluczewsko.pl\/wp-content\/uploads\/2026\/05\/e5db0828-4d2d-41f5-919c-45e1121f78e9-768x576.jpg 768w, https:\/\/spkluczewsko.pl\/wp-content\/uploads\/2026\/05\/e5db0828-4d2d-41f5-919c-45e1121f78e9.jpg 1067w\" sizes=\"(max-width: 1024px) 100vw, 1024px\" \/><\/div>\n\t\t<\/a>\n\t\t\t\t<div class=\"elementor-post__text\">\n\t\t\t\t<h3 class=\"elementor-post__title\">\n\t\t\t<a href=\"https:\/\/spkluczewsko.pl\/?p=11867\" >\n\t\t\t\tWizyta przedszkolak\u00f3w w remizie stra\u017cackiej w Kluczewsku\t\t\t<\/a>\n\t\t<\/h3>\n\t\t\t\t<div class=\"elementor-post__meta-data\">\n\t\t\t\t\t<span class=\"elementor-post-date\">\n\t\t\t8 maja 2026\t\t<\/span>\n\t\t\t\t<\/div>\n\t\t\t\t<div class=\"elementor-post__excerpt\">\n\t\t\t<p>Z okazji Dnia Stra\u017caka dzieci z grupy przedszkolnej \u201eJe\u017cyki\u201d oraz \u201ePszcz\u00f3\u0142ki\u201d wybra\u0142y si\u0119 na wyj\u0105tkow\u0105 wycieczk\u0119 do stra\u017cnicy OSP w Kluczewsku. Celem wizyty by\u0142o bli\u017csze poznanie pracy stra\u017cak\u00f3w oraz zapoznanie si\u0119 ze sprz\u0119tem wykorzystywanym podczas&nbsp; akcji&nbsp; ratowniczo- ga\u015bniczych. Na miejscu przedszkolaki zosta\u0142y serdecznie powitane przez druh\u00f3w stra\u017cak\u00f3w, kt\u00f3rzy z du\u017cym<\/p>\n\t\t<\/div>\n\t\t\t\t<\/div>\n\t\t\t\t<\/article>\n\t\t\t\t<article class=\"elementor-post elementor-grid-item post-11854 post type-post status-publish format-standard has-post-thumbnail hentry category-aktualnosci\">\n\t\t\t\t<a class=\"elementor-post__thumbnail__link\" href=\"https:\/\/spkluczewsko.pl\/?p=11854\" >\n\t\t\t<div class=\"elementor-post__thumbnail\"><img loading=\"lazy\" decoding=\"async\" width=\"795\" height=\"800\" src=\"https:\/\/spkluczewsko.pl\/wp-content\/uploads\/2026\/05\/10260507_153227.jpg\" class=\"attachment-large size-large wp-image-11855\" alt=\"10260507 153227\" srcset=\"https:\/\/spkluczewsko.pl\/wp-content\/uploads\/2026\/05\/10260507_153227.jpg 795w, https:\/\/spkluczewsko.pl\/wp-content\/uploads\/2026\/05\/10260507_153227-298x300.jpg 298w, https:\/\/spkluczewsko.pl\/wp-content\/uploads\/2026\/05\/10260507_153227-150x150.jpg 150w, https:\/\/spkluczewsko.pl\/wp-content\/uploads\/2026\/05\/10260507_153227-768x773.jpg 768w, https:\/\/spkluczewsko.pl\/wp-content\/uploads\/2026\/05\/10260507_153227-90x90.jpg 90w\" sizes=\"(max-width: 795px) 100vw, 795px\" \/><\/div>\n\t\t<\/a>\n\t\t\t\t<div class=\"elementor-post__text\">\n\t\t\t\t<h3 class=\"elementor-post__title\">\n\t\t\t<a href=\"https:\/\/spkluczewsko.pl\/?p=11854\" >\n\t\t\t\tSiatkarki SP Kluczewsko czwart\u0105 dru\u017cyn\u0105 Wojew\u00f3dztwa w Igrzyskach M\u0142odzie\u017cy Szkolnej!!!\t\t\t<\/a>\n\t\t<\/h3>\n\t\t\t\t<div class=\"elementor-post__meta-data\">\n\t\t\t\t\t<span class=\"elementor-post-date\">\n\t\t\t7 maja 2026\t\t<\/span>\n\t\t\t\t<\/div>\n\t\t\t\t<div class=\"elementor-post__excerpt\">\n\t\t\t<p>7 maja we W\u0142oszczowie odby\u0142 si\u0119 Fina\u0142 Wojew\u00f3dzki Szk\u00f3\u0142 Podstawowych w Siatk\u00f3wce Dziewcz\u0105t \u2013 Igrzyska M\u0142odzie\u017cy Szkolnej (Rocznik 2011-2012). Zagra\u0142o w nim 8 najlepszych reprezentacji z ca\u0142ego Wojew\u00f3dztwa \u015awi\u0119tokrzyskiego, a w\u015br\u00f3d nich Dru\u017cyna Szko\u0142y Podstawowej im. \u015aw. Jana Paw\u0142a II w Kluczewsku. W wyniku losowania Kluczewianki trafi\u0142y do bardzo mocnej<\/p>\n\t\t<\/div>\n\t\t\t\t<\/div>\n\t\t\t\t<\/article>\n\t\t\t\t<article class=\"elementor-post elementor-grid-item post-11851 post type-post status-publish format-standard has-post-thumbnail hentry category-bez-kategorii\">\n\t\t\t\t<a class=\"elementor-post__thumbnail__link\" href=\"https:\/\/spkluczewsko.pl\/?p=11851\" >\n\t\t\t<div class=\"elementor-post__thumbnail\"><img loading=\"lazy\" decoding=\"async\" width=\"739\" height=\"1024\" src=\"https:\/\/spkluczewsko.pl\/wp-content\/uploads\/2026\/05\/6fd97e68d-eefe-48e9-9a23-65764f544d5d-739x1024.jpg\" class=\"attachment-large size-large wp-image-11852\" alt=\"6fd97e68d eefe 48e9 9a23 65764f544d5d\" srcset=\"https:\/\/spkluczewsko.pl\/wp-content\/uploads\/2026\/05\/6fd97e68d-eefe-48e9-9a23-65764f544d5d-739x1024.jpg 739w, https:\/\/spkluczewsko.pl\/wp-content\/uploads\/2026\/05\/6fd97e68d-eefe-48e9-9a23-65764f544d5d-217x300.jpg 217w, https:\/\/spkluczewsko.pl\/wp-content\/uploads\/2026\/05\/6fd97e68d-eefe-48e9-9a23-65764f544d5d-768x1064.jpg 768w, https:\/\/spkluczewsko.pl\/wp-content\/uploads\/2026\/05\/6fd97e68d-eefe-48e9-9a23-65764f544d5d.jpg 796w\" sizes=\"(max-width: 739px) 100vw, 739px\" \/><\/div>\n\t\t<\/a>\n\t\t\t\t<div class=\"elementor-post__text\">\n\t\t\t\t<h3 class=\"elementor-post__title\">\n\t\t\t<a href=\"https:\/\/spkluczewsko.pl\/?p=11851\" >\n\t\t\t\tSukces naszej Uczennicy&#8230;\t\t\t<\/a>\n\t\t<\/h3>\n\t\t\t\t<div class=\"elementor-post__meta-data\">\n\t\t\t\t\t<span class=\"elementor-post-date\">\n\t\t\t5 maja 2026\t\t<\/span>\n\t\t\t\t<\/div>\n\t\t\t\t<div class=\"elementor-post__excerpt\">\n\t\t\t<p>Z rado\u015bci\u0105 informujemy, \u017ce nasza uczennica D\u017cesika Zeler wzi\u0119\u0142a udzia\u0142 w etapie powiatowym II Wojew\u00f3dzkiego Konkursu Historyczno-Czytelniczego \u201eProtesty robotnicze w Polsce w okresie PRL\u201d, organizowanego przez Wojew\u00f3dzk\u0105 Bibliotek\u0119 Pedagogiczn\u0105 w Kielcach. &nbsp; D\u017cesika wykaza\u0142a si\u0119 du\u017c\u0105 wiedz\u0105 z zakresu historii Polski oraz umiej\u0119tno\u015bci\u0105 analizy tekst\u00f3w \u017ar\u00f3d\u0142owych, co pozwoli\u0142o jej osi\u0105gn\u0105\u0107<\/p>\n\t\t<\/div>\n\t\t\t\t<\/div>\n\t\t\t\t<\/article>\n\t\t\t\t<article class=\"elementor-post elementor-grid-item post-11843 post type-post status-publish format-standard has-post-thumbnail hentry category-bez-kategorii\">\n\t\t\t\t<a class=\"elementor-post__thumbnail__link\" href=\"https:\/\/spkluczewsko.pl\/?p=11843\" >\n\t\t\t<div class=\"elementor-post__thumbnail\"><img loading=\"lazy\" decoding=\"async\" width=\"1024\" height=\"674\" src=\"https:\/\/spkluczewsko.pl\/wp-content\/uploads\/2026\/04\/ASC_0013-1024x674.jpg\" class=\"attachment-large size-large wp-image-11844\" alt=\"ASC 0013\" srcset=\"https:\/\/spkluczewsko.pl\/wp-content\/uploads\/2026\/04\/ASC_0013-1024x674.jpg 1024w, https:\/\/spkluczewsko.pl\/wp-content\/uploads\/2026\/04\/ASC_0013-300x197.jpg 300w, https:\/\/spkluczewsko.pl\/wp-content\/uploads\/2026\/04\/ASC_0013-768x505.jpg 768w, https:\/\/spkluczewsko.pl\/wp-content\/uploads\/2026\/04\/ASC_0013.jpg 1216w\" sizes=\"(max-width: 1024px) 100vw, 1024px\" \/><\/div>\n\t\t<\/a>\n\t\t\t\t<div class=\"elementor-post__text\">\n\t\t\t\t<h3 class=\"elementor-post__title\">\n\t\t\t<a href=\"https:\/\/spkluczewsko.pl\/?p=11843\" >\n\t\t\t\t\u201eWitaj Majowa Jutrzenko\u2026\u201d \u2013 uroczysta akademia z okazji 235. rocznicy uchwalenia Konstytucji 3 Maja\t\t\t<\/a>\n\t\t<\/h3>\n\t\t\t\t<div class=\"elementor-post__meta-data\">\n\t\t\t\t\t<span class=\"elementor-post-date\">\n\t\t\t29 kwietnia 2026\t\t<\/span>\n\t\t\t\t<\/div>\n\t\t\t\t<div class=\"elementor-post__excerpt\">\n\t\t\t<p>29 kwietnia w Zespole Przedszkolno-Szkolnym w Kluczewsku odby\u0142a si\u0119 uroczysta akademia upami\u0119tniaj\u0105ca 235. rocznic\u0119 uchwalenia Konstytucji 3 Maja \u2013 jednego z najwa\u017cniejszych wydarze\u0144 w historii Polski. \u015awi\u0119towanie rozpocz\u0119li\u015bmy od przypomnienia znaczenia \u015bwi\u0105t przypadaj\u0105cych na pocz\u0105tek maja \u2013 \u015awi\u0119ta Pracy, Dnia Flagi Rzeczypospolitej Polskiej oraz \u015awi\u0119ta Konstytucji 3 Maja. Nast\u0119pnie ca\u0142a<\/p>\n\t\t<\/div>\n\t\t\t\t<\/div>\n\t\t\t\t<\/article>\n\t\t\t\t<article class=\"elementor-post elementor-grid-item post-11840 post type-post status-publish format-standard has-post-thumbnail hentry category-bez-kategorii\">\n\t\t\t\t<a class=\"elementor-post__thumbnail__link\" href=\"https:\/\/spkluczewsko.pl\/?p=11840\" >\n\t\t\t<div class=\"elementor-post__thumbnail\"><img loading=\"lazy\" decoding=\"async\" width=\"1024\" height=\"683\" src=\"https:\/\/spkluczewsko.pl\/wp-content\/uploads\/2026\/04\/16-1024x683.jpg\" class=\"attachment-large size-large wp-image-11841\" alt=\"16\" srcset=\"https:\/\/spkluczewsko.pl\/wp-content\/uploads\/2026\/04\/16-1024x683.jpg 1024w, https:\/\/spkluczewsko.pl\/wp-content\/uploads\/2026\/04\/16-300x200.jpg 300w, https:\/\/spkluczewsko.pl\/wp-content\/uploads\/2026\/04\/16-768x512.jpg 768w, https:\/\/spkluczewsko.pl\/wp-content\/uploads\/2026\/04\/16-1536x1024.jpg 1536w, https:\/\/spkluczewsko.pl\/wp-content\/uploads\/2026\/04\/16.jpg 2048w\" sizes=\"(max-width: 1024px) 100vw, 1024px\" \/><\/div>\n\t\t<\/a>\n\t\t\t\t<div class=\"elementor-post__text\">\n\t\t\t\t<h3 class=\"elementor-post__title\">\n\t\t\t<a href=\"https:\/\/spkluczewsko.pl\/?p=11840\" >\n\t\t\t\tWielki sukces naszej szko\u0142y i powiatu\t\t\t<\/a>\n\t\t<\/h3>\n\t\t\t\t<div class=\"elementor-post__meta-data\">\n\t\t\t\t\t<span class=\"elementor-post-date\">\n\t\t\t29 kwietnia 2026\t\t<\/span>\n\t\t\t\t<\/div>\n\t\t\t\t<div class=\"elementor-post__excerpt\">\n\t\t\t<p>Gala laureat\u00f3w wojew\u00f3dzkich konkurs\u00f3w przedmiotowych to wyj\u0105tkowe \u015bwi\u0119to wiedzy, pasji i ci\u0119\u017ckiej pracy. 28 kwietnia 2026 roku kielecka Sala Konferencyjna Omega w Targi Kielce wype\u0142ni\u0142a si\u0119 najzdolniejszymi uczniami regionu \u015bwi\u0119tokrzyskiego, ich dumnymi rodzicami oraz nauczycielami. Tegoroczna edycja konkurs\u00f3w organizowanych przez Kuratorium O\u015bwiaty pokaza\u0142a ogromn\u0105 skal\u0119 talentu w naszym wojew\u00f3dztwie: Do<\/p>\n\t\t<\/div>\n\t\t\t\t<\/div>\n\t\t\t\t<\/article>\n\t\t\t\t<\/div>\n\n\n\t\t\n\t\t\t\t<div class=\"e-load-more-anchor\" data-page=\"1\" data-max-page=\"155\" data-next-page=\"https:\/\/spkluczewsko.pl\/index.php?rest_route=%2Fwp%2Fv2%2Fpages%2F158&#038;paged=2\"><\/div>\n\t\t\t\t<nav class=\"elementor-pagination\" role=\"navigation\" aria-label=\"Pagination\">\n\t\t\t<span aria-current=\"page\" class=\"page-numbers current\"><span class=\"elementor-screen-only\">Page<\/span>1<\/span>\n<a class=\"page-numbers\" href=\"https:\/\/spkluczewsko.pl\/index.php\/?paged=2&#038;rest_route=%2Fwp%2Fv2%2Fpages%2F158\"><span class=\"elementor-screen-only\">Page<\/span>2<\/a>\n<a class=\"page-numbers\" href=\"https:\/\/spkluczewsko.pl\/index.php\/?paged=3&#038;rest_route=%2Fwp%2Fv2%2Fpages%2F158\"><span class=\"elementor-screen-only\">Page<\/span>3<\/a>\n<span class=\"page-numbers dots\">&hellip;<\/span>\n<a class=\"page-numbers\" href=\"https:\/\/spkluczewsko.pl\/index.php\/?paged=50&#038;rest_route=%2Fwp%2Fv2%2Fpages%2F158\"><span class=\"elementor-screen-only\">Page<\/span>50<\/a>\t\t<\/nav>\n\t\t\t\t<\/div>\n\t\t\t\t<\/div>\n\t\t\t\t\t<\/div>\n\t\t<\/div>\n\t\t\t\t\t<\/div>\n\t\t<\/section>\n\t\t\t\t<section class=\"elementor-section elementor-top-section elementor-element elementor-element-2f3475b elementor-section-boxed elementor-section-height-default elementor-section-height-default\" data-id=\"2f3475b\" data-element_type=\"section\">\n\t\t\t\t\t\t<div class=\"elementor-container elementor-column-gap-default\">\n\t\t\t\t\t<div class=\"elementor-column elementor-col-100 elementor-top-column elementor-element elementor-element-4fd203d\" data-id=\"4fd203d\" data-element_type=\"column\">\n\t\t\t<div class=\"elementor-widget-wrap elementor-element-populated\">\n\t\t\t\t\t\t<div class=\"elementor-element elementor-element-406f49f elementor-align-center elementor-widget elementor-widget-button\" data-id=\"406f49f\" data-element_type=\"widget\" data-widget_type=\"button.default\">\n\t\t\t\t<div class=\"elementor-widget-container\">\n\t\t\t\t\t\t\t<div class=\"elementor-button-wrapper\">\n\t\t\t\t\t<a class=\"elementor-button elementor-button-link elementor-size-sm\" href=\"http:\/\/spkluczewsko.na16.pl\">\n\t\t\t\t\t\t<span class=\"elementor-button-content-wrapper\">\n\t\t\t\t\t\t\t\t\t<span class=\"elementor-button-text\">Strona archiwalna<\/span>\n\t\t\t\t\t<\/span>\n\t\t\t\t\t<\/a>\n\t\t\t\t<\/div>\n\t\t\t\t\t\t<\/div>\n\t\t\t\t<\/div>\n\t\t\t\t\t<\/div>\n\t\t<\/div>\n\t\t\t\t\t<\/div>\n\t\t<\/section>\n\t\t\t\t<\/div>\n\t\t","protected":false},"excerpt":{"rendered":"<p>Aktualno\u015bci Strona archiwalna<\/p>\n","protected":false},"author":2,"featured_media":0,"parent":0,"menu_order":0,"comment_status":"closed","ping_status":"closed","template":"elementor_header_footer","meta":{"ngg_post_thumbnail":0,"footnotes":""},"class_list":["post-158","page","type-page","status-publish","hentry"],"_links":{"self":[{"href":"https:\/\/spkluczewsko.pl\/index.php?rest_route=\/wp\/v2\/pages\/158","targetHints":{"allow":["GET"]}}],"collection":[{"href":"https:\/\/spkluczewsko.pl\/index.php?rest_route=\/wp\/v2\/pages"}],"about":[{"href":"https:\/\/spkluczewsko.pl\/index.php?rest_route=\/wp\/v2\/types\/page"}],"author":[{"embeddable":true,"href":"https:\/\/spkluczewsko.pl\/index.php?rest_route=\/wp\/v2\/users\/2"}],"replies":[{"embeddable":true,"href":"https:\/\/spkluczewsko.pl\/index.php?rest_route=%2Fwp%2Fv2%2Fcomments&post=158"}],"version-history":[{"count":80,"href":"https:\/\/spkluczewsko.pl\/index.php?rest_route=\/wp\/v2\/pages\/158\/revisions"}],"predecessor-version":[{"id":6057,"href":"https:\/\/spkluczewsko.pl\/index.php?rest_route=\/wp\/v2\/pages\/158\/revisions\/6057"}],"wp:attachment":[{"href":"https:\/\/spkluczewsko.pl\/index.php?rest_route=%2Fwp%2Fv2%2Fmedia&parent=158"}],"curies":[{"name":"wp","href":"https:\/\/api.w.org\/{rel}","templated":true}]}}