{"id":2067,"date":"2021-09-15T08:37:45","date_gmt":"2021-09-15T06:37:45","guid":{"rendered":"http:\/\/spkluczewsko.pl\/?page_id=2067"},"modified":"2026-04-08T13:07:17","modified_gmt":"2026-04-08T11:07:17","slug":"dokumenty-szkolne","status":"publish","type":"page","link":"https:\/\/spkluczewsko.pl\/?page_id=2067","title":{"rendered":"Dokumenty szkolne"},"content":{"rendered":"<ul>\n<li><a href=\"https:\/\/spkluczewsko.pl\/wp-content\/uploads\/2026\/03\/Statut-ZPS-Kluczewsko.doc\">Statut Zespo\u0142u Przedszkolno &#8211; Szkolnego w Kluczewsku &#8211; TUTAJ:<\/a><\/li>\n<li><a href=\"https:\/\/spkluczewsko.pl\/wp-content\/uploads\/2021\/10\/Program-wychowawczo-profilaktyczny.doc\">Program wychowawczo &#8211; profilaktyczny &#8211; TUTAJ:<\/a><\/li>\n<li><a href=\"https:\/\/spkluczewsko.pl\/wp-content\/uploads\/2024\/09\/Standardy-Ochrony-Maloletnich-w-ZPS-Kluczewsko.pdf\">Standardy Ochrony Ma\u0142oletnich w ZPS Kluczewsko &#8211; TUTAJ:<\/a><\/li>\n<li><a href=\"https:\/\/spkluczewsko.pl\/wp-content\/uploads\/2024\/10\/Plan-Dzialan-2024-25-Szkola-Promujaca-Zdrowie.odt\">Plan Dzia\u0142a\u0144 2024\/2025 &#8211; Szko\u0142a Promuj\u0105ca Zdrowie &#8211; TUTAJ:<\/a><\/li>\n<li><a href=\"https:\/\/spkluczewsko.pl\/wp-content\/uploads\/2026\/02\/Wniosek-o-przyjecie-do-Przedszkola-2026-2027.doc\">Wniosek o Przyj\u0119cie do Przedszkola &#8211; TUTAJ:<\/a><\/li>\n<li><a href=\"https:\/\/spkluczewsko.pl\/wp-content\/uploads\/2024\/02\/Deklaracja-kontynuacji.doc\">Deklaracja o kontynuowaniu wychowania przedszkolnego &#8211; TUTAJ:<\/a><\/li>\n<li><a href=\"https:\/\/spkluczewsko.pl\/wp-content\/uploads\/2023\/02\/Regulamin-rekrutacji-do-Przedszkola-ZPS-Kluczewsko.doc\">Regulamin rekrutacji dzieci do Przedszkola w ZPS Kluczewsko &#8211; TUTAJ:<\/a><\/li>\n<li><a href=\"https:\/\/spkluczewsko.pl\/wp-content\/uploads\/2024\/02\/Kalendarz-Rekrutacji-do-Przedszkola-2024-25.doc\">Kalendarz rekrutacji do Przedszkola 2024\/2025 &#8211; TUTAJ:<\/a><\/li>\n<li><a href=\"https:\/\/spkluczewsko.pl\/wp-content\/uploads\/2022\/06\/Wniosek-o-przyjecie-dziecka-na-dyzur-wakacyjny.doc\">Wniosek o Przyj\u0119cie Dziecka na dy\u017cur wakacyjny &#8211; TUTAJ:<\/a><\/li>\n<li><a href=\"https:\/\/spkluczewsko.pl\/wp-content\/uploads\/2026\/04\/Konkyrs-recytatorski-2026.odt\">Konkurs Recytatorski 2026 (Regulamin i Karta Zg\u0142oszeniowa) &#8211; TUTAJ:<\/a><\/li>\n<\/ul>\n","protected":false},"excerpt":{"rendered":"<p>Statut Zespo\u0142u Przedszkolno &#8211; Szkolnego w Kluczewsku &#8211; TUTAJ: Program wychowawczo &#8211; profilaktyczny &#8211; TUTAJ: Standardy Ochrony Ma\u0142oletnich w ZPS Kluczewsko &#8211; TUTAJ: Plan Dzia\u0142a\u0144 2024\/2025 &#8211; Szko\u0142a Promuj\u0105ca Zdrowie &#8211; TUTAJ: Wniosek o Przyj\u0119cie do Przedszkola &#8211; TUTAJ: Deklaracja o kontynuowaniu wychowania przedszkolnego &#8211; TUTAJ: Regulamin rekrutacji dzieci do [&hellip;]<\/p>\n","protected":false},"author":2,"featured_media":0,"parent":0,"menu_order":0,"comment_status":"closed","ping_status":"closed","template":"","meta":{"ngg_post_thumbnail":0,"footnotes":""},"class_list":["post-2067","page","type-page","status-publish","hentry"],"_links":{"self":[{"href":"https:\/\/spkluczewsko.pl\/index.php?rest_route=\/wp\/v2\/pages\/2067","targetHints":{"allow":["GET"]}}],"collection":[{"href":"https:\/\/spkluczewsko.pl\/index.php?rest_route=\/wp\/v2\/pages"}],"about":[{"href":"https:\/\/spkluczewsko.pl\/index.php?rest_route=\/wp\/v2\/types\/page"}],"author":[{"embeddable":true,"href":"https:\/\/spkluczewsko.pl\/index.php?rest_route=\/wp\/v2\/users\/2"}],"replies":[{"embeddable":true,"href":"https:\/\/spkluczewsko.pl\/index.php?rest_route=%2Fwp%2Fv2%2Fcomments&post=2067"}],"version-history":[{"count":28,"href":"https:\/\/spkluczewsko.pl\/index.php?rest_route=\/wp\/v2\/pages\/2067\/revisions"}],"predecessor-version":[{"id":11775,"href":"https:\/\/spkluczewsko.pl\/index.php?rest_route=\/wp\/v2\/pages\/2067\/revisions\/11775"}],"wp:attachment":[{"href":"https:\/\/spkluczewsko.pl\/index.php?rest_route=%2Fwp%2Fv2%2Fmedia&parent=2067"}],"curies":[{"name":"wp","href":"https:\/\/api.w.org\/{rel}","templated":true}]}}