{"id":2073,"date":"2021-09-15T08:38:33","date_gmt":"2021-09-15T06:38:33","guid":{"rendered":"http:\/\/spkluczewsko.pl\/?page_id=2073"},"modified":"2022-06-09T13:42:21","modified_gmt":"2022-06-09T11:42:21","slug":"programy-i-projekty","status":"publish","type":"page","link":"https:\/\/spkluczewsko.pl\/?page_id=2073","title":{"rendered":"Programy i projekty"},"content":{"rendered":"<p style=\"text-align: justify;\">Zako\u0144czenie projektu ,,Profilaktyczne badanie s\u0142uchu i mowy w\u015br\u00f3d dzieci z klas pierwszych SP w wojew\u00f3dztwie \u015bwi\u0119tokrzyskim.\u201d<br \/>\nW roku szkolnym 2021\/2022 uczniowie klasy II uczestniczyli w bezp\u0142atnym projekcie unijnym ,,Profilaktyczne badanie s\u0142uchu i mowy w\u015br\u00f3d dzieci z klas pierwszych SP w wojew\u00f3dztwie \u015bwi\u0119tokrzyskim.\u201d Na podstawie przeprowadzonego badania s\u0142uchu, do zaj\u0119\u0107 zakwalifikowano sze\u015bcioro uczni\u00f3w. Zaj\u0119cia mia\u0142y form\u0119 indywidualn\u0105 i by\u0142y realizowane na terenie naszej szko\u0142y w ramach zaj\u0119\u0107 pozalekcyjnych do lutego do ko\u0144ca maja 2022 roku.<br \/>\nBadania s\u0142uchu pog\u0142\u0119biono o ca\u0142o\u015bciowe badanie logopedyczne, kt\u00f3re obejmowa\u0142o: wywiad, sprawno\u015b\u0107 narz\u0105d\u00f3w artykulacyjnych, stan aparatu mowy, umiej\u0119tno\u015b\u0107 czytania i pisania, s\u0142uch fonematyczny oraz realizacj\u0119 poszczeg\u00f3lnych g\u0142osek.<br \/>\nW trakcie zaj\u0119\u0107 prowadzone by\u0142y \u0107wiczenia aparatu mowy, artykulacyjne i oddechowe, wywo\u0142ywano brakuj\u0105ce g\u0142oski i utrwalano je w wyrazach, zdaniach oraz mowie spontanicznej. Zaj\u0119cia mia\u0142y na celu korygowanie zdiagnozowanych wad wymowy, doskonalenie wymowy ju\u017c ukszta\u0142towanej, poszerzanie zasobu s\u0142ownictwa, usprawnianie percepcji s\u0142uchowej oraz przezwyci\u0119\u017cania trudno\u015bci w czytaniu i pisaniu, szczeg\u00f3lnie tych, kt\u00f3re zwi\u0105zane by\u0142y z prezentowan\u0105 wad\u0105 wymowy. W trakcie wszystkich przeprowadzonych zaj\u0119\u0107 prowadzono systematyczn\u0105 obserwacj\u0119 post\u0119p\u00f3w uczni\u00f3w.<\/p>\n<p style=\"text-align: right;\">Ewelina Dumin<\/p>\n","protected":false},"excerpt":{"rendered":"<p>Zako\u0144czenie projektu ,,Profilaktyczne badanie s\u0142uchu i mowy w\u015br\u00f3d dzieci z klas pierwszych SP w wojew\u00f3dztwie \u015bwi\u0119tokrzyskim.\u201d W roku szkolnym 2021\/2022 uczniowie klasy II uczestniczyli w bezp\u0142atnym projekcie unijnym ,,Profilaktyczne badanie s\u0142uchu i mowy w\u015br\u00f3d dzieci z klas pierwszych SP w wojew\u00f3dztwie \u015bwi\u0119tokrzyskim.\u201d Na podstawie przeprowadzonego badania s\u0142uchu, do zaj\u0119\u0107 zakwalifikowano [&hellip;]<\/p>\n","protected":false},"author":2,"featured_media":0,"parent":0,"menu_order":0,"comment_status":"closed","ping_status":"closed","template":"","meta":{"ngg_post_thumbnail":0,"footnotes":""},"class_list":["post-2073","page","type-page","status-publish","hentry"],"_links":{"self":[{"href":"https:\/\/spkluczewsko.pl\/index.php?rest_route=\/wp\/v2\/pages\/2073","targetHints":{"allow":["GET"]}}],"collection":[{"href":"https:\/\/spkluczewsko.pl\/index.php?rest_route=\/wp\/v2\/pages"}],"about":[{"href":"https:\/\/spkluczewsko.pl\/index.php?rest_route=\/wp\/v2\/types\/page"}],"author":[{"embeddable":true,"href":"https:\/\/spkluczewsko.pl\/index.php?rest_route=\/wp\/v2\/users\/2"}],"replies":[{"embeddable":true,"href":"https:\/\/spkluczewsko.pl\/index.php?rest_route=%2Fwp%2Fv2%2Fcomments&post=2073"}],"version-history":[{"count":3,"href":"https:\/\/spkluczewsko.pl\/index.php?rest_route=\/wp\/v2\/pages\/2073\/revisions"}],"predecessor-version":[{"id":5511,"href":"https:\/\/spkluczewsko.pl\/index.php?rest_route=\/wp\/v2\/pages\/2073\/revisions\/5511"}],"wp:attachment":[{"href":"https:\/\/spkluczewsko.pl\/index.php?rest_route=%2Fwp%2Fv2%2Fmedia&parent=2073"}],"curies":[{"name":"wp","href":"https:\/\/api.w.org\/{rel}","templated":true}]}}