{"id":2081,"date":"2021-09-15T08:39:42","date_gmt":"2021-09-15T06:39:42","guid":{"rendered":"http:\/\/spkluczewsko.pl\/?page_id=2081"},"modified":"2022-04-11T10:27:52","modified_gmt":"2022-04-11T08:27:52","slug":"inicjatywy","status":"publish","type":"page","link":"https:\/\/spkluczewsko.pl\/?page_id=2081","title":{"rendered":"Inicjatywy"},"content":{"rendered":"<p><a href=\"https:\/\/spkluczewsko.pl\/wp-content\/uploads\/2022\/04\/Basn-o-zlym-ogrze-autor-Zosia-Zawisza.pdf\">Ba\u015b\u0144 o z\u0142ym ogrze &#8211; autor Zosia Zawisza &#8211; Kliknij w link<\/a><\/p>\n<p style=\"text-align: justify;\">Zosia Zawisza &#8211; uczennica naszej Szko\u0142y zosta\u0142a nagrodzona przez Dyrektora Publicznej Szko\u0142y Podstawowej nr 2 im. Hansa Christiana Andersena w Radomiu za \u201eBa\u015b\u0144 o z\u0142ym ogrze\u201d w XV Og\u00f3lnopolskim Konkursie Literackim \u201eI ty mo\u017cesz zosta\u0107 ba\u015bniopisarzem\u201d organizowanym pod honorowym patronatem&nbsp; Ministra Edukacji Narodowej, Ministerstwa Kultury i Dziedzictwa Narodowego, Marsza\u0142ka Wojew\u00f3dztwa Mazowieckiego oraz Mazowieckiego Kuratora O\u015bwiaty.<\/p>\n","protected":false},"excerpt":{"rendered":"<p>Ba\u015b\u0144 o z\u0142ym ogrze &#8211; autor Zosia Zawisza &#8211; Kliknij w link Zosia Zawisza &#8211; uczennica naszej Szko\u0142y zosta\u0142a nagrodzona przez Dyrektora Publicznej Szko\u0142y Podstawowej nr 2 im. Hansa Christiana Andersena w Radomiu za \u201eBa\u015b\u0144 o z\u0142ym ogrze\u201d w XV Og\u00f3lnopolskim Konkursie Literackim \u201eI ty mo\u017cesz zosta\u0107 ba\u015bniopisarzem\u201d organizowanym pod [&hellip;]<\/p>\n","protected":false},"author":2,"featured_media":0,"parent":0,"menu_order":0,"comment_status":"closed","ping_status":"closed","template":"","meta":{"ngg_post_thumbnail":0,"footnotes":""},"class_list":["post-2081","page","type-page","status-publish","hentry"],"_links":{"self":[{"href":"https:\/\/spkluczewsko.pl\/index.php?rest_route=\/wp\/v2\/pages\/2081","targetHints":{"allow":["GET"]}}],"collection":[{"href":"https:\/\/spkluczewsko.pl\/index.php?rest_route=\/wp\/v2\/pages"}],"about":[{"href":"https:\/\/spkluczewsko.pl\/index.php?rest_route=\/wp\/v2\/types\/page"}],"author":[{"embeddable":true,"href":"https:\/\/spkluczewsko.pl\/index.php?rest_route=\/wp\/v2\/users\/2"}],"replies":[{"embeddable":true,"href":"https:\/\/spkluczewsko.pl\/index.php?rest_route=%2Fwp%2Fv2%2Fcomments&post=2081"}],"version-history":[{"count":16,"href":"https:\/\/spkluczewsko.pl\/index.php?rest_route=\/wp\/v2\/pages\/2081\/revisions"}],"predecessor-version":[{"id":4960,"href":"https:\/\/spkluczewsko.pl\/index.php?rest_route=\/wp\/v2\/pages\/2081\/revisions\/4960"}],"wp:attachment":[{"href":"https:\/\/spkluczewsko.pl\/index.php?rest_route=%2Fwp%2Fv2%2Fmedia&parent=2081"}],"curies":[{"name":"wp","href":"https:\/\/api.w.org\/{rel}","templated":true}]}}