{"id":2089,"date":"2021-09-15T08:42:20","date_gmt":"2021-09-15T06:42:20","guid":{"rendered":"http:\/\/spkluczewsko.pl\/?page_id=2089"},"modified":"2025-09-29T11:57:23","modified_gmt":"2025-09-29T09:57:23","slug":"rada-rodzicow","status":"publish","type":"page","link":"https:\/\/spkluczewsko.pl\/?page_id=2089","title":{"rendered":"Rada Rodzic\u00f3w"},"content":{"rendered":"<p style=\"text-align: center;\"><span style=\"text-decoration: underline;\"><strong><span style=\"font-size: 14pt;\">Zarz\u0105d Rady Rodzic\u00f3w w Zespole Przedszkolno &#8211; Szkolnym w Kluczewsku<\/span><\/strong><\/span><\/p>\n<p style=\"text-align: center;\"><span style=\"text-decoration: underline;\"><strong><span style=\"font-size: 14pt;\">Rok Szkolny 2025\/2026<\/span><\/strong><\/span><\/p>\n<p style=\"text-align: center;\">Przewodnicz\u0105ca &#8211; Ma\u0142gorzata Kowalczyk<\/p>\n<p style=\"text-align: center;\">Zast\u0119pca Przewodnicz\u0105cej &#8211; Paulina Micha\u0142ek<\/p>\n<p style=\"text-align: center;\">Skarbnik &#8211; Agnieszka Kluska<\/p>\n<p style=\"text-align: center;\">Sekretarz &#8211; Izabela Grabiec<\/p>\n","protected":false},"excerpt":{"rendered":"<p>Zarz\u0105d Rady Rodzic\u00f3w w Zespole Przedszkolno &#8211; Szkolnym w Kluczewsku Rok Szkolny 2025\/2026 Przewodnicz\u0105ca &#8211; Ma\u0142gorzata Kowalczyk Zast\u0119pca Przewodnicz\u0105cej &#8211; Paulina Micha\u0142ek Skarbnik &#8211; Agnieszka Kluska Sekretarz &#8211; Izabela Grabiec<\/p>\n","protected":false},"author":2,"featured_media":0,"parent":0,"menu_order":0,"comment_status":"closed","ping_status":"closed","template":"","meta":{"ngg_post_thumbnail":0,"footnotes":""},"class_list":["post-2089","page","type-page","status-publish","hentry"],"_links":{"self":[{"href":"https:\/\/spkluczewsko.pl\/index.php?rest_route=\/wp\/v2\/pages\/2089","targetHints":{"allow":["GET"]}}],"collection":[{"href":"https:\/\/spkluczewsko.pl\/index.php?rest_route=\/wp\/v2\/pages"}],"about":[{"href":"https:\/\/spkluczewsko.pl\/index.php?rest_route=\/wp\/v2\/types\/page"}],"author":[{"embeddable":true,"href":"https:\/\/spkluczewsko.pl\/index.php?rest_route=\/wp\/v2\/users\/2"}],"replies":[{"embeddable":true,"href":"https:\/\/spkluczewsko.pl\/index.php?rest_route=%2Fwp%2Fv2%2Fcomments&post=2089"}],"version-history":[{"count":7,"href":"https:\/\/spkluczewsko.pl\/index.php?rest_route=\/wp\/v2\/pages\/2089\/revisions"}],"predecessor-version":[{"id":11158,"href":"https:\/\/spkluczewsko.pl\/index.php?rest_route=\/wp\/v2\/pages\/2089\/revisions\/11158"}],"wp:attachment":[{"href":"https:\/\/spkluczewsko.pl\/index.php?rest_route=%2Fwp%2Fv2%2Fmedia&parent=2089"}],"curies":[{"name":"wp","href":"https:\/\/api.w.org\/{rel}","templated":true}]}}