{"id":2101,"date":"2021-09-15T08:43:58","date_gmt":"2021-09-15T06:43:58","guid":{"rendered":"http:\/\/spkluczewsko.pl\/?page_id=2101"},"modified":"2026-05-08T17:10:29","modified_gmt":"2026-05-08T15:10:29","slug":"dozywianie","status":"publish","type":"page","link":"https:\/\/spkluczewsko.pl\/?page_id=2101","title":{"rendered":"Do\u017cywianie"},"content":{"rendered":"<p style=\"text-align: center;\"><strong>JAD\u0141OSPI<\/strong><\/p>\n<p style=\"text-align: center;\"><strong>od dnia 11.05.2026 r. do dnia 15.05.2026 r.<\/strong><\/p>\n<p style=\"text-align: center;\">Alergeny zosta\u0142y<strong> <em>wyr\u00f3\u017cnione<\/em> <\/strong>w jad\u0142ospisie<\/p>\n<table class=\" aligncenter\" width=\"665\">\n<tbody>\n<tr>\n<td width=\"56\"><strong>Lp.<\/strong><\/td>\n<td width=\"103\"><strong>Data<\/strong><\/td>\n<td width=\"276\"><strong>SZKO\u0141A PODSTAWOWA<\/strong><\/p>\n<p><strong>PRZEDSZKOLE<\/strong><\/td>\n<td width=\"230\"><strong>PRZEDSZKOLE &#8211; grupa popo\u0142udniowa<\/strong><\/td>\n<\/tr>\n<tr>\n<td width=\"56\">168.<\/td>\n<td width=\"103\">11.05.2026 r.<\/p>\n<p>poniedzia\u0142ek<\/td>\n<td width=\"276\">Zupa pomidorowa z makaronem na wywarze mi\u0119sno-warzywnym, zabielana \u015bmietan\u0105 (<strong><em>seler, gorczyca, orzechy, mleko, gluten z pszenicy, jaja<\/em><\/strong>)<\/p>\n<p>Mandarynka<\/td>\n<td width=\"230\">Racuchy dro\u017cd\u017cowe z jab\u0142kiem&nbsp; i \u017curawin\u0105 (<strong><em>mleko, gluten z pszenicy,jaja<\/em><\/strong>),&nbsp; mleko<\/td>\n<\/tr>\n<tr>\n<td width=\"56\">169.<\/td>\n<td width=\"103\">12.05.2026 r.<\/p>\n<p>wtorek<\/td>\n<td width=\"276\">Zupa kalafiorowa na wywarze mi\u0119sno-warzywnym, zabielana \u015bmietan\u0105(<strong><em>seler, gorczyca, orzechy, mleko, gluten z pszenicy<\/em><\/strong>), chleb mieszany (<strong><em>gluten z pszenicy&nbsp; i \u017cyta, sezam<\/em><\/strong>)<\/p>\n<p>&nbsp;<\/td>\n<td width=\"230\">Ziemniaki z wody, sos z wieprzowiny (<strong><em>seler, gorczyca, orzechy, mleko, gluten z pszenicy<\/em><\/strong>), sur\u00f3wka z kapusty peki\u0144skiej, woda z pomara\u0144cz\u0105<\/td>\n<\/tr>\n<tr>\n<td width=\"56\">170.<\/td>\n<td width=\"103\">13.05.2026 r.<\/p>\n<p>\u015broda<\/td>\n<td width=\"276\">Ry\u017c z sosem mi\u0119sno-warzywnym z pomidorami i \u017c\u00f3\u0142tym serem (<strong><em>seler, gorczyca, orzechy, mleko, gluten z pszenicy<\/em><\/strong>)<\/td>\n<td width=\"230\">Zupa kr\u00f3lewska z pieczarkami na wywarze mi\u0119sno-warzywnym, zabielana \u015bmietan\u0105(<strong><em>seler, gorczyca, orzechy, mleko, gluten z pszenicy, jaja<\/em><\/strong>), chleb mieszany (<strong><em>gluten z pszenicy&nbsp; i \u017cyta, sezam<\/em><\/strong>)<\/td>\n<\/tr>\n<tr>\n<td width=\"56\">171.<\/td>\n<td width=\"103\">14.05.2026 r.<\/p>\n<p>czwartek<\/td>\n<td width=\"276\">Zalewajka z kie\u0142bas\u0105 zabielana \u015bmietan\u0105 (<strong><em>seler, gorczyca, orzechy, mleko, gluten z pszenicy<\/em><\/strong>), chleb mieszany (<strong><em>gluten z pszenicy&nbsp; i \u017cyta, sezam<\/em><\/strong>)<\/p>\n<p>Banan<\/td>\n<td width=\"230\">Kasza j\u0119czmienna,&nbsp; <strong><em>(gluten z j\u0119czmienia)<\/em><\/strong>, duszony schab <strong><em>&nbsp;(seler, gorczyca, orzechy, mleko, gluten z pszenicy<\/em><\/strong>), mizeria (<strong><em>mleko<\/em><\/strong>)<\/td>\n<\/tr>\n<tr>\n<td width=\"56\">172.<\/td>\n<td width=\"103\">15.05.2026 r.<\/p>\n<p>pi\u0105tek<\/td>\n<td width=\"276\">Ziemniaki z wody, filet z miruny panierowany <strong><em>(ryba, jaja, gluten z pszenicy), <\/em><\/strong>sur\u00f3wka z sa\u0142aty lodowej, sok 100%<\/td>\n<td width=\"230\">Zupa szczawiowa z ziemniakami i jajkiem na wywarze mi\u0119sno-warzywnym, zabielana \u015bmietan\u0105 (<strong><em>seler, gorczyca, orzechy, mleko, gluten z pszenicy<\/em><\/strong>), chleb mieszany (<strong><em>gluten z pszenicy&nbsp; i \u017cyta, sezam<\/em><\/strong>)<\/td>\n<\/tr>\n<\/tbody>\n<\/table>\n<p style=\"text-align: center;\"><strong>Szczeg\u00f3\u0142owy wykaz sk\u0142adnik\u00f3w&nbsp; znajduje si\u0119 u intendenta<\/strong><\/p>\n","protected":false},"excerpt":{"rendered":"<p>JAD\u0141OSPI od dnia 11.05.2026 r. do dnia 15.05.2026 r. Alergeny zosta\u0142y wyr\u00f3\u017cnione w jad\u0142ospisie Lp. Data SZKO\u0141A PODSTAWOWA PRZEDSZKOLE PRZEDSZKOLE &#8211; grupa popo\u0142udniowa 168. 11.05.2026 r. poniedzia\u0142ek Zupa pomidorowa z makaronem na wywarze mi\u0119sno-warzywnym, zabielana \u015bmietan\u0105 (seler, gorczyca, orzechy, mleko, gluten z pszenicy, jaja) Mandarynka Racuchy dro\u017cd\u017cowe z jab\u0142kiem&nbsp; i [&hellip;]<\/p>\n","protected":false},"author":2,"featured_media":0,"parent":0,"menu_order":0,"comment_status":"closed","ping_status":"closed","template":"","meta":{"ngg_post_thumbnail":0,"footnotes":""},"class_list":["post-2101","page","type-page","status-publish","hentry"],"_links":{"self":[{"href":"https:\/\/spkluczewsko.pl\/index.php?rest_route=\/wp\/v2\/pages\/2101","targetHints":{"allow":["GET"]}}],"collection":[{"href":"https:\/\/spkluczewsko.pl\/index.php?rest_route=\/wp\/v2\/pages"}],"about":[{"href":"https:\/\/spkluczewsko.pl\/index.php?rest_route=\/wp\/v2\/types\/page"}],"author":[{"embeddable":true,"href":"https:\/\/spkluczewsko.pl\/index.php?rest_route=\/wp\/v2\/users\/2"}],"replies":[{"embeddable":true,"href":"https:\/\/spkluczewsko.pl\/index.php?rest_route=%2Fwp%2Fv2%2Fcomments&post=2101"}],"version-history":[{"count":73,"href":"https:\/\/spkluczewsko.pl\/index.php?rest_route=\/wp\/v2\/pages\/2101\/revisions"}],"predecessor-version":[{"id":11873,"href":"https:\/\/spkluczewsko.pl\/index.php?rest_route=\/wp\/v2\/pages\/2101\/revisions\/11873"}],"wp:attachment":[{"href":"https:\/\/spkluczewsko.pl\/index.php?rest_route=%2Fwp%2Fv2%2Fmedia&parent=2101"}],"curies":[{"name":"wp","href":"https:\/\/api.w.org\/{rel}","templated":true}]}}