{"id":2107,"date":"2021-09-15T08:44:34","date_gmt":"2021-09-15T06:44:34","guid":{"rendered":"http:\/\/spkluczewsko.pl\/?page_id=2107"},"modified":"2025-09-24T21:09:01","modified_gmt":"2025-09-24T19:09:01","slug":"informacje2","status":"publish","type":"page","link":"https:\/\/spkluczewsko.pl\/?page_id=2107","title":{"rendered":"Innowacje"},"content":{"rendered":"<p style=\"text-align: center;\"><strong>\u201eEko \u2013 przedszkolaki to super dzieciaki\u201d<\/strong><\/p>\n<p style=\"text-align: justify;\">Program innowacji pedagogicznej dotyczy sposob\u00f3w organizacji procesu wychowawczo-dydaktycznego w przedszkolu, kt\u00f3ry przygotuje dzieci do tego, jak \u017cy\u0107 z przyrod\u0105 w zgodzie, a tak\u017ce u\u015bwiadomi, \u017ce jednym z najwa\u017cniejszych problem\u00f3w wsp\u00f3\u0142czesnego \u015bwiata jest ochrona naturalnego \u015brodowiska. Podj\u0119cie r\u00f3\u017cnorodnych dzia\u0142a\u0144 na terenie lokalnym pozwala rozwija\u0107 postawy proekologiczne nie tylko w\u015br\u00f3d dzieci, a tak\u017ce w&nbsp; ich rodzinach i najbli\u017cszym otoczeniu. Zawsze trzeba pami\u0119ta\u0107, \u017ce je\u017celi chcemy co\u015b zmieni\u0107, zmiany trzeba zacz\u0105\u0107 od siebie. Jednym ze skutecznych czynnik\u00f3w rozwijaj\u0105cych postaw\u0119 ekologiczn\u0105 jest u\u015bwiadomienie znaczenia \u015brodowiska naturalnego poprzez bezpo\u015bredni kontakt z przyrod\u0105, kt\u00f3ra jest bogatym \u017ar\u00f3d\u0142em prze\u017cy\u0107, wra\u017ce\u0144 i dozna\u0144. Drugi aspekt, to konkretne dzia\u0142anie ca\u0142ych rodzin na rzecz \u015brodowiska naturalnego oraz kszta\u0142towanie poczucia odpowiedzialno\u015bci za \u017cycie na Ziemi.<\/p>\n<p style=\"text-align: center;\"><strong>INNOWACJA ,,GRUNT TO DOBRE WYCHOWANIE\u201d<\/strong><\/p>\n<p style=\"text-align: justify;\">G\u0142\u00f3wnym celem naszej innowacji jest wspomaganie wszechstronnego rozwoju dzieci, a w szczeg\u00f3lno\u015bci przyswojenie wiadomo\u015bci o warto\u015bciach og\u00f3lnoludzkich, nabywania umiej\u0119tno\u015bci komunikacyjnych w kontaktach z innymi, kszta\u0142towania kulturalnego stylu bycia w r\u00f3\u017cnych sytuacjach. Nabycie dobrego wychowania przez nienaganne formy zachowania, \u017cyczliwo\u015b\u0107 dla ludzi, uprzejmo\u015b\u0107, tolerancj\u0119, opanowanie emocji. Niniejsza innowacja ma na celu promowanie kultury osobistej przedszkolaka przy wsp\u00f3\u0142pracy z rodzicami oraz \u015brodowiskiem przedszkolnym i lokalnym, kszta\u0142towanie nawyku prawid\u0142owego korzystania z urz\u0105dze\u0144 sanitarnych, umiej\u0119tno\u015bci estetycznego spo\u017cywania posi\u0142k\u00f3w po samodzielnym nakryciu i uporz\u0105dkowaniu miejsca jedzenia, stosowanie norm i zasad wsp\u00f3\u0142\u017cycia w grupie spo\u0142ecznej, w tym u\u017cywanie zwrot\u00f3w grzeczno\u015bciowych.<\/p>\n","protected":false},"excerpt":{"rendered":"<p>\u201eEko \u2013 przedszkolaki to super dzieciaki\u201d Program innowacji pedagogicznej dotyczy sposob\u00f3w organizacji procesu wychowawczo-dydaktycznego w przedszkolu, kt\u00f3ry przygotuje dzieci do tego, jak \u017cy\u0107 z przyrod\u0105 w zgodzie, a tak\u017ce u\u015bwiadomi, \u017ce jednym z najwa\u017cniejszych problem\u00f3w wsp\u00f3\u0142czesnego \u015bwiata jest ochrona naturalnego \u015brodowiska. Podj\u0119cie r\u00f3\u017cnorodnych dzia\u0142a\u0144 na terenie lokalnym pozwala rozwija\u0107 postawy [&hellip;]<\/p>\n","protected":false},"author":2,"featured_media":0,"parent":0,"menu_order":0,"comment_status":"closed","ping_status":"closed","template":"","meta":{"ngg_post_thumbnail":0,"footnotes":""},"class_list":["post-2107","page","type-page","status-publish","hentry"],"_links":{"self":[{"href":"https:\/\/spkluczewsko.pl\/index.php?rest_route=\/wp\/v2\/pages\/2107","targetHints":{"allow":["GET"]}}],"collection":[{"href":"https:\/\/spkluczewsko.pl\/index.php?rest_route=\/wp\/v2\/pages"}],"about":[{"href":"https:\/\/spkluczewsko.pl\/index.php?rest_route=\/wp\/v2\/types\/page"}],"author":[{"embeddable":true,"href":"https:\/\/spkluczewsko.pl\/index.php?rest_route=\/wp\/v2\/users\/2"}],"replies":[{"embeddable":true,"href":"https:\/\/spkluczewsko.pl\/index.php?rest_route=%2Fwp%2Fv2%2Fcomments&post=2107"}],"version-history":[{"count":6,"href":"https:\/\/spkluczewsko.pl\/index.php?rest_route=\/wp\/v2\/pages\/2107\/revisions"}],"predecessor-version":[{"id":11143,"href":"https:\/\/spkluczewsko.pl\/index.php?rest_route=\/wp\/v2\/pages\/2107\/revisions\/11143"}],"wp:attachment":[{"href":"https:\/\/spkluczewsko.pl\/index.php?rest_route=%2Fwp%2Fv2%2Fmedia&parent=2107"}],"curies":[{"name":"wp","href":"https:\/\/api.w.org\/{rel}","templated":true}]}}