{"id":2109,"date":"2021-09-15T08:44:49","date_gmt":"2021-09-15T06:44:49","guid":{"rendered":"http:\/\/spkluczewsko.pl\/?page_id=2109"},"modified":"2025-09-24T21:07:35","modified_gmt":"2025-09-24T19:07:35","slug":"programy-i-projekty-2","status":"publish","type":"page","link":"https:\/\/spkluczewsko.pl\/?page_id=2109","title":{"rendered":"Programy i projekty"},"content":{"rendered":"<p style=\"text-align: center;\"><strong>Akademia Bezpiecznego Puchatka<\/strong><\/p>\n<p style=\"text-align: justify;\">Celem programu jest wdro\u017cenie do przestrzegania bezpiecze\u0144stwa na drodze, w domu, w szkole, w Internecie, w relacji z r\u00f3wie\u015bnikami a tak\u017ce wytworzenie u dzieci naturalnych sposob\u00f3w unikania i reagowania na zagro\u017cenia. Dzieci uczestnicz\u0105 w zaj\u0119ciach dotycz\u0105cych bezpiecze\u0144stwa realizowanych w oparciu o materia\u0142y edukacyjne. Program kszta\u0142tuje u dzieci postawy odpowiedniego zachowania si\u0119 w sytuacjach dla nich niecodziennych, trudnych oraz uczy w\u0142a\u015bciwej reakcji na zaistnia\u0142e zagro\u017cenia \u017cycia codziennego.<\/p>\n<p style=\"text-align: center;\"><strong>Przedszkole Bez Owsik\u00f3w<\/strong><\/p>\n<p style=\"text-align: justify;\">Kszta\u0142towanie odpowiednich nawyk\u00f3w w&nbsp;zakresie dbania o&nbsp;czysto\u015b\u0107 r\u0105k w\u015br\u00f3d dzieci. W&nbsp;ramach programu podopieczni przedszkoli bior\u0105 udzia\u0142 w&nbsp;zaj\u0119ciach edukacyjnych, kt\u00f3re w&nbsp;ciekawy i&nbsp;zrozumia\u0142y spos\u00f3b pokazuj\u0105, jak wa\u017cne jest dbanie o&nbsp;czyste r\u0119ce w&nbsp;kontek\u015bcie naszego zdrowia.<\/p>\n<p style=\"text-align: center;\"><strong>PRZEDSZKOLE PROMUJ\u0104CE ZDROWIE<\/strong><\/p>\n<p style=\"text-align: justify;\">W czasie realizacji zada\u0144 wynikaj\u0105cych z programu Przedszkole Promuj\u0105ce Zdrowie systematycznie organizowane by\u0142y zaj\u0119cia edukacyjne, pogadanki na temat zasad zdrowego stylu \u017cycia i aktywno\u015bci ruchowej. Dzieci mia\u0142y okazj\u0119 ogl\u0105da\u0107 i wypowiada\u0107 si\u0119 na temat ilustracji i obrazk\u00f3w tematycznych, historyjek obrazkowych, dzieli\u0142y si\u0119 w\u0142asnymi do\u015bwiadczeniami i prze\u017cyciami. Podczas zaj\u0119\u0107 poruszano tematy higieny osobistej, zdrowego od\u017cywiania si\u0119, szkodliwo\u015bci cz\u0119stego korzystania z telefonu, komputera, telewizora.&nbsp; &nbsp;Korzystaj\u0105c z plansz edukacyjnych, kart pracy, krzy\u017c\u00f3wek, zagadek, wierszy i opowiada\u0144 rozmawiano z dzie\u0107mi na temat toalety porannej, wieczornej, codziennej gimnastyki, codziennego korzystania z pobytu na \u015bwie\u017cym powietrzu. Podczas zabaw tematycznych dzieci nauczy\u0142y si\u0119 zapowiada\u0107 pogod\u0119 i dopasowywa\u0107 str\u00f3j do panuj\u0105cych warunk\u00f3w atmosferycznych, a korzystaj\u0105c z spacer\u00f3w i zabaw na \u015bwie\u017cym powietrzu uczy\u0142y si\u0119 zasad hartowania organizmu i zapobiegania przemarzni\u0119ciu.&nbsp;&nbsp;&nbsp;<\/p>\n<p style=\"text-align: justify;\"><strong>Przedszkole Promuj\u0105ce Zdrowie nieustannie d\u0105\u017cy do:<\/strong><\/p>\n<ul>\n<li style=\"text-align: justify;\">zapewnienia wysokiej jako\u015bci edukacji zdrowotnej i sprawdzania ich efekt\u00f3w;<\/li>\n<li style=\"text-align: justify;\">tworzenia atmosfery wzajemnego zaufania, szacunku, empatii i wsp\u00f3\u0142pracy;<\/li>\n<li style=\"text-align: justify;\">praktykowania zachowa\u0144 prozdrowotnych w czasie pobytu dziecka<br \/>\nw przedszkolu i&nbsp;zach\u0119cania ich rodzic\u00f3w do kontynuowania tych zachowa\u0144<br \/>\nw domu;<\/li>\n<li style=\"text-align: justify;\">zapewnienia dzieciom odpowiedniego rytmu aktywno\u015bci w przedszkolu z&nbsp;uwzgl\u0119dnieniem ich indywidualnych potrzeb;<\/li>\n<li style=\"text-align: justify;\">wzmacniania kondycji fizycznej przedszkolak\u00f3w przez zapewnienie spontanicznej aktywno\u015bci fizycznej i zorganizowanych zaj\u0119\u0107 ruchowych;<\/li>\n<li style=\"text-align: justify;\">rozwijania umiej\u0119tno\u015bci \u017cyciowych \u2013 osobistych i spo\u0142ecznych, dostosowanych do mo\u017cliwo\u015bci rozwojowych dzieci.<\/li>\n<\/ul>\n<p style=\"text-align: center;\"><strong>Kubusiowi Przyjaciele Natury<\/strong><\/p>\n<p style=\"text-align: justify;\">Program \u201eKubusiowi Przyjaciele Natury\u201d to najwi\u0119kszy og\u00f3lnopolski program edukacyjny o tematyce ekologicznej. Celem programu jest zach\u0119canie najm\u0142odszych do dbania o \u015brodowisko naturalne, uczenie szacunku dla przyrody, ale tak\u017ce kszta\u0142cenie dobrych nawyk\u00f3w w zakresie od\u017cywiania oraz aktywnego sp\u0119dzania czasu. W ramach realizacji programu, przedszkolaki poznaj\u0105 zasady dbania o \u015brodowisko naturalne, aktywnego wypoczynku i od\u017cywiania. Ucz\u0105 si\u0119 segregowa\u0107 odpady, wybiera\u0107 odpowiednie formy ruchu oraz rozpoznawa\u0107 korzy\u015bci jakie p\u0142yn\u0105 ze spo\u017cywania warzyw i owoc\u00f3w. Wszystkie materia\u0142y edukacyjne \u201eKubusiowych Przyjaci\u00f3\u0142 Natury\u201d s\u0105 skonstruowane tak by rozwija\u0107 u dzieci kreatywno\u015b\u0107 i samodzielne my\u015blenie oraz przyswajanie wiedzy poprzez zabaw\u0119.<\/p>\n<p style=\"text-align: center;\"><strong>Przedszkolny Program Edukacji Antytytoniowej <\/strong><strong>pt. \u201eCzyste powietrze wok\u00f3\u0142 nas\u201d.<\/strong><\/p>\n<p style=\"text-align: justify;\">Zaj\u0119cia warsztatowe obejmuj\u0105 tematyk\u0119, kt\u00f3ra pozwoli\u0142a uczestnikom pozna\u0107 czynniki maj\u0105ce wp\u0142yw na zdrowie, dostrzec szkodliwo\u015b\u0107 palenia tytoniu i skutki dzia\u0142a\u0144 dymu tytoniowego na organizm ludzki. Realizacja programu oparta jest na aktywizuj\u0105cych formach i metodach pracy. Dzieci ch\u0119tnie uczestnicz\u0105 we wszystkich zaj\u0119ciach, wykazuj\u0105 zainteresowanie, ch\u0119tnie wsp\u00f3\u0142pracuj\u0105 w zabawach ruchowych i zaj\u0119ciach plastycznych.<\/p>\n<p style=\"text-align: center;\"><strong>Sk\u0105d si\u0119 bior\u0105 produkty ekologiczne?<\/strong><\/p>\n<p style=\"text-align: justify;\">&nbsp;&nbsp;&nbsp;&nbsp;&nbsp; Jest to og\u00f3lnopolski program edukacyjny dla przedszkoli opracowany wsp\u00f3lnie z Ministerstwem Rolnictwa i Rozwoju Wsi.<\/p>\n<p style=\"text-align: justify;\">G\u0142\u00f3wnym celem programu jest budowanie w\u0142a\u015bciwych nawyk\u00f3w \u017cywieniowych od najm\u0142odszych lat oraz zwi\u0119kszenie \u015bwiadomo\u015bci i wiedzy przedszkolak\u00f3w na temat rolnictwa ekologicznego.<\/p>\n<p style=\"text-align: justify;\">Najwa\u017cniejsze za\u0142o\u017cenia programu to:<\/p>\n<p style=\"text-align: justify;\">&#8211; propagowanie zdrowego stylu \u017cycia,<\/p>\n<p style=\"text-align: justify;\">&#8211; zrozumienie przez dzieci czym jest rolnictwo i produkty ekologiczne,<\/p>\n<p style=\"text-align: justify;\">&#8211; zwi\u0119kszenie wiedzy i \u015bwiadomo\u015bci przedszkolak\u00f3w o nawykach higieniczno-zdrowotnych,<\/p>\n<p style=\"text-align: justify;\">&#8211; kszta\u0142towanie umiej\u0119tno\u015bci wyboru produkt\u00f3w ekologicznych.<\/p>\n<p style=\"text-align: center;\"><strong>\u201eMamo, tato, wol\u0119 wod\u0119!\u201d<\/strong><\/p>\n<p style=\"text-align: justify;\">\u201eMamo, tato, wol\u0119 wod\u0119!\u201d to jeden z najbardziej cenionych program\u00f3w edukacyjnych w Polsce zainicjowany w 2009 roku przez \u017bywiec Zdr\u00f3j w trosce o zdrowy rozw\u00f3j najm\u0142odszych. Jego nadrz\u0119dnym celem jest wykszta\u0142cenie u dzieci prawid\u0142owych nawyk\u00f3w \u017cywieniowych ze szczeg\u00f3lnym podkre\u015bleniem roli wody w codziennej diecie, a tak\u017ce zwr\u00f3cenie ich uwagi na zagadnienie ochrony \u015brodowiska. W ramach programu tworzone s\u0105 dla przedszkoli materia\u0142y edukacyjno-poznawcze, w tym scenariusze zaj\u0119\u0107, anga\u017cuj\u0105ce dzieci i wychowawc\u00f3w do wsp\u00f3lnej nauki poprzez zabaw\u0119.<\/p>\n<p style=\"text-align: justify;\">&nbsp;<\/p>\n","protected":false},"excerpt":{"rendered":"<p>Akademia Bezpiecznego Puchatka Celem programu jest wdro\u017cenie do przestrzegania bezpiecze\u0144stwa na drodze, w domu, w szkole, w Internecie, w relacji z r\u00f3wie\u015bnikami a tak\u017ce wytworzenie u dzieci naturalnych sposob\u00f3w unikania i reagowania na zagro\u017cenia. Dzieci uczestnicz\u0105 w zaj\u0119ciach dotycz\u0105cych bezpiecze\u0144stwa realizowanych w oparciu o materia\u0142y edukacyjne. Program kszta\u0142tuje u dzieci [&hellip;]<\/p>\n","protected":false},"author":2,"featured_media":0,"parent":0,"menu_order":0,"comment_status":"closed","ping_status":"closed","template":"","meta":{"ngg_post_thumbnail":0,"footnotes":""},"class_list":["post-2109","page","type-page","status-publish","hentry"],"_links":{"self":[{"href":"https:\/\/spkluczewsko.pl\/index.php?rest_route=\/wp\/v2\/pages\/2109","targetHints":{"allow":["GET"]}}],"collection":[{"href":"https:\/\/spkluczewsko.pl\/index.php?rest_route=\/wp\/v2\/pages"}],"about":[{"href":"https:\/\/spkluczewsko.pl\/index.php?rest_route=\/wp\/v2\/types\/page"}],"author":[{"embeddable":true,"href":"https:\/\/spkluczewsko.pl\/index.php?rest_route=\/wp\/v2\/users\/2"}],"replies":[{"embeddable":true,"href":"https:\/\/spkluczewsko.pl\/index.php?rest_route=%2Fwp%2Fv2%2Fcomments&post=2109"}],"version-history":[{"count":4,"href":"https:\/\/spkluczewsko.pl\/index.php?rest_route=\/wp\/v2\/pages\/2109\/revisions"}],"predecessor-version":[{"id":11142,"href":"https:\/\/spkluczewsko.pl\/index.php?rest_route=\/wp\/v2\/pages\/2109\/revisions\/11142"}],"wp:attachment":[{"href":"https:\/\/spkluczewsko.pl\/index.php?rest_route=%2Fwp%2Fv2%2Fmedia&parent=2109"}],"curies":[{"name":"wp","href":"https:\/\/api.w.org\/{rel}","templated":true}]}}