{"id":2111,"date":"2021-09-15T08:45:07","date_gmt":"2021-09-15T06:45:07","guid":{"rendered":"http:\/\/spkluczewsko.pl\/?page_id=2111"},"modified":"2021-09-24T22:44:22","modified_gmt":"2021-09-24T20:44:22","slug":"covid-19","status":"publish","type":"page","link":"https:\/\/spkluczewsko.pl\/?page_id=2111","title":{"rendered":"Covid-19"},"content":{"rendered":"<p style=\"text-align: center;\"><strong>Poni\u017cej znajduj\u0105 si\u0119 procedury i regulaminy <\/strong><strong>wdro\u017cone w Zespole Przedszkolno &#8211; Szkolnym w Kluczewsku <\/strong><strong>na czas trwania pandemii COVID-19<\/strong><\/p>\n<ul>\n<li><a href=\"https:\/\/spkluczewsko.pl\/wp-content\/uploads\/2021\/09\/procedura_organizacji_zaj___lekcyjnych.doc\">Procedura organizacji zaj\u0119\u0107 lekcyjnych &#8211; TUTAJ:<\/a><\/li>\n<\/ul>\n<ul>\n<li><a href=\"https:\/\/spkluczewsko.pl\/wp-content\/uploads\/2021\/09\/procedura_organizacji_zaj___lekcyjnych-1.doc\">Procedura przyprowadzania i odbierania uczni\u00f3w &#8211; TUTAJ:<\/a><\/li>\n<\/ul>\n<ul>\n<li><a href=\"https:\/\/spkluczewsko.pl\/wp-content\/uploads\/2021\/09\/procedura_organizacji_przerw_oraz_dy_ur_w_nauczycieli_na_przerwach.doc\">Procedura organizacji przerw oraz dy\u017cur\u00f3w nauczycieli na przerwach &#8211; TUTAJ:<\/a><\/li>\n<\/ul>\n<ul>\n<li><a href=\"https:\/\/spkluczewsko.pl\/wp-content\/uploads\/2021\/09\/procedura_bezpiecze_stwa_pracy_sto__wki_i_wydawania_posi_k_w__2.doc\">Procedura bezpiecze\u0144stwa pracy st\u00f3\u0142\u00f3wki i wydawania posi\u0142k\u00f3w &#8211; TUTAJ:<\/a><\/li>\n<\/ul>\n<ul>\n<li><a href=\"https:\/\/spkluczewsko.pl\/wp-content\/uploads\/2021\/09\/procedura_post_powania_na_wypadek_podejrzenia_wyst_pienia_objaw_w_choroby_covid.doc\">Procedura post\u0119powania na wypadek podejrzenia wyst\u0105pienia objaw\u00f3w choroby Covid-19 &#8211; TUTAJ:<\/a><\/li>\n<\/ul>\n<ul>\n<li><a href=\"https:\/\/spkluczewsko.pl\/wp-content\/uploads\/2021\/09\/regulamin_korzystania_z_szatni_szkolnej_podczas_epidemii_covid.doc\">Regulamin korzystania z szatni szkolnej podczas panowania epidemii Covid-19 &#8211; TUTAJ:<\/a><\/li>\n<\/ul>\n<ul>\n<li><a href=\"https:\/\/spkluczewsko.pl\/wp-content\/uploads\/2021\/09\/regulamin_wyj_cia_i_pobytu_grupy_uczni_w_na_plac_zabaw_i_boiska_szkolne.doc\">Regulamin wyj\u015bcia i pobytu grupy uczni\u00f3w na plac zabaw i boiska szkolne &#8211; TUTAJ:<\/a><\/li>\n<\/ul>\n<ul>\n<li><a href=\"https:\/\/spkluczewsko.pl\/wp-content\/uploads\/2021\/09\/procedura_wyboru_formy_kszta_cenia.doc\">Procedura wyboru formy kszta\u0142cenia &#8211; TUTAJ:<\/a><\/li>\n<\/ul>\n<ul>\n<li><a href=\"https:\/\/spkluczewsko.pl\/wp-content\/uploads\/2021\/09\/regulamin_pracy_zdalnej__1_.doc\">Regulamin pracy zdalnej &#8211; TUTAJ:<\/a><\/li>\n<\/ul>\n<ul>\n<li><a href=\"https:\/\/spkluczewsko.pl\/wp-content\/uploads\/2021\/09\/deklaracja_rodzica__covid-19_.doc\">Deklaracja Rodzica (Covid-19) &#8211; TUTAJ:<\/a><\/li>\n<\/ul>\n","protected":false},"excerpt":{"rendered":"<p>Poni\u017cej znajduj\u0105 si\u0119 procedury i regulaminy wdro\u017cone w Zespole Przedszkolno &#8211; Szkolnym w Kluczewsku na czas trwania pandemii COVID-19 Procedura organizacji zaj\u0119\u0107 lekcyjnych &#8211; TUTAJ: Procedura przyprowadzania i odbierania uczni\u00f3w &#8211; TUTAJ: Procedura organizacji przerw oraz dy\u017cur\u00f3w nauczycieli na przerwach &#8211; TUTAJ: Procedura bezpiecze\u0144stwa pracy st\u00f3\u0142\u00f3wki i wydawania posi\u0142k\u00f3w &#8211; [&hellip;]<\/p>\n","protected":false},"author":2,"featured_media":0,"parent":0,"menu_order":0,"comment_status":"closed","ping_status":"closed","template":"","meta":{"ngg_post_thumbnail":0,"footnotes":""},"class_list":["post-2111","page","type-page","status-publish","hentry"],"_links":{"self":[{"href":"https:\/\/spkluczewsko.pl\/index.php?rest_route=\/wp\/v2\/pages\/2111","targetHints":{"allow":["GET"]}}],"collection":[{"href":"https:\/\/spkluczewsko.pl\/index.php?rest_route=\/wp\/v2\/pages"}],"about":[{"href":"https:\/\/spkluczewsko.pl\/index.php?rest_route=\/wp\/v2\/types\/page"}],"author":[{"embeddable":true,"href":"https:\/\/spkluczewsko.pl\/index.php?rest_route=\/wp\/v2\/users\/2"}],"replies":[{"embeddable":true,"href":"https:\/\/spkluczewsko.pl\/index.php?rest_route=%2Fwp%2Fv2%2Fcomments&post=2111"}],"version-history":[{"count":8,"href":"https:\/\/spkluczewsko.pl\/index.php?rest_route=\/wp\/v2\/pages\/2111\/revisions"}],"predecessor-version":[{"id":2596,"href":"https:\/\/spkluczewsko.pl\/index.php?rest_route=\/wp\/v2\/pages\/2111\/revisions\/2596"}],"wp:attachment":[{"href":"https:\/\/spkluczewsko.pl\/index.php?rest_route=%2Fwp%2Fv2%2Fmedia&parent=2111"}],"curies":[{"name":"wp","href":"https:\/\/api.w.org\/{rel}","templated":true}]}}