{"id":2113,"date":"2021-09-15T08:45:47","date_gmt":"2021-09-15T06:45:47","guid":{"rendered":"http:\/\/spkluczewsko.pl\/?page_id=2113"},"modified":"2025-09-01T14:01:22","modified_gmt":"2025-09-01T12:01:22","slug":"kalendarz-roku-szkolnego","status":"publish","type":"page","link":"https:\/\/spkluczewsko.pl\/?page_id=2113","title":{"rendered":"Kalendarz Roku Szkolnego"},"content":{"rendered":"<p style=\"text-align: center;\"><strong><em>KALENDARZ ROKU SZKOLNEGO 2025\/2026<\/em><\/strong><\/p>\n<table style=\"border-collapse: collapse; width: 100%;\">\n<tbody>\n<tr>\n<td style=\"width: 5.69694%; text-align: center;\">1.<\/td>\n<td style=\"width: 54.5455%; text-align: center;\">Rozpocz\u0119cie zaj\u0119\u0107 dydaktyczno-wychowawczych<\/td>\n<td style=\"width: 39.7575%; text-align: center;\">1 wrze\u015bnia 2025 r.<\/td>\n<\/tr>\n<tr>\n<td style=\"width: 5.69694%; text-align: center;\">2.<\/td>\n<td style=\"width: 54.5455%; text-align: center;\">Zimowa przerwa \u015bwi\u0105teczna<\/td>\n<td style=\"width: 39.7575%; text-align: center;\">22-31 grudnia 2025 r.<\/td>\n<\/tr>\n<tr>\n<td style=\"width: 5.69694%; text-align: center;\">3.<\/td>\n<td style=\"width: 54.5455%; text-align: center;\">Ferie zimowe<\/td>\n<td style=\"width: 39.7575%; text-align: center;\">19 stycznia &#8211; 19 lutego 2026 r.<\/td>\n<\/tr>\n<tr>\n<td style=\"width: 5.69694%; text-align: center;\">4.<\/td>\n<td style=\"width: 54.5455%; text-align: center;\">Wiosenna przerwa \u015bwi\u0105teczna<\/td>\n<td style=\"width: 39.7575%; text-align: center;\">2 kwietnia &#8211; 7 kwietnia&nbsp; 2026 r.<\/td>\n<\/tr>\n<tr>\n<td style=\"width: 5.69694%; text-align: center;\">5.<\/td>\n<td style=\"width: 54.5455%; text-align: center;\">Egzamin \u00f3smoklasisty<\/td>\n<td style=\"width: 39.7575%; text-align: center;\">11 &#8211; 13 maja 2026r.<\/td>\n<\/tr>\n<tr>\n<td style=\"width: 5.69694%; text-align: center;\">6.<\/td>\n<td style=\"width: 54.5455%; text-align: center;\">Termin dodatkowy egzaminu<\/td>\n<td style=\"width: 39.7575%; text-align: center;\">8 &#8211; 10 czerwca 2026r.<\/td>\n<\/tr>\n<tr>\n<td style=\"width: 5.69694%; text-align: center;\">7.<\/td>\n<td style=\"width: 54.5455%; text-align: center;\">Dodatkowe dni wolne&nbsp; od zaj\u0119\u0107 dydaktyczno-wychowawczych<\/td>\n<td style=\"width: 39.7575%; text-align: center;\">13.10.2025r., 10.11.2025r. 02.01. 2026r., 30.04.2026 r., 11-13.05.2026r., 05.06.2026r.<\/td>\n<\/tr>\n<tr>\n<td style=\"width: 5.69694%; text-align: center;\">8.<\/td>\n<td style=\"width: 54.5455%; text-align: center;\">Zako\u0144czenie zaj\u0119\u0107 dydaktyczno- wychowawczych<\/td>\n<td style=\"width: 39.7575%; text-align: center;\">26 czerwca 2026 r.<\/td>\n<\/tr>\n<tr>\n<td style=\"width: 5.69694%; text-align: center;\">9.<\/td>\n<td style=\"width: 54.5455%; text-align: center;\">Ferie letnie<\/td>\n<td style=\"width: 39.7575%; text-align: center;\">27 czerwca-31 sierpnia 2026r.<\/td>\n<\/tr>\n<\/tbody>\n<\/table>\n<ul>\n<li><u>Podstawa prawna:<\/u>\n<ul>\n<li><em>Rozporz\u0105dzenie Ministra Edukacji Narodowej z dnia 11 sierpnia 2017 r. w sprawie organizacji roku szkolnego (Dz. U. z 2023 r. , poz. 1211))<\/em><\/li>\n<li><em> 9a ust. 2 pkt 10 lit. a tiret pierwsze ustawy z dnia 7 wrze\u015bnia 1991 r. o systemie o\u015bwiaty (t.j. Dz.U. z 2024r. Poz.750 ze zm.)<\/em><\/li>\n<li><em> 5 pkt 1 rozporz\u0105dzenia Ministra Edukacji i Nauki z dnia 2 sierpnia 2022 r. w sprawie szczeg\u00f3\u0142owych warunk\u00f3w i sposobu przeprowadzania egzaminu \u00f3smoklasisty (Dz.U. z 2022 r. poz. 1636).&nbsp;&nbsp; <\/em><\/li>\n<\/ul>\n<\/li>\n<\/ul>\n","protected":false},"excerpt":{"rendered":"<p>KALENDARZ ROKU SZKOLNEGO 2025\/2026 1. Rozpocz\u0119cie zaj\u0119\u0107 dydaktyczno-wychowawczych 1 wrze\u015bnia 2025 r. 2. Zimowa przerwa \u015bwi\u0105teczna 22-31 grudnia 2025 r. 3. Ferie zimowe 19 stycznia &#8211; 19 lutego 2026 r. 4. Wiosenna przerwa \u015bwi\u0105teczna 2 kwietnia &#8211; 7 kwietnia&nbsp; 2026 r. 5. Egzamin \u00f3smoklasisty 11 &#8211; 13 maja 2026r. 6. [&hellip;]<\/p>\n","protected":false},"author":2,"featured_media":0,"parent":0,"menu_order":0,"comment_status":"closed","ping_status":"closed","template":"","meta":{"ngg_post_thumbnail":0,"footnotes":""},"class_list":["post-2113","page","type-page","status-publish","hentry"],"_links":{"self":[{"href":"https:\/\/spkluczewsko.pl\/index.php?rest_route=\/wp\/v2\/pages\/2113","targetHints":{"allow":["GET"]}}],"collection":[{"href":"https:\/\/spkluczewsko.pl\/index.php?rest_route=\/wp\/v2\/pages"}],"about":[{"href":"https:\/\/spkluczewsko.pl\/index.php?rest_route=\/wp\/v2\/types\/page"}],"author":[{"embeddable":true,"href":"https:\/\/spkluczewsko.pl\/index.php?rest_route=\/wp\/v2\/users\/2"}],"replies":[{"embeddable":true,"href":"https:\/\/spkluczewsko.pl\/index.php?rest_route=%2Fwp%2Fv2%2Fcomments&post=2113"}],"version-history":[{"count":10,"href":"https:\/\/spkluczewsko.pl\/index.php?rest_route=\/wp\/v2\/pages\/2113\/revisions"}],"predecessor-version":[{"id":11087,"href":"https:\/\/spkluczewsko.pl\/index.php?rest_route=\/wp\/v2\/pages\/2113\/revisions\/11087"}],"wp:attachment":[{"href":"https:\/\/spkluczewsko.pl\/index.php?rest_route=%2Fwp%2Fv2%2Fmedia&parent=2113"}],"curies":[{"name":"wp","href":"https:\/\/api.w.org\/{rel}","templated":true}]}}