{"id":2131,"date":"2021-09-15T08:48:43","date_gmt":"2021-09-15T06:48:43","guid":{"rendered":"http:\/\/spkluczewsko.pl\/?page_id=2131"},"modified":"2021-09-20T11:27:07","modified_gmt":"2021-09-20T09:27:07","slug":"regulamin","status":"publish","type":"page","link":"https:\/\/spkluczewsko.pl\/?page_id=2131","title":{"rendered":"Regulamin"},"content":{"rendered":"\t\t<div data-elementor-type=\"wp-page\" data-elementor-id=\"2131\" class=\"elementor elementor-2131\">\n\t\t\t\t\t\t<section class=\"elementor-section elementor-top-section elementor-element elementor-element-d56abf3 elementor-section-boxed elementor-section-height-default elementor-section-height-default\" data-id=\"d56abf3\" data-element_type=\"section\">\n\t\t\t\t\t\t<div class=\"elementor-container elementor-column-gap-default\">\n\t\t\t\t\t<div class=\"elementor-column elementor-col-100 elementor-top-column elementor-element elementor-element-f547cdb\" data-id=\"f547cdb\" data-element_type=\"column\">\n\t\t\t<div class=\"elementor-widget-wrap elementor-element-populated\">\n\t\t\t\t\t\t<div class=\"elementor-element elementor-element-28fdde1 elementor-widget elementor-widget-text-editor\" data-id=\"28fdde1\" data-element_type=\"widget\" data-widget_type=\"text-editor.default\">\n\t\t\t\t<div class=\"elementor-widget-container\">\n\t\t\t\t\t\t\t<p style=\"text-align: center;\"><span style=\"font-size: 14pt;\"><strong>Regulamin Biblioteki Szkolnej<\/strong><\/span><\/p><ol><li>W bibliotece obowi\u0105zuje bezwzgl\u0119dna cisza.<\/li><li>Z biblioteki szkolnej mog\u0105 korzysta\u0107 wszyscy uczniowie, nauczyciele i pracownicy szko\u0142y oraz rodzice i opiekunowie uczni\u00f3w naszej szko\u0142y.<\/li><li>Ka\u017cdy czytelnik powinien zaznajomi\u0107 si\u0119 z regulaminem i godzinami jej otwarcia.<\/li><li>Korzystanie z biblioteki jest bezp\u0142atne.<\/li><li>Czytelnicy zobowi\u0105zani s\u0105 do dba\u0142o\u015bci o wypo\u017cyczone materia\u0142y.<\/li><li>Jednorazowo mo\u017cna wypo\u017cyczy\u0107 trzy ksi\u0105\u017cki lub czasopisma na okres trzech tygodni. W uzasadnionych przypadkach biblioteka mo\u017ce ograniczy\u0107 lub zwi\u0119kszy\u0107 liczb\u0119 wypo\u017cycze\u0144 a tak\u017ce przed\u0142u\u017cy\u0107 termin zwrotu wypo\u017cyczonych ksi\u0105\u017cek.<\/li><li>Ze zbior\u00f3w bibliotecznych mo\u017cna korzysta\u0107 w czytelni, wypo\u017cyczaj\u0105c do wykorzystania na lekcjach b\u0105d\u017a zabieraj\u0105c materia\u0142y do domu.<\/li><li>W bibliotece obowi\u0105zuje zakaz spo\u017cywania posi\u0142k\u00f3w, picia napoj\u00f3w oraz korzystania z telefon\u00f3w kom\u00f3rkowych.<\/li><li>Wszystkie wypo\u017cyczone materia\u0142y (ksi\u0105\u017cki, czasopisma) powinny by\u0107 zwr\u00f3cone na 2 tygodnie przed zako\u0144czeniem roku szkolnego.<\/li><li>U\u017cytkownicy zobowi\u0105zani s\u0105 do poszanowania sprz\u0119tu i wyposa\u017cenia biblioteki.<\/li><li>Uczniom bior\u0105cym systematyczny udzia\u0142 w pracach biblioteki , mog\u0105 by\u0107 przyznawane nagrody na koniec roku szkolnego.<\/li><\/ol>\t\t\t\t\t\t<\/div>\n\t\t\t\t<\/div>\n\t\t\t\t\t<\/div>\n\t\t<\/div>\n\t\t\t\t\t<\/div>\n\t\t<\/section>\n\t\t\t\t<\/div>\n\t\t","protected":false},"excerpt":{"rendered":"<p>Regulamin Biblioteki Szkolnej W bibliotece obowi\u0105zuje bezwzgl\u0119dna cisza. Z biblioteki szkolnej mog\u0105 korzysta\u0107 wszyscy uczniowie, nauczyciele i pracownicy szko\u0142y oraz rodzice i opiekunowie uczni\u00f3w naszej szko\u0142y. Ka\u017cdy czytelnik powinien zaznajomi\u0107 si\u0119 z regulaminem i godzinami jej otwarcia. Korzystanie z biblioteki jest bezp\u0142atne. Czytelnicy zobowi\u0105zani s\u0105 do dba\u0142o\u015bci o wypo\u017cyczone materia\u0142y. [&hellip;]<\/p>\n","protected":false},"author":2,"featured_media":0,"parent":0,"menu_order":0,"comment_status":"closed","ping_status":"closed","template":"","meta":{"ngg_post_thumbnail":0,"footnotes":""},"class_list":["post-2131","page","type-page","status-publish","hentry"],"_links":{"self":[{"href":"https:\/\/spkluczewsko.pl\/index.php?rest_route=\/wp\/v2\/pages\/2131","targetHints":{"allow":["GET"]}}],"collection":[{"href":"https:\/\/spkluczewsko.pl\/index.php?rest_route=\/wp\/v2\/pages"}],"about":[{"href":"https:\/\/spkluczewsko.pl\/index.php?rest_route=\/wp\/v2\/types\/page"}],"author":[{"embeddable":true,"href":"https:\/\/spkluczewsko.pl\/index.php?rest_route=\/wp\/v2\/users\/2"}],"replies":[{"embeddable":true,"href":"https:\/\/spkluczewsko.pl\/index.php?rest_route=%2Fwp%2Fv2%2Fcomments&post=2131"}],"version-history":[{"count":10,"href":"https:\/\/spkluczewsko.pl\/index.php?rest_route=\/wp\/v2\/pages\/2131\/revisions"}],"predecessor-version":[{"id":2452,"href":"https:\/\/spkluczewsko.pl\/index.php?rest_route=\/wp\/v2\/pages\/2131\/revisions\/2452"}],"wp:attachment":[{"href":"https:\/\/spkluczewsko.pl\/index.php?rest_route=%2Fwp%2Fv2%2Fmedia&parent=2131"}],"curies":[{"name":"wp","href":"https:\/\/api.w.org\/{rel}","templated":true}]}}