{"id":2133,"date":"2021-09-15T08:48:56","date_gmt":"2021-09-15T06:48:56","guid":{"rendered":"http:\/\/spkluczewsko.pl\/?page_id=2133"},"modified":"2021-09-17T11:11:41","modified_gmt":"2021-09-17T09:11:41","slug":"podreczniki","status":"publish","type":"page","link":"https:\/\/spkluczewsko.pl\/?page_id=2133","title":{"rendered":"Podr\u0119czniki"},"content":{"rendered":"\t\t<div data-elementor-type=\"wp-page\" data-elementor-id=\"2133\" class=\"elementor elementor-2133\">\n\t\t\t\t\t\t<section class=\"elementor-section elementor-top-section elementor-element elementor-element-b207359 elementor-section-boxed elementor-section-height-default elementor-section-height-default\" data-id=\"b207359\" data-element_type=\"section\">\n\t\t\t\t\t\t<div class=\"elementor-container elementor-column-gap-default\">\n\t\t\t\t\t<div class=\"elementor-column elementor-col-100 elementor-top-column elementor-element elementor-element-72763f4\" data-id=\"72763f4\" data-element_type=\"column\">\n\t\t\t<div class=\"elementor-widget-wrap elementor-element-populated\">\n\t\t\t\t\t\t<div class=\"elementor-element elementor-element-92d8c4a elementor-widget elementor-widget-text-editor\" data-id=\"92d8c4a\" data-element_type=\"widget\" data-widget_type=\"text-editor.default\">\n\t\t\t\t<div class=\"elementor-widget-container\">\n\t\t\t\t\t\t\t<p style=\"text-align: center;\"><strong>Regulamin korzystania z darmowych podr\u0119cznik\u00f3w lub materia\u0142\u00f3w edukacyjnych<\/strong><\/p><p style=\"text-align: center;\"><strong>Szko\u0142y Podstawowej i Publicznego Gimnazjum w Kluczewsku.<\/strong><\/p><p style=\"text-align: center;\"><strong>Rozdzia\u0142 I<\/strong><\/p><p style=\"text-align: center;\"><strong>Postanowienia Og\u00f3lne<\/strong><\/p><p style=\"text-align: center;\"><strong>\u00a7<\/strong><strong>\u00a01<\/strong><\/p><p style=\"text-align: center;\"><strong>Przedmiot regulaminu<\/strong><\/p><p style=\"text-align: left;\">1.Niniejszy \u201eRegulamin korzystania z darmowych podr\u0119cznik\u00f3w lub materia\u0142\u00f3w edukacyjnych, zwany dalej \u201eRegulaminem\u201d, reguluje:<\/p><p style=\"text-align: left;\">a) zasady zwi\u0105zane z wypo\u017cyczaniem i zapewnieniem uczniom dost\u0119pu do podr\u0119cznik\u00f3w lub materia\u0142\u00f3w edukacyjnych,<\/p><p style=\"text-align: left;\">b) tryb przyj\u0119cia podr\u0119cznik\u00f3w na stan szko\u0142y,<\/p><p style=\"text-align: left;\">c) post\u0119powanie w przypadku zagubienia lub zniszczenia podr\u0119cznika lub materia\u0142\u00f3w edukacyjnych.<\/p><p style=\"text-align: left;\">2. Ka\u017cdy ucze\u0144 powinien zaznajomi\u0107 si\u0119 z Regulaminem korzystania z darmowych podr\u0119cznik\u00f3w lub materia\u0142\u00f3w edukacyjnych i z godzinami otwarcia biblioteki podr\u0119cznik\u00f3w szkolnych.<\/p><p style=\"text-align: left;\">3. Udost\u0119pnianie i zwrot\u00a0 materia\u0142\u00f3w bibliotecznych podlega rejestracji.<\/p><p style=\"text-align: center;\"><strong>\u00a0<\/strong><\/p><p style=\"text-align: center;\"><strong>\u00a7<\/strong><strong>\u00a02<\/strong><\/p><p style=\"text-align: center;\">S\u0142owniczek<\/p><p style=\"text-align: center;\">U\u017cyte w Regulaminie terminy oznaczaj\u0105:<\/p><p style=\"text-align: left;\"><strong>Szko\u0142a\u00a0<\/strong>&#8211;<strong>\u00a0<\/strong>Szko\u0142a Podstawowa lub Publiczne Gimnazjum w Kluczewsku, ul. Le\u015bna 1.<\/p><p style=\"text-align: left;\"><strong>Biblioteka\u00a0<\/strong>\u2013 biblioteka podr\u0119cznik\u00f3w szkolnych funkcjonuj\u0105ca w ramach biblioteki szkolnej.<\/p><p style=\"text-align: left;\"><strong>Ucze\u0144\u00a0<\/strong>&#8211; ucze\u0144 szko\u0142y uprawniony do otrzymania darmowych podr\u0119cznik\u00f3w lub materia\u0142\u00f3w edukacyjnych.<\/p><p style=\"text-align: left;\"><strong>Podr\u0119cznik\u00a0<\/strong>&#8211; podr\u0119cznik dopuszczony do u\u017cytku szkolnego.<\/p><p style=\"text-align: left;\"><strong>Materia\u0142 edukacyjny\u00a0<\/strong>\u2013 materia\u0142 zast\u0119puj\u0105cy lub uzupe\u0142niaj\u0105cy podr\u0119cznik, umo\u017cliwiaj\u0105cy realizacj\u0119 programu nauczania, maj\u0105cy posta\u0107 papierow\u0105 lub elektroniczn\u0105.<\/p><p style=\"text-align: left;\"><strong>Materia\u0142 \u0107wiczeniowy\u00a0<\/strong>\u00a0&#8211; materia\u0142 przeznaczony dla uczni\u00f3w s\u0142u\u017c\u0105cy utrwalaniu przez nich wiadomo\u015bci i umiej\u0119tno\u015bci.<\/p><p style=\"text-align: left;\"><strong>Dotacja<\/strong>\u00a0&#8211; dotacja celowa, o kt\u00f3rej mowa w art.22ae pkt 5 ustawy o systemie o\u015bwiaty ( Dz.U. z 2014r. poz.811)<\/p><p style=\"text-align: left;\"><strong>Rodzic\u00a0<\/strong>&#8211; rodzic lub opiekun prawny ucznia.<\/p><p style=\"text-align: left;\"><strong>Wychowawca klasy\u00a0<\/strong>\u2013 wyznaczony przez Dyrektora Szko\u0142y wychowawca danej klasy.<\/p><p style=\"text-align: center;\"><strong>Rozdzia\u0142 II<\/strong><\/p><p style=\"text-align: center;\"><strong>Zadania biblioteki podr\u0119cznik\u00f3w szkolnych<\/strong><\/p><ol style=\"text-align: center;\"><li style=\"text-align: left;\">Biblioteka podr\u0119cznik\u00f3w szkolnych, zwana dalej bibliotek\u0105, gromadzi podr\u0119czniki, materia\u0142y edukacyjne, materia\u0142y \u0107wiczeniowe i inne materia\u0142y biblioteczne.<\/li><li style=\"text-align: left;\">Biblioteka nieodp\u0142atnie:<\/li><\/ol><ul style=\"text-align: left;\"><li>wypo\u017cycza uczniom podr\u0119czniki lub materia\u0142y edukacyjne, maj\u0105ce posta\u0107 papierow\u0105 ,<\/li><li>przekazuje uczniom materia\u0142y \u0107wiczeniowe bez obowi\u0105zku zwrotu lub je udost\u0119pnia.<\/li><\/ul><ol style=\"text-align: left;\"><li style=\"text-align: left;\">Do\u0142\u0105czona do podr\u0119cznika lub materia\u0142\u00f3w edukacyjnych p\u0142yta CD stanowi integraln\u0105 cz\u0119\u015b\u0107 podr\u0119cznika lub materia\u0142\u00f3w edukacyjnych i nale\u017cy j\u0105 zwr\u00f3ci\u0107 wraz z podr\u0119cznikiem lub materia\u0142em edukacyjnym. Zagubienie p\u0142yty CD skutkuje konieczno\u015bci\u0105 zwrotu koszt\u00f3w ca\u0142ego podr\u0119cznika lub materia\u0142\u00f3w edukacyjnych.<\/li><li style=\"text-align: left;\">Czas otwarcia biblioteki podany jest do wiadomo\u015bci u\u017cytkownikom informacji umieszczonej przy wej\u015bciu do biblioteki oraz w Internecie.<\/li><\/ol><p style=\"text-align: center;\"><strong>Rozdzia\u0142 III<\/strong><\/p><p style=\"text-align: center;\"><strong>Przyj\u0119cie podr\u0119cznik\u00f3w na stan szko\u0142y<\/strong><\/p><ol style=\"text-align: center;\"><li style=\"text-align: left;\">Podr\u0119czniki, materia\u0142y edukacyjne, materia\u0142y \u0107wiczeniowe przekazane szkole w ramach dotacji zostaj\u0105 przekazane na stan biblioteki.<\/li><li style=\"text-align: left;\">Podr\u0119czniki, materia\u0142y edukacyjne, materia\u0142y \u0107wiczeniowe i inne materia\u0142y biblioteczne stanowi\u0105 w\u0142asno\u015b\u0107 szko\u0142y.<\/li><li style=\"text-align: left;\">Podr\u0119czniki , materia\u0142y edukacyjne przekazane szkole w ramach dotacji winny by\u0107 u\u017cytkowane przez okres minimum 3 lat. Wszystkie materia\u0142y s\u0105 opiecz\u0119towane piecz\u0105tk\u0105 Biblioteki Szkolnej w Kluczewsku.<\/li><\/ol><p style=\"text-align: center;\"><strong>\u00a0\u00a0\u00a0\u00a0 Rozdzia\u0142 IV<\/strong><\/p><p style=\"text-align: center;\"><strong>Udost\u0119pnianie zbior\u00f3w<\/strong><\/p><p style=\"text-align: center;\"><strong>\u00a7<\/strong><strong>\u00a01<\/strong><\/p><p style=\"text-align: center;\"><strong>\u00a0\u00a0\u00a0\u00a0\u00a0 U\u017cytkownicy Biblioteki podr\u0119cznik\u00f3w szkolnych<\/strong><\/p><ol style=\"text-align: center;\"><li style=\"text-align: left;\">Do wypo\u017cyczania podr\u0119cznik\u00f3w lub materia\u0142\u00f3w edukacyjnych uprawnieni s\u0105 :<\/li><\/ol><ul style=\"text-align: center;\"><li style=\"text-align: left;\">uczniowie klas I, II i IV szko\u0142y podstawowej oraz klas I gimnazjum w roku szkolnym 2015\/2016,<\/li><li style=\"text-align: left;\">uczniowie klas I \u2013V szko\u0142y podstawowej oraz uczniowie klas I\u00a0 &#8211; II gimnazjum w roku szkolnym 2016\/2017,<\/li><li style=\"text-align: left;\">pocz\u0105wszy od roku szkolnego 2017\/2018 wszyscy uczniowie szko\u0142y podstawowej oraz wszyscy uczniowie gimnazjum.<\/li><\/ul><ol style=\"text-align: center;\"><li style=\"text-align: left;\">U\u017cytkownicy biblioteki przed rozpocz\u0119ciem korzystania ze zbior\u00f3w podlegaj\u0105 rejestracji.<\/li><li style=\"text-align: left;\">Uczniowie s\u0105 rejestrowani na podstawie dostarczonych do biblioteki list zgodnych z list\u0105 klasy zamieszczon\u0105 w dzienniku lekcyjnym.<\/li><li style=\"text-align: left;\">Rejestracja nast\u0119puje najp\u00f3\u017aniej do dnia 7 wrze\u015bnia.<\/li><\/ol><p style=\"text-align: center;\"><strong>\u00a7<\/strong><strong>\u00a02<\/strong><\/p><p style=\"text-align: center;\"><strong>Okres trwania wypo\u017cyczenia<\/strong><\/p><p style=\"text-align: center;\"><strong>\u00a0<\/strong><\/p><ol style=\"text-align: center;\"><li style=\"text-align: left;\">Wypo\u017cyczanie odbywa si\u0119 w okresie dw\u00f3ch tygodni od dnia rozpocz\u0119cia rocznych zaj\u0119\u0107 edukacyjnych. Wypo\u017cyczanie podr\u0119cznika mo\u017ce nast\u0105pi\u0107 tak\u017ce w innym terminie w trakcie danego roku szkolnego.<\/li><li style=\"text-align: left;\">Podr\u0119czniki wypo\u017cyczane s\u0105 uczniom na okres 10 miesi\u0119cy, termin ich zwrotu mija w ostatni poniedzia\u0142ek roku szkolnego. Uczniowie przyst\u0119puj\u0105cy do egzamin\u00f3w klasyfikacyjnych lub poprawkowych zwracaj\u0105 podr\u0119cznik nie p\u00f3\u017aniej ni\u017c do ko\u0144ca sierpnia danego roku.<\/li><li style=\"text-align: left;\">Nadz\u00f3r nad realizacj\u0105 zadania, o kt\u00f3rym mowa w ust.2, wykonuje nauczyciel wychowawca ucznia oraz nauczyciel \u2013 bibliotekarz biblioteki szkolnej.<\/li><li style=\"text-align: left;\">Podczas dokonywania zwrotu podr\u0119cznika do biblioteki szkolnej nauczyciele , o kt\u00f3rych mowa w ust.3 dokonuj\u0105 ogl\u0119dzin podr\u0119cznika i okre\u015blaj\u0105 stopie\u0144 jego zu\u017cycia.<\/li><li style=\"text-align: left;\">Biblioteka w uzasadnionych okoliczno\u015bciach ma prawo za\u017c\u0105da\u0107 zwrotu wypo\u017cyczonych materia\u0142\u00f3w przed up\u0142ywem ustalonego terminu.<\/li><li style=\"text-align: left;\">Bibliotekarz ma obowi\u0105zek poinformowa\u0107 rodzic\u00f3w, aby przed wypo\u017cyczeniem sprawdzili stan podr\u0119cznika lub materia\u0142\u00f3w edukacyjnych a ewentualne uszkodzenia natychmiast mu zg\u0142osili.<\/li><\/ol><p style=\"text-align: center;\"><strong>\u00a7 3<\/strong><\/p><p style=\"text-align: center;\"><strong>Zmiana szko\u0142y<\/strong><\/p><ol style=\"text-align: center;\"><li style=\"text-align: left;\">Ucze\u0144, kt\u00f3ry w trakcie roku szkolnego, z powod\u00f3w losowych rezygnuje z edukacji w szkole, zobowi\u0105zany jest zwr\u00f3ci\u0107 otrzymany podr\u0119cznik lub materia\u0142y edukacyjne.<\/li><li style=\"text-align: left;\">W przypadku niemo\u017cno\u015bci zwrotu otrzymanego podr\u0119cznika lub materia\u0142\u00f3w edukacyjnych zastosowanie ma rozdzia\u0142 V niniejszego Regulaminu.<\/li><\/ol><p style=\"text-align: center;\"><strong>Rozdzia\u0142 V<\/strong><\/p><p style=\"text-align: center;\"><strong>Odpowiedzialno\u015b\u0107 za udost\u0119pniane podr\u0119czniki<\/strong><\/p><p style=\"text-align: center;\"><strong>\u00a7 1<\/strong><\/p><p style=\"text-align: center;\"><strong>Obowi\u0105zki Ucznia zwi\u0105zane z wypo\u017cyczeniem<\/strong><\/p><ol style=\"text-align: center;\"><li style=\"text-align: left;\"><strong>\u00a0<\/strong>Ucze\u0144 ma obowi\u0105zek u\u017cywania podr\u0119cznik\u00f3w zgodnie z ich przeznaczeniem, chroni\u0107 je przed zniszczeniem lub zagubieniem.<strong>\u00a0<\/strong><\/li><li style=\"text-align: left;\"><strong>\u00a0<\/strong>Ucze\u0144 ma obowi\u0105zek ob\u0142o\u017cy\u0107 podr\u0119cznik, na bie\u017c\u0105co dokonywa\u0107 drobnych napraw czy ewentualnej wymiany ok\u0142adki.<strong>\u00a0<\/strong><\/li><li style=\"text-align: left;\"><strong>\u00a0<\/strong>Zabrania si\u0119 dokonywania jakichkolwiek wpis\u00f3w i notatek w podr\u0119cznikach.<strong>\u00a0<\/strong><\/li><li style=\"text-align: left;\"><strong>\u00a0<\/strong>Wraz z up\u0142ywem terminu zwrotu ( koniec roku szkolnego) ucze\u0144 powinien uporz\u0105dkowa\u0107 podr\u0119czniki wraz z ich dodatkowym wyposa\u017ceniem (p\u0142yty, mapy, plansze itp.) a nast\u0119pnie odda\u0107 je do biblioteki szkolnej.<strong>\u00a0<\/strong><\/li><\/ol><p style=\"text-align: center;\"><strong>\u00a0\u00a0\u00a0\u00a0\u00a0\u00a0\u00a0\u00a0\u00a0\u00a0\u00a0\u00a0\u00a0\u00a0\u00a0\u00a0\u00a0\u00a0<\/strong><\/p><p style=\"text-align: center;\"><strong>\u00a0<\/strong><strong>\u00a7 2<\/strong><\/p><p style=\"text-align: center;\"><strong>\u00a0\u00a0\u00a0\u00a0\u00a0\u00a0\u00a0\u00a0\u00a0\u00a0\u00a0 Uszkodzenie lub zniszczenie podr\u0119cznika lub materia\u0142u edukacyjnego<\/strong><\/p><ol style=\"text-align: center;\"><li style=\"text-align: left;\">Przez uszkodzenie podr\u0119cznika lub materia\u0142\u00f3w edukacyjnych rozumie si\u0119 nieumy\u015blne zabrudzenie, poplamienie, zgniecenie lub rozerwanie umo\u017cliwiaj\u0105ce jednak dalsze ich wykorzystanie.<\/li><li style=\"text-align: left;\">Na \u017c\u0105danie Bibliotekarza u\u017cytkownik, kt\u00f3ry doprowadzi\u0142 do uszkodzenia materia\u0142\u00f3w bibliotecznych , jest zobowi\u0105zany podr\u0119cznik naprawi\u0107.<\/li><li style=\"text-align: left;\">Przez zniszczenie podr\u0119cznika lub materia\u0142\u00f3w edukacyjnych rozumie si\u0119 umy\u015blne lub spowodowane przez zaniedbanie u\u017cytkownika poplamienie, trwa\u0142e zabrudzenie , porysowanie lub popisanie, po\u0142amanie lub rozerwanie, wyrwanie i zagubienie kartek oraz inne wady fizyczne, kt\u00f3re pomniejszaj\u0105 warto\u015b\u0107 u\u017cytkow\u0105 podr\u0119cznika lub materia\u0142\u00f3w edukacyjnych i umo\u017cliwiaj\u0105 pe\u0142ne z nich korzystanie.<\/li><\/ol><p style=\"text-align: center;\"><strong>\u00a7 3<\/strong><\/p><p style=\"text-align: center;\"><strong>Zakres odpowiedzialno\u015bci<\/strong><\/p><p style=\"text-align: center;\"><strong>\u00a0<\/strong><\/p><ol style=\"text-align: center;\"><li style=\"text-align: left;\">Ucze\u0144 ponosi pe\u0142n\u0105 odpowiedzialno\u015b\u0107 materialn\u0105 za wszelkie uszkodzenia lub zniszczenia wypo\u017cyczonych podr\u0119cznik\u00f3w lub materia\u0142\u00f3w edukacyjnych, nieujawnionych w chwili wypo\u017cyczenia.<\/li><li style=\"text-align: left;\">W przypadku uszkodzenia, zniszczenia lub zgubienia podr\u0119cznika rodzice s\u0105 zobowi\u0105zani do zwrotu kosztu zakupu nowego podr\u0119cznika oraz powiadomienia wychowawcy o zaistnia\u0142ym fakcie. Wychowawca powiadamia bibliotekarza. Wp\u0142aty dokonuje si\u0119 w sekretariacie szko\u0142y.<\/li><li style=\"text-align: left;\">Przepis ust.2 nie ma zastosowania w przypadku zwrotu podr\u0119cznika po jego trzyletnim u\u017cytkowaniu.<\/li><\/ol><p style=\"text-align: center;\"><strong>Rozdzia\u0142 VI<\/strong><\/p><p style=\"text-align: center;\"><strong>Inwentaryzacja<\/strong><\/p><p style=\"text-align: center;\"><strong>\u00a0<\/strong><\/p><ol style=\"text-align: center;\"><li style=\"text-align: left;\">Inwentaryzacja zasob\u00f3w biblioteki odbywa si\u0119 raz w roku : po ich odbiorze od u\u017cytkownik\u00f3w danego roku szkolnego.<\/li><li style=\"text-align: left;\">Sprawozdanie przedstawiane jest Dyrektorowi Szko\u0142y najp\u00f3\u017aniej do dnia 1 lipca celem uzupe\u0142nienia zasob\u00f3w.<\/li><\/ol><p style=\"text-align: center;\"><strong>Rozdzia\u0142 VII<\/strong><\/p><p style=\"text-align: center;\"><strong>Postanowienia ko\u0144cowe<\/strong><\/p><p style=\"text-align: center;\"><strong>\u00a0<\/strong><\/p><ol><li style=\"text-align: left;\">Uczniowie i rodzice zobowi\u0105zani s\u0105 do zapoznania si\u0119 z tre\u015bci\u0105 niniejszego Regulaminu i stosowania si\u0119 do zawartych w nim postanowie\u0144.<\/li><li style=\"text-align: left;\">Bibliotekarze zobowi\u0105zani s\u0105 do udost\u0119pniania uczniom i rodzicom Regulaminu Biblioteki na ka\u017cde ich \u017cyczenie.<\/li><li style=\"text-align: left;\">Sprawy sporne pomi\u0119dzy nauczycielem , bibliotekarzem a u\u017cytkownikiem biblioteki rozstrzyga Dyrektor Szko\u0142y.<\/li><li style=\"text-align: left;\">Organem uprawnionym do zmiany Regulaminu jest Dyrektor Szko\u0142y.<\/li><li style=\"text-align: left;\">Decyzje w innych kwestiach zakresu udost\u0119pniania podr\u0119cznik\u00f3w lub materia\u0142\u00f3w edukacyjnych, kt\u00f3re nie zosta\u0142y uj\u0119te w niniejszym regulaminie , podejmuje Dyrektor.<\/li><li style=\"text-align: left;\">Uchyla si\u0119 \u201e Regulamin korzystania z podr\u0119cznik\u00f3w \u201eNasz Elementarz\u201d do klasy pierwszej szko\u0142y podstawowej\u201d z dnia 1 wrze\u015bnia 2014r.<\/li><li style=\"text-align: left;\">Niniejszy Regulamin wchodzi w \u017cycie z dniem 1 wrze\u015bnia 2015r. zgodnie z Zarz\u0105dzeniem Dyrektora.<\/li><\/ol>\t\t\t\t\t\t<\/div>\n\t\t\t\t<\/div>\n\t\t\t\t\t<\/div>\n\t\t<\/div>\n\t\t\t\t\t<\/div>\n\t\t<\/section>\n\t\t\t\t<\/div>\n\t\t","protected":false},"excerpt":{"rendered":"<p>Regulamin korzystania z darmowych podr\u0119cznik\u00f3w lub materia\u0142\u00f3w edukacyjnych Szko\u0142y Podstawowej i Publicznego Gimnazjum w Kluczewsku. Rozdzia\u0142 I Postanowienia Og\u00f3lne \u00a7\u00a01 Przedmiot regulaminu 1.Niniejszy \u201eRegulamin korzystania z darmowych podr\u0119cznik\u00f3w lub materia\u0142\u00f3w edukacyjnych, zwany dalej \u201eRegulaminem\u201d, reguluje: a) zasady zwi\u0105zane z wypo\u017cyczaniem i zapewnieniem uczniom dost\u0119pu do podr\u0119cznik\u00f3w lub materia\u0142\u00f3w edukacyjnych, b) [&hellip;]<\/p>\n","protected":false},"author":2,"featured_media":0,"parent":0,"menu_order":0,"comment_status":"closed","ping_status":"closed","template":"","meta":{"ngg_post_thumbnail":0,"footnotes":""},"class_list":["post-2133","page","type-page","status-publish","hentry"],"_links":{"self":[{"href":"https:\/\/spkluczewsko.pl\/index.php?rest_route=\/wp\/v2\/pages\/2133","targetHints":{"allow":["GET"]}}],"collection":[{"href":"https:\/\/spkluczewsko.pl\/index.php?rest_route=\/wp\/v2\/pages"}],"about":[{"href":"https:\/\/spkluczewsko.pl\/index.php?rest_route=\/wp\/v2\/types\/page"}],"author":[{"embeddable":true,"href":"https:\/\/spkluczewsko.pl\/index.php?rest_route=\/wp\/v2\/users\/2"}],"replies":[{"embeddable":true,"href":"https:\/\/spkluczewsko.pl\/index.php?rest_route=%2Fwp%2Fv2%2Fcomments&post=2133"}],"version-history":[{"count":7,"href":"https:\/\/spkluczewsko.pl\/index.php?rest_route=\/wp\/v2\/pages\/2133\/revisions"}],"predecessor-version":[{"id":2407,"href":"https:\/\/spkluczewsko.pl\/index.php?rest_route=\/wp\/v2\/pages\/2133\/revisions\/2407"}],"wp:attachment":[{"href":"https:\/\/spkluczewsko.pl\/index.php?rest_route=%2Fwp%2Fv2%2Fmedia&parent=2133"}],"curies":[{"name":"wp","href":"https:\/\/api.w.org\/{rel}","templated":true}]}}