{"id":2193,"date":"2021-09-15T11:44:20","date_gmt":"2021-09-15T09:44:20","guid":{"rendered":"http:\/\/spkluczewsko.pl\/?page_id=2193"},"modified":"2025-09-15T18:36:57","modified_gmt":"2025-09-15T16:36:57","slug":"pedagog","status":"publish","type":"page","link":"https:\/\/spkluczewsko.pl\/?page_id=2193","title":{"rendered":"Pedagog"},"content":{"rendered":"<p>Prosimy o wype\u0142nienie kr\u00f3tkiej ankiety ewaluacyjnej Programu Wychowawczo- Profilaktycznego. Ewaluacja pozwala pozna\u0107 i zrozumie\u0107 w jakim stopniu realizowane s\u0105 za\u0142o\u017cone cele programu. Opinia uczni\u00f3w jest potrzebna do modyfikacji dzia\u0142a\u0144 szko\u0142y. Ankieta znajduje si\u0119 w linku poni\u017cej.<\/p>\n<p><a href=\"https:\/\/docs.google.com\/forms\/d\/e\/1FAIpQLSejxY2uIOrD3PNyWdUYJ-TdxccNMuWegi1Itah54mySAQFaKg\/viewform?usp=dialog\">https:\/\/docs.google.com\/forms\/d\/e\/1FAIpQLSejxY2uIOrD3PNyWdUYJ-TdxccNMuWegi1Itah54mySAQFaKg\/viewform?usp=dialog<\/a><\/p>\n<p><img fetchpriority=\"high\" decoding=\"async\" class=\"aligncenter size-full wp-image-9334\" src=\"https:\/\/spkluczewsko.pl\/wp-content\/uploads\/2023\/12\/Depresja-1.png\" alt=\"\" width=\"1920\" height=\"1080\" srcset=\"https:\/\/spkluczewsko.pl\/wp-content\/uploads\/2023\/12\/Depresja-1.png 1920w, https:\/\/spkluczewsko.pl\/wp-content\/uploads\/2023\/12\/Depresja-1-300x169.png 300w, https:\/\/spkluczewsko.pl\/wp-content\/uploads\/2023\/12\/Depresja-1-1024x576.png 1024w, https:\/\/spkluczewsko.pl\/wp-content\/uploads\/2023\/12\/Depresja-1-768x432.png 768w, https:\/\/spkluczewsko.pl\/wp-content\/uploads\/2023\/12\/Depresja-1-1536x864.png 1536w\" sizes=\"(max-width: 1920px) 100vw, 1920px\" \/><\/p>\n<p style=\"text-align: justify;\"><strong>Pok\u00f3j Pedagoga Szkolnego<\/strong><\/p>\n<p style=\"text-align: justify;\">W naszej szkole funkcjonuje pedagog szkolny, kt\u00f3ry udziela konsultacji uczniom, rodzicom i nauczycielom w specjalnie przygotowanym i wyposa\u017conym na ten cel pokoju. Do pedagoga szkolnego zg\u0142aszaj\u0105 si\u0119 uczniowie na indywidualne zaj\u0119cia z pomocy psychologiczno \u2013 pedagogicznej, specjalistyczne zaj\u0119cia terapeutyczne oraz rozmowy, podczas kt\u00f3rych udzielane s\u0105 porady i rozwi\u0105zywane bie\u017c\u0105ce problemy. Ponadto pedagog prowadzi warsztaty tematyczne dla poszczeg\u00f3lnych klas oraz zaj\u0119cia relaksacyjne opieraj\u0105ce si\u0119 na technice prawid\u0142owego oddychania po\u0142\u0105czone z muzykoterapi\u0105.<\/p>\nngg_shortcode_0_placeholder\n<p style=\"text-align: center;\"><strong><span style=\"color: #ff6600; font-size: 14pt;\">G\u0142\u00f3wnym partnerem w pracy pedagoga jest ucze\u0144.<\/span><br \/>\n<\/strong><br \/>\nZadaniem pedagoga szkolnego jest:<\/p>\n<ol>\n<li>Diagnozowanie \u015brodowiska uczniowskiego i rozpoznawanie indywidualnych potrzeb uczni\u00f3w;<\/li>\n<li>Organizowanie i prowadzenie r\u00f3\u017cnych form pomocy psychologiczno \u2013 pedagogicznej dla uczni\u00f3w, rodzic\u00f3w&nbsp;i nauczycieli;<\/li>\n<li>Podejmowanie i wspieranie dzia\u0142a\u0144 wychowawczych i profilaktycznych;<\/li>\n<li>Wspieranie dzia\u0142a\u0144 wychowawczych i opieku\u0144czych nauczycieli;<\/li>\n<li>Dzia\u0142anie na rzecz zorganizowania opieki i pomocy materialnej uczniom znajduj\u0105cym si\u0119 w trudnej sytuacji.<\/li>\n<\/ol>\n<p>&nbsp;<\/p>\n<h1 class=\"system-page-heading\"><span style=\"font-size: 12pt;\">Wi\u0119\u017a ojca z dzieckiem &#8211; dlaczego jest wa\u017cna i jak j\u0105 budowa\u0107? Materia\u0142y edukacyjne (Fundacja Dajemy Dzieciom Si\u0142\u0119)<\/span><\/h1>\n<p><a href=\"https:\/\/edukacja.fdds.pl\/pluginfile.php\/98067\/mod_resource\/content\/2\/wiez_ojcowie_pl_final.pdf\">https:\/\/edukacja.fdds.pl\/pluginfile.php\/98067\/mod_resource\/content\/2\/wiez_ojcowie_pl_final.pdf<\/a><\/p>\n<p><strong>Psycholodzy radz\u0105, jak w domu i w szkole rozmawia\u0107 z dzie\u0107mi i m\u0142odzie\u017c\u0105 o wojnie w Ukrainie.<\/strong><\/p>\n<p><a href=\"https:\/\/blog.ceo.org.pl\/psycholog-radzi-jak-w-domu-i-w-szkole-rozmawiac-z-dziecmi-i-mlodzieza-o-wojnie-w-ukrainie\/?fbclid=IwAR1_M2JmR6rhUGP7nJCjs6wrItHWqISGLoejYyEYO9eJj7kRANb41HnDX98\">https:\/\/blog.ceo.org.pl\/psycholog-radzi-jak-w-domu-i-w-szkole-rozmawiac-z-dziecmi-i-mlodzieza-o-wojnie-w-ukrainie\/?fbclid=IwAR1_M2JmR6rhUGP7nJCjs6wrItHWqISGLoejYyEYO9eJj7kRANb41HnDX98<\/a><\/p>\n<p>&nbsp;<\/p>\n<p>Zach\u0119cam Rodzic\u00f3w do obejrzenia kr\u00f3tkiego filmu <em><strong>#\u015bwi\u0119tokrzyskieNIEhejtuje- Szanuj, nie hejtuj<br \/>\n<\/strong><\/em>przygotowanego przez \u015awi\u0119tokrzyski Urz\u0105d Wojew\u00f3dzki w Kielcach.<br \/>\n<a href=\"https:\/\/youtu.be\/AJqGz7yz8dI\">https:\/\/youtu.be\/AJqGz7yz8dI<\/a><\/p>\n<p>&nbsp;<\/p>\nngg_shortcode_1_placeholder<em>Bezp\u0142atna infolinia dla dzieci, m\u0142odzie\u017cy i&nbsp; opiekun\u00f3w- wsparcie psychologiczne w sytuacji kryzysu.<\/em><br \/>\n<a href=\"https:\/\/www.gov.pl\/web\/edukacja-i-nauka\/bezplatna-infolinia-dla-dzieci-mlodziezy-i-opiekunow--wsparcie-psychologiczne-w-sytuacji-kryzysu\">https:\/\/www.gov.pl\/web\/edukacja-i-nauka\/bezplatna-infolinia-dla-dzieci-mlodziezy-i-opiekunow&#8211;wsparcie-psychologiczne-w-sytuacji-kryzysu<\/a><\/p>\nngg_shortcode_2_placeholder\n<p style=\"text-align: justify;\">Drodzy Rodzice!&nbsp;<br \/>\nUrz\u0105dzenia ekranowe s\u0105 atrakcyjnym elementem \u017cycia dzieci i m\u0142odzie\u017cy. Jednak nadmiar ekran\u00f3w mo\u017ce mie\u0107 negatywny wp\u0142yw na rozw\u00f3j i zdrowie dziecka. Dlatego wprowad\u017acie zasady korzystania z telefon\u00f3w, tablet\u00f3w i komputer\u00f3w. W poni\u017cszym linku znajdziecie <em>domowe zasady ekranowe.<br \/>\n<a href=\"https:\/\/www.domowezasadyekranowe.fdds.pl\/\">https:\/\/www.domowezasadyekranowe.fdds.pl\/<\/a><\/em><\/p>\n<p>&nbsp;<\/p>\n<p><img decoding=\"async\" class=\"alignnone size-full wp-image-4264 aligncenter\" src=\"https:\/\/spkluczewsko.pl\/wp-content\/uploads\/2022\/01\/9.png\" alt=\"\" width=\"397\" height=\"560\" srcset=\"https:\/\/spkluczewsko.pl\/wp-content\/uploads\/2022\/01\/9.png 397w, https:\/\/spkluczewsko.pl\/wp-content\/uploads\/2022\/01\/9-213x300.png 213w\" sizes=\"(max-width: 397px) 100vw, 397px\" \/><\/p>\n<h3 id=\"sectionid-930-title\" class=\"sectionname\"><a href=\"https:\/\/edukacja.fdds.pl\/course\/view.php?id=295#section-0\">Broszura o roli dziadk\u00f3w w \u017cyciu dziecka<\/a><\/h3>\n<p>Broszura zosta\u0142a opracowana w ramach kampanii spo\u0142ecznej &#8222;By\u0107 Babci\u0105, by\u0107 Dziadkiem&#8221;, maj\u0105cej na celu podkre\u015blenie roli dziadk\u00f3w ich wzmocnienie. Broszura, poza argumentacj\u0105 znaczenia roli relacji dziadkowie-dziecko, zawiera r\u00f3wnie\u017c wskaz\u00f3wki jak rozmawia\u0107 z rodzicami, jak ich wspiera\u0107, a tak\u017ce jak wzmacnia\u0107 siebie.&nbsp;<\/p>\n<p><a href=\"https:\/\/drive.google.com\/file\/d\/1dPhE90E-VmJLXhiZo-LHzr3TmHqc6ohL\/view?usp=sharing\">https:\/\/drive.google.com\/file\/d\/1dPhE90E-VmJLXhiZo-LHzr3TmHqc6ohL\/view?usp=sharing<\/a><\/p>\n<p><img decoding=\"async\" class=\"alignnone size-full wp-image-4531\" src=\"https:\/\/spkluczewsko.pl\/wp-content\/uploads\/2022\/03\/Patotresci-w-Internecie-i-ich-wplyw-na-rozwoj-dzieci-i-mlodziezy.jpg\" alt=\"\" width=\"1414\" height=\"2000\" srcset=\"https:\/\/spkluczewsko.pl\/wp-content\/uploads\/2022\/03\/Patotresci-w-Internecie-i-ich-wplyw-na-rozwoj-dzieci-i-mlodziezy.jpg 1414w, https:\/\/spkluczewsko.pl\/wp-content\/uploads\/2022\/03\/Patotresci-w-Internecie-i-ich-wplyw-na-rozwoj-dzieci-i-mlodziezy-212x300.jpg 212w, https:\/\/spkluczewsko.pl\/wp-content\/uploads\/2022\/03\/Patotresci-w-Internecie-i-ich-wplyw-na-rozwoj-dzieci-i-mlodziezy-724x1024.jpg 724w, https:\/\/spkluczewsko.pl\/wp-content\/uploads\/2022\/03\/Patotresci-w-Internecie-i-ich-wplyw-na-rozwoj-dzieci-i-mlodziezy-768x1086.jpg 768w, https:\/\/spkluczewsko.pl\/wp-content\/uploads\/2022\/03\/Patotresci-w-Internecie-i-ich-wplyw-na-rozwoj-dzieci-i-mlodziezy-1086x1536.jpg 1086w\" sizes=\"(max-width: 1414px) 100vw, 1414px\" \/><\/p>\n","protected":false},"excerpt":{"rendered":"<p>Prosimy o wype\u0142nienie kr\u00f3tkiej ankiety ewaluacyjnej Programu Wychowawczo- Profilaktycznego. Ewaluacja pozwala pozna\u0107 i zrozumie\u0107 w jakim stopniu realizowane s\u0105 za\u0142o\u017cone cele programu. Opinia uczni\u00f3w jest potrzebna do modyfikacji dzia\u0142a\u0144 szko\u0142y. Ankieta znajduje si\u0119 w linku poni\u017cej. https:\/\/docs.google.com\/forms\/d\/e\/1FAIpQLSejxY2uIOrD3PNyWdUYJ-TdxccNMuWegi1Itah54mySAQFaKg\/viewform?usp=dialog Pok\u00f3j Pedagoga Szkolnego W naszej szkole funkcjonuje pedagog szkolny, kt\u00f3ry udziela konsultacji uczniom, [&hellip;]<\/p>\n","protected":false},"author":2,"featured_media":0,"parent":0,"menu_order":0,"comment_status":"closed","ping_status":"closed","template":"","meta":{"ngg_post_thumbnail":0,"footnotes":""},"class_list":["post-2193","page","type-page","status-publish","hentry"],"_links":{"self":[{"href":"https:\/\/spkluczewsko.pl\/index.php?rest_route=\/wp\/v2\/pages\/2193","targetHints":{"allow":["GET"]}}],"collection":[{"href":"https:\/\/spkluczewsko.pl\/index.php?rest_route=\/wp\/v2\/pages"}],"about":[{"href":"https:\/\/spkluczewsko.pl\/index.php?rest_route=\/wp\/v2\/types\/page"}],"author":[{"embeddable":true,"href":"https:\/\/spkluczewsko.pl\/index.php?rest_route=\/wp\/v2\/users\/2"}],"replies":[{"embeddable":true,"href":"https:\/\/spkluczewsko.pl\/index.php?rest_route=%2Fwp%2Fv2%2Fcomments&post=2193"}],"version-history":[{"count":65,"href":"https:\/\/spkluczewsko.pl\/index.php?rest_route=\/wp\/v2\/pages\/2193\/revisions"}],"predecessor-version":[{"id":2999,"href":"https:\/\/spkluczewsko.pl\/index.php?rest_route=\/wp\/v2\/pages\/2193\/revisions\/2999"}],"wp:attachment":[{"href":"https:\/\/spkluczewsko.pl\/index.php?rest_route=%2Fwp%2Fv2%2Fmedia&parent=2193"}],"curies":[{"name":"wp","href":"https:\/\/api.w.org\/{rel}","templated":true}]}}