{"id":5344,"date":"2022-06-03T11:41:13","date_gmt":"2022-06-03T09:41:13","guid":{"rendered":"http:\/\/spkluczewsko.pl\/?page_id=5344"},"modified":"2025-01-30T23:15:36","modified_gmt":"2025-01-30T22:15:36","slug":"deklaracja-dostepnosci","status":"publish","type":"page","link":"https:\/\/spkluczewsko.pl\/?page_id=5344","title":{"rendered":"Deklaracja dost\u0119pno\u015bci"},"content":{"rendered":"<p>Deklaracja dost\u0119pno\u015bci &#8211; SP Kluczewsko &#8211; <a href=\"https:\/\/spkluczewsko.pl\/wp-content\/uploads\/2025\/01\/Szkola.pdf\">TUTAJ:<\/a><\/p>\n<p>Deklaracja dost\u0119pno\u015bci &#8211; Przedszkole &#8211; <a href=\"https:\/\/spkluczewsko.pl\/wp-content\/uploads\/2025\/01\/Przedszkole.pdf\">TUTAJ:<\/a><\/p>\n","protected":false},"excerpt":{"rendered":"<p>Deklaracja dost\u0119pno\u015bci &#8211; SP Kluczewsko &#8211; TUTAJ: Deklaracja dost\u0119pno\u015bci &#8211; Przedszkole &#8211; TUTAJ:<\/p>\n","protected":false},"author":2,"featured_media":0,"parent":0,"menu_order":0,"comment_status":"closed","ping_status":"closed","template":"","meta":{"ngg_post_thumbnail":0,"footnotes":""},"class_list":["post-5344","page","type-page","status-publish","hentry"],"_links":{"self":[{"href":"https:\/\/spkluczewsko.pl\/index.php?rest_route=\/wp\/v2\/pages\/5344","targetHints":{"allow":["GET"]}}],"collection":[{"href":"https:\/\/spkluczewsko.pl\/index.php?rest_route=\/wp\/v2\/pages"}],"about":[{"href":"https:\/\/spkluczewsko.pl\/index.php?rest_route=\/wp\/v2\/types\/page"}],"author":[{"embeddable":true,"href":"https:\/\/spkluczewsko.pl\/index.php?rest_route=\/wp\/v2\/users\/2"}],"replies":[{"embeddable":true,"href":"https:\/\/spkluczewsko.pl\/index.php?rest_route=%2Fwp%2Fv2%2Fcomments&post=5344"}],"version-history":[{"count":6,"href":"https:\/\/spkluczewsko.pl\/index.php?rest_route=\/wp\/v2\/pages\/5344\/revisions"}],"predecessor-version":[{"id":10562,"href":"https:\/\/spkluczewsko.pl\/index.php?rest_route=\/wp\/v2\/pages\/5344\/revisions\/10562"}],"wp:attachment":[{"href":"https:\/\/spkluczewsko.pl\/index.php?rest_route=%2Fwp%2Fv2%2Fmedia&parent=5344"}],"curies":[{"name":"wp","href":"https:\/\/api.w.org\/{rel}","templated":true}]}}