{"id":7079,"date":"2022-11-22T21:50:09","date_gmt":"2022-11-22T20:50:09","guid":{"rendered":"http:\/\/spkluczewsko.pl\/?page_id=7079"},"modified":"2024-03-24T21:41:29","modified_gmt":"2024-03-24T20:41:29","slug":"laboratoria-przyszlosci","status":"publish","type":"page","link":"https:\/\/spkluczewsko.pl\/?page_id=7079","title":{"rendered":"Laboratoria Przysz\u0142o\u015bci"},"content":{"rendered":"<div class=\"swm-post-title-section\">\n<div class=\"swm-post-title-content\">\n<div class=\"swm-post-title\">\n<div>\n<div>\n<div>\n<p><strong>&#8222;Lutownica ponownie w akcji&#8230;<\/strong><\/p>\n<p style=\"text-align: justify;\">W ramach projektu \u201eLaboratoria przysz\u0142o\u015bci\u201d zosta\u0142y przeprowadzone zaj\u0119cia w klasie V. Uczniowie poznali budow\u0119 lutownicy i praktyczne jej zastosowanie. Zosta\u0142y r\u00f3wnie\u017c om\u00f3wione zasady bezpiecznego pos\u0142ugiwania si\u0119 tym urz\u0105dzeniem.<\/p>\n<p style=\"text-align: right;\">Bo\u017cena Celeba\u0144ska-Suliga<\/p>\nngg_shortcode_0_placeholder\n<p><strong>&#8222;Lutownica w akcji&#8221;<\/strong><\/p>\n<p style=\"text-align: justify;\">W ramach projektu \u201eLaboratoria przysz\u0142o\u015bci\u201d zosta\u0142y przeprowadzone zaj\u0119cia w klasie Va. Uczniowie poznali budow\u0119 lutownicy i praktyczne jej zastosowanie. Zosta\u0142y r\u00f3wnie\u017c om\u00f3wione zasady bezpiecznego pos\u0142ugiwania si\u0119 tym urz\u0105dzeniem.<\/p>\n<p style=\"text-align: right;\">Bo\u017cena Celeba\u0144ska-Suliga<\/p>\n<p>Zdj\u0119cia <a href=\"https:\/\/www.facebook.com\/ZPSKluczewsko\/posts\/pfbid02Cs4yKGFGLotdX3pdHKBG1AiWuihV9UqRSTGfXNaqrYe74UjLYz1x52BNXbjYuSK9l\">TUTAJ:<\/a><\/p>\n<p style=\"text-align: justify;\"><strong><span style=\"vertical-align: inherit;\"><span style=\"vertical-align: inherit;\">Zabawa z d\u0142ugopisem 3D<\/span><\/span><\/strong><\/p>\n<p style=\"text-align: justify;\"><span style=\"vertical-align: inherit;\"><span style=\"vertical-align: inherit;\">Nauki klasy III na pocz\u0105tku nauki z d\u0142ugopisami 3D uczyli si\u0119 zastosowania narz\u0119dzia i podj\u0119li rozpocz\u0119cie pr\u00f3by wprowadzenia. <\/span><span style=\"vertical-align: inherit;\">Celem tych zaj\u0119\u0107 by\u0142o pokazanie im mo\u017cliwo\u015bci zwi\u0105zku z drukowaniem i nabraniem przez nich w sprawie w operowaniu d\u0142ugopisem. <\/span><span style=\"vertical-align: inherit;\">Dzi\u0119ki temu uda\u0142o si\u0119, jak wykona\u0107 wydruk, aby by\u0142 trwa\u0142y i si\u0119 nie po\u0142ama\u0142 i jak po\u0142\u0105czy\u0107 ze sob\u0105 osobne wydrukowane cz\u0119\u015bci.<\/span><\/span><\/p>\n<p style=\"text-align: right;\"><span style=\"vertical-align: inherit;\"><span style=\"vertical-align: inherit;\">Barbary W\u0142odzik<\/span><\/span><\/p>\n<p><span style=\"vertical-align: inherit;\"><span style=\"vertical-align: inherit;\">Zdj\u0119cia <\/span><\/span><a href=\"https:\/\/www.facebook.com\/ZPSKluczewsko\/posts\/pfbid0f6s58HxWrLpddveqJkVZKpmfYL8DchphEciXi8pF7ZYThNKnE6rkQFZG5bXtUJixl\"><span style=\"vertical-align: inherit;\"><span style=\"vertical-align: inherit;\">TUTAJ:&nbsp;<\/span><\/span><\/a><\/p>\n<\/div>\n<div style=\"text-align: justify;\"><strong><span style=\"vertical-align: inherit;\"><span style=\"vertical-align: inherit;\">Laboratoria przysz\u0142o\u015bci.<\/span><\/span><\/strong><\/div>\n<div style=\"text-align: justify;\">&nbsp;<\/div>\n<div style=\"text-align: justify;\"><span style=\"vertical-align: inherit;\"><span style=\"vertical-align: inherit;\">W czasie ostatniego miesi\u0105ca podczas zaj\u0119\u0107 z robotyki uczni\u00f3w klas VI i IV, kt\u00f3re prowadz\u0105 z robotami w ramach programu Laboratoria Przysz\u0142o\u015bci. <\/span><span style=\"vertical-align: inherit;\">Nauka wyodr\u0119bnienia po innej stronie zabaw\u0105. <\/span><span style=\"vertical-align: inherit;\">Okaza\u0142o si\u0119, \u017ce robot mo\u017ce by\u0107 doskona\u0142ym kompanem do sprz\u0105tania, czarowania, wype\u0142niania rycerskich doskona\u0142o\u015bci. <\/span><span style=\"vertical-align: inherit;\">a zaj\u0119cia z robotyki &#8211; zajmuj\u0105 si\u0119 doskonaleniem programowania i wzbogacenia wiedzy z zakresu robotyki i elektroniki.&nbsp;<\/span><\/span><\/div>\n<div style=\"text-align: right;\"><span style=\"vertical-align: inherit;\"><span style=\"vertical-align: inherit;\">Ma\u0142gorzata Lipniak<\/span><\/span><\/div>\n<div><span style=\"vertical-align: inherit;\"><span style=\"vertical-align: inherit;\">Zdj\u0119cia <\/span><\/span><a href=\"https:\/\/www.facebook.com\/ZPSKluczewsko\/posts\/pfbid01CEWtN5oZtZUTnp4A9R8Y7jozZTMc2btSGJK5AQNotX4G2GrZs1JteAiT4vmN2zel\"><span style=\"vertical-align: inherit;\"><span style=\"vertical-align: inherit;\">TUTAJ:<\/span><\/span><\/a><\/div>\n<div>&nbsp;<\/div>\n<\/div>\n<div><strong><span style=\"vertical-align: inherit;\"><span style=\"vertical-align: inherit;\">Laboratoria przysz\u0142o\u015bci.<\/span><\/span><\/strong><\/div>\n<div>&nbsp;<\/div>\n<div style=\"text-align: justify;\">W czasie ostatniego miesi\u0105ca podczas zaj\u0119\u0107 z robotyki&nbsp; uczniowie klas VI i V&nbsp; konstruowali roboty korzystaj\u0105c z zestaw\u00f3w zakupionych w ramach programu Laboratoria Przysz\u0142o\u015bci. Tak powsta\u0142y mBot2 i jedna z wersji Spike Prime. Samodzielne z\u0142o\u017cenie robot\u00f3w sta\u0142o si\u0119 \u017ar\u00f3d\u0142em \u015bwietnej zabawy, doskona\u0142\u0105 okazj\u0105 do doskonalenia umiej\u0119tno\u015bci programowania oraz poznania podstawowych poj\u0119\u0107 z zakresu robotyki i elektroniki.&nbsp;<\/div>\n<\/div>\n<div style=\"text-align: right;\">Ma\u0142gorzata Lipniak<\/div>\n<div>Zdj\u0119cia <a href=\"https:\/\/www.facebook.com\/ZPSKluczewsko\/posts\/pfbid02Uf35WwcY2o4FK1juUyiGtFB5wkuX1vf9f56Hj3GUVAt297bfNhADfCFgxNpADirJl\">TUTAJ:<\/a><\/div>\n<div>\n<p><strong>Zaj\u0119cia z pomocami edukacyjnymi z programu #LabolatoriaPrzysz\u0142o\u015bci.<\/strong><\/p>\n<p style=\"text-align: justify;\">Uczniowie z klasy II&nbsp; &nbsp;dzi\u0119ki programowi <strong><em>Laboratoria Przysz\u0142o\u015bci<\/em><\/strong> na zaj\u0119ciach konstruowali&nbsp;r\u00f3\u017cne budowle&nbsp;z klock\u00f3w . Zestaw tych klock\u00f3w to \u015bwietny spos\u00f3b na nauk\u0119 przez zabaw\u0119. My\u015blimy, tworzymy, budujemy a przy tym \u015bwietnie si\u0119 bawimy. Samodzielne budowanie konstrukcji z klock\u00f3w rozwija zdolno\u015bci matematyczne oraz logiczne my\u015blenie. Uczniowie konstruowali budowle na podstawie instrukcji. Wymaga\u0142o to uwa\u017cnego zapoznania si\u0119 z poszczeg\u00f3lnymi etapami pracy. Uczniowie pracowali w zespole. Na zako\u0144czenie ka\u017cde dziecko mia\u0142o mo\u017cliwo\u015b\u0107 zbudowania konstrukcji wed\u0142ug w\u0142asnego pomys\u0142u.<\/p>\n<p style=\"text-align: right;\"><em>Jolanta Noga<\/em><\/p>\nngg_shortcode_1_placeholder<strong>Klocki K&#8217;NEX Education<\/strong><\/p>\n<p style=\"text-align: justify;\">W ramach inicjatywy edukacyjnej Laboratoria Przysz\u0142o\u015bci uczniowie klasy III konstruowali podczas zaj\u0119\u0107 pojazdy z &nbsp;<strong>klock\u00f3w&nbsp; K&#8217;NEX Education<\/strong><strong>. <\/strong>Tworz\u0105c modele 3D dzieci rozwija\u0142y umiej\u0119tno\u015b\u0107 rozwi\u0105zywania problem\u00f3w, \u015bwiadomo\u015b\u0107 przestrzenn\u0105, wyobra\u017ani\u0119 oraz zdolno\u015bci manualne. Zestaw klock\u00f3w jest ciekawym materia\u0142em do nauki i \u015bwietnej zabawy w budowanie.<\/p>\n<p style=\"text-align: right;\"><em>Barbara W\u0142odzik<\/em><\/p>\nngg_shortcode_2_placeholder<strong>D\u0142ugopis 3D<\/strong><\/p>\n<p style=\"text-align: justify;\">D\u0142ugopis 3D to urz\u0105dzenie, z kt\u00f3rego ko\u0144c\u00f3wki pod wp\u0142ywem wysokiej temperatury wydobywa si\u0119 rozpuszczony filament w r\u00f3\u017cnych kolorach. Za jego pomoc\u0105 mo\u017cna tworzy\u0107 rysunki i przedmioty w trzech wymiarach. Zaj\u0119cia z u\u017cyciem d\u0142ugopisu 3D, to nie tylko dobra zabawa, ale r\u00f3wnie\u017c kszta\u0142towanie wyobra\u017ani przestrzennej, my\u015blenia abstrakcyjnego, kreatywno\u015bci oraz sprawno\u015bci manualnej.<\/p>\n<p style=\"text-align: right;\"><em>Aleksandra Sk\u00f3rnicka, Ewelina Dumin<\/em><\/p>\nngg_shortcode_3_placeholder<\/div>\n<div><strong>Zabawa z lutownic\u0105<\/strong><\/div>\n<div>\n<p style=\"text-align: justify;\">W ramach projektu \u201eLaboratoria przysz\u0142o\u015bci\u201d zosta\u0142y przeprowadzone zaj\u0119cia w klasie Vb. Uczniowie poznali budow\u0119 lutownicy i praktyczne jej zastosowanie. Zosta\u0142y r\u00f3wnie\u017c om\u00f3wione zasady bezpiecznego pos\u0142ugiwania si\u0119 tym urz\u0105dzeniem.<\/p>\n<p style=\"text-align: right;\"><em>Bo\u017cena Celeba\u0144ska &#8211; Suliga<\/em><\/p>\nngg_shortcode_4_placeholder<\/div>\n<div><strong>Nauka poprzez zabaw\u0119 &#8211; Laboratoria Przysz\u0142o\u015bci<\/strong><\/div>\n<div>&nbsp;<\/div>\n<div style=\"text-align: justify;\">Powszechnie wiadomo, \u017ce po\u0142\u0105czenie nauki z zabaw\u0105 jest najlepszym sposobem na zdobywanie wiedzy. T\u0105 znan\u0105 prawd\u0119 potwierdzili uczniowie, kt\u00f3rzy wzi\u0119li udzia\u0142 w zaj\u0119ciach z robotyki. Podczas kilku spotka\u0144 ch\u0119tni doskonalili swoje umiej\u0119tno\u015bci programuj\u0105c robota i \u015bwietnie si\u0119 przy tym bawi\u0105c. To by\u0142 mile i po\u017cytecznie sp\u0119dzony czas.<\/div>\n<div style=\"text-align: right;\"><em>Ma\u0142gorzata Lipniak<\/em><\/div>\n<div>ngg_shortcode_5_placeholder<\/div>\n<div>&nbsp;<\/div>\n<h1>Laboratoria Przysz\u0142o\u015bci<\/h1>\n<\/div>\n<\/div>\n<\/div>\n<div class=\"swm-post-list-content-section swm-post-list-single-content-section\">\n<div class=\"swm-post-single-content\">\n<p style=\"text-align: justify;\"><span style=\"vertical-align: inherit;\"><span style=\"vertical-align: inherit;\">Szko\u0142a Podstawowa im. <\/span><span style=\"vertical-align: inherit;\">po\u0142udniowy zach\u00f3d. <\/span><span style=\"vertical-align: inherit;\">Jana Paw\u0142a II w Zespole Przedszkolno \u2013 Szkolnym w Kluczewsku bierze udzia\u0142 w Programie \u201eLaboratoria Przysz\u0142o\u015bci\u201d. <\/span><span style=\"vertical-align: inherit;\">Jest to inicjatywa edukacyjna realizowana przez Ministerstwo Edukacji i Nauki we wsp\u00f3\u0142pracy z Centrum GovTech w Kancelarii Prezesa Rady Ministr\u00f3w. <\/span><span style=\"vertical-align: inherit;\">Naczeln\u0105 misj\u0105 programu jest tworzenie nowoczesnej szko\u0142y, w kt\u00f3rej b\u0119d\u0105 pracowa\u0107 w spos\u00f3b naturalny, anga\u017cuj\u0105cy dziecko oraz wspieraj\u0105cy odkrywanie ich talent\u00f3w i rozwijanie dzia\u0142a\u0144. <\/span><span style=\"vertical-align: inherit;\">Celem programu jest wsparcie wszystkich szk\u00f3\u0142 podstawowych w budowaniu w\u015br\u00f3d dzieciak\u00f3w przysz\u0142o\u015bci z tzw. <\/span><span style=\"vertical-align: inherit;\">STEAM (nauka, technologia, in\u017cynieria, sztuka oraz matematyka).<\/span><\/span><\/p>\n<p style=\"text-align: justify;\"><strong><span style=\"vertical-align: inherit;\"><span style=\"vertical-align: inherit;\">W ramach Programu \u201eLaboratoria Przysz\u0142o\u015bci\u201d zosta\u0142 udost\u0119pniony dla u\u017cytkownik\u00f3w sprz\u0119tu:&nbsp;&nbsp;&nbsp;&nbsp;&nbsp;&nbsp;&nbsp;<\/span><\/span><\/strong><\/p>\n<ol style=\"text-align: justify;\">\n<li><span style=\"vertical-align: inherit;\"><span style=\"vertical-align: inherit;\">Drukarka 3D NS Digital \u2013 Creality Sermoon<\/span><\/span><\/li>\n<li><span style=\"vertical-align: inherit;\"><span style=\"vertical-align: inherit;\">Szafka z 3 pojemnikami nak\u0119 drukarka 3D i fi lamenty<\/span><\/span><\/li>\n<li><span style=\"vertical-align: inherit;\"><span style=\"vertical-align: inherit;\">Laptop ameryka\u0144ski<\/span><\/span><\/li>\n<li><span style=\"vertical-align: inherit;\"><span style=\"vertical-align: inherit;\">Mikrokontroler z czujnikami i akcesoriami<\/span><\/span><\/li>\n<li><span style=\"vertical-align: inherit;\"><span style=\"vertical-align: inherit;\">Stacja lutownicza z gor\u0105cym powietrzem Yihua<\/span><\/span><\/li>\n<li><span style=\"vertical-align: inherit;\"><span style=\"vertical-align: inherit;\">Statyw Fancier<\/span><\/span><\/li>\n<li><span style=\"vertical-align: inherit;\"><span style=\"vertical-align: inherit;\">O\u015bwietlenie do realizacji nagrania<\/span><\/span><\/li>\n<li><span style=\"vertical-align: inherit;\"><span style=\"vertical-align: inherit;\">Mikrofon kierunkowy nakamerowy Synco M3<\/span><\/span><\/li>\n<li><span style=\"vertical-align: inherit;\"><span style=\"vertical-align: inherit;\">Zestaw mikrofon\u00f3w nag\u0142ownych<\/span><\/span><\/li>\n<li><span style=\"vertical-align: inherit;\"><span style=\"vertical-align: inherit;\">Gimbal r\u0119czny Feiyu Tech<\/span><\/span><\/li>\n<li><span style=\"vertical-align: inherit;\"><span style=\"vertical-align: inherit;\">Aparat fotograficzny Canon EOS 250D<\/span><\/span><\/li>\n<li><span style=\"vertical-align: inherit;\"><span style=\"vertical-align: inherit;\">Mikroport Synco G1 A1<\/span><\/span><\/li>\n<li><span style=\"vertical-align: inherit;\"><span style=\"vertical-align: inherit;\">Lego Education SPIKE Prime<\/span><\/span><\/li>\n<li><span style=\"vertical-align: inherit;\"><span style=\"vertical-align: inherit;\">Zestaw Lego SPIKE Essential<\/span><\/span><\/li>\n<li><span style=\"vertical-align: inherit;\"><span style=\"vertical-align: inherit;\">Lego Education BricQ Motion Prime<\/span><\/span><\/li>\n<li><span style=\"vertical-align: inherit;\"><span style=\"vertical-align: inherit;\">Lego Education BricQ Motion Esential<\/span><\/span><\/li>\n<li><span style=\"vertical-align: inherit;\"><span style=\"vertical-align: inherit;\">RoboCamp biblioteka modele 3D<\/span><\/span><\/li>\n<li><span style=\"vertical-align: inherit;\"><span style=\"vertical-align: inherit;\">Mata Warsztatowa RoboCamp<\/span><\/span><\/li>\n<li><span style=\"vertical-align: inherit;\"><span style=\"vertical-align: inherit;\">Klocki konstrukcyjne KNEX. <\/span><span style=\"vertical-align: inherit;\">Budowa pojazd\u00f3w<\/span><\/span><\/li>\n<li><span style=\"vertical-align: inherit;\"><span style=\"vertical-align: inherit;\">Klocki konstrukcyjne KNEX. <\/span><span style=\"vertical-align: inherit;\">Budowa maszyn<\/span><\/span><\/li>\n<li><span style=\"vertical-align: inherit;\"><span style=\"vertical-align: inherit;\">Czas programowania. <\/span><span style=\"vertical-align: inherit;\">Zestaw do nauki kodowania i programowania.<\/span><\/span><\/li>\n<li><span style=\"vertical-align: inherit;\"><span style=\"vertical-align: inherit;\">Robot Bee-bot<\/span><\/span><\/li>\n<li><span style=\"vertical-align: inherit;\"><span style=\"vertical-align: inherit;\">Panel kontrolny Blue-Bot i Rugget<\/span><\/span><\/li>\n<li><span style=\"vertical-align: inherit;\"><span style=\"vertical-align: inherit;\">Mikroskop<\/span><\/span><\/li>\n<li><span style=\"vertical-align: inherit;\"><span style=\"vertical-align: inherit;\">Zestaw nag\u0142o\u015bnieniowy Vonyx<\/span><\/span><\/li>\n<li><span style=\"vertical-align: inherit;\"><span style=\"vertical-align: inherit;\">Mikser d\u017awi\u0119ku<\/span><\/span><\/li>\n<li><span style=\"vertical-align: inherit;\"><span style=\"vertical-align: inherit;\">Zestaw mikrofonowy bezprzewodowy<\/span><\/span><\/li>\n<li><span style=\"vertical-align: inherit;\"><span style=\"vertical-align: inherit;\">Statyw mikrofonowy z uchwytem<\/span><\/span><\/li>\n<li><span style=\"vertical-align: inherit;\"><span style=\"vertical-align: inherit;\">Aplikacja Korynt \u2013 Chemia<\/span><\/span><\/li>\n<li><span style=\"vertical-align: inherit;\"><span style=\"vertical-align: inherit;\">Aplikacja Korynt \u2013 Biologia Cz\u0142owieka<\/span><\/span><\/li>\n<li><span style=\"vertical-align: inherit;\"><span style=\"vertical-align: inherit;\">Aplikacja Korynt \u2013 Fizyka I Astronomia<\/span><\/span><\/li>\n<li><span style=\"vertical-align: inherit;\"><span style=\"vertical-align: inherit;\">Aplikacja Korynt \u2013 Geometria.<\/span><\/span><\/li>\n<\/ol>\n<p style=\"text-align: justify;\"><span style=\"vertical-align: inherit;\"><span style=\"vertical-align: inherit;\">Zakup przez szko\u0142\u0119 dodatkowego sprz\u0119tu oraz programy komputerowe dodatkowego nauczyciela uatrakcyjni\u0107 zaj\u0119cia szkolne i korzy\u015bci dla uczni\u00f3w nie tylko na lekcjach techniki iw ramach innych obowi\u0105zkowych zaj\u0119\u0107 edukacyjnych, lecz r\u00f3wnie\u017c w ramach zaj\u0119\u0107 pozalekcyjnych, k\u00f3\u0142 do\u0142\u0105czonych i innych form rozwijania umiej\u0119tno\u015bci. <\/span><span style=\"vertical-align: inherit;\">To kolejne krok w stron\u0119 uzyskania i uatrakcyjnienia dotychczasowego procesu pozyskiwania wiedzy i umiej\u0119tno\u015bci przez uczni\u00f3w.&nbsp;<\/span><\/span><\/p>\n<\/div>\n<\/div>\n","protected":false},"excerpt":{"rendered":"<p>&#8222;Lutownica ponownie w akcji&#8230; W ramach projektu \u201eLaboratoria przysz\u0142o\u015bci\u201d zosta\u0142y przeprowadzone zaj\u0119cia w klasie V. Uczniowie poznali budow\u0119 lutownicy i praktyczne jej zastosowanie. Zosta\u0142y r\u00f3wnie\u017c om\u00f3wione zasady bezpiecznego pos\u0142ugiwania si\u0119 tym urz\u0105dzeniem. Bo\u017cena Celeba\u0144ska-Suliga &nbsp; &#8222;Lutownica w akcji&#8221; W ramach projektu \u201eLaboratoria przysz\u0142o\u015bci\u201d zosta\u0142y przeprowadzone zaj\u0119cia w klasie Va. Uczniowie [&hellip;]<\/p>\n","protected":false},"author":2,"featured_media":6121,"parent":0,"menu_order":0,"comment_status":"closed","ping_status":"closed","template":"","meta":{"ngg_post_thumbnail":0,"footnotes":""},"class_list":["post-7079","page","type-page","status-publish","has-post-thumbnail","hentry"],"_links":{"self":[{"href":"https:\/\/spkluczewsko.pl\/index.php?rest_route=\/wp\/v2\/pages\/7079","targetHints":{"allow":["GET"]}}],"collection":[{"href":"https:\/\/spkluczewsko.pl\/index.php?rest_route=\/wp\/v2\/pages"}],"about":[{"href":"https:\/\/spkluczewsko.pl\/index.php?rest_route=\/wp\/v2\/types\/page"}],"author":[{"embeddable":true,"href":"https:\/\/spkluczewsko.pl\/index.php?rest_route=\/wp\/v2\/users\/2"}],"replies":[{"embeddable":true,"href":"https:\/\/spkluczewsko.pl\/index.php?rest_route=%2Fwp%2Fv2%2Fcomments&post=7079"}],"version-history":[{"count":15,"href":"https:\/\/spkluczewsko.pl\/index.php?rest_route=\/wp\/v2\/pages\/7079\/revisions"}],"predecessor-version":[{"id":9627,"href":"https:\/\/spkluczewsko.pl\/index.php?rest_route=\/wp\/v2\/pages\/7079\/revisions\/9627"}],"wp:featuredmedia":[{"embeddable":true,"href":"https:\/\/spkluczewsko.pl\/index.php?rest_route=\/wp\/v2\/media\/6121"}],"wp:attachment":[{"href":"https:\/\/spkluczewsko.pl\/index.php?rest_route=%2Fwp%2Fv2%2Fmedia&parent=7079"}],"curies":[{"name":"wp","href":"https:\/\/api.w.org\/{rel}","templated":true}]}}