{"id":7989,"date":"2023-03-01T13:32:36","date_gmt":"2023-03-01T12:32:36","guid":{"rendered":"http:\/\/spkluczewsko.pl\/?page_id=7989"},"modified":"2023-03-02T15:14:24","modified_gmt":"2023-03-02T14:14:24","slug":"psycholog","status":"publish","type":"page","link":"https:\/\/spkluczewsko.pl\/?page_id=7989","title":{"rendered":"Psycholog"},"content":{"rendered":"<p><strong>Gabinet Psychologa Szkolnego<\/strong><\/p>\n<p style=\"text-align: justify;\">Gabinet psychologa szkolnego stanowi miejsce przeznaczone do udzielania pomocy psychologiczno- pedagogicznej uczniom, rodzicom uczni\u00f3w oraz nauczycielom Zespo\u0142u Przedszkolno- Szkolnego w Kluczewsku. Gabinet zosta\u0142 zaprojektowany tak, by by\u0142 przyjazny zar\u00f3wno dla m\u0142odszych jak i starszych dzieci. Posiada miejsce do indywidualnych rozm\u00f3w z uczniem, rodzicem, nauczycielem jak i stanowisko do pracy indywidualnej z uczniem. Gabinet wyposa\u017cony jest w szereg profesjonalnych i przyjaznych pomocy terapeutycznych mi\u0119dzy innymi gry, zabawki, akcesoria oraz plansze i tablice tematyczne. Jest to miejsce, w kt\u00f3rym udzielana jest pomoc psychologiczno- pedagogiczna w formie porad i konsultacji. Ponadto w gabinecie odbywaj\u0105 si\u0119 zaj\u0119cia rozwijaj\u0105ce: uzdolnienie, umiej\u0119tno\u015bci uczenia si\u0119, kompetencje emocjonalno- spo\u0142eczne oraz inne o charakterze terapeutycznym.<\/p>\nngg_shortcode_0_placeholder\n","protected":false},"excerpt":{"rendered":"<p>Gabinet Psychologa Szkolnego Gabinet psychologa szkolnego stanowi miejsce przeznaczone do udzielania pomocy psychologiczno- pedagogicznej uczniom, rodzicom uczni\u00f3w oraz nauczycielom Zespo\u0142u Przedszkolno- Szkolnego w Kluczewsku. Gabinet zosta\u0142 zaprojektowany tak, by by\u0142 przyjazny zar\u00f3wno dla m\u0142odszych jak i starszych dzieci. Posiada miejsce do indywidualnych rozm\u00f3w z uczniem, rodzicem, nauczycielem jak i stanowisko [&hellip;]<\/p>\n","protected":false},"author":2,"featured_media":0,"parent":0,"menu_order":0,"comment_status":"closed","ping_status":"closed","template":"","meta":{"ngg_post_thumbnail":0,"footnotes":""},"class_list":["post-7989","page","type-page","status-publish","hentry"],"_links":{"self":[{"href":"https:\/\/spkluczewsko.pl\/index.php?rest_route=\/wp\/v2\/pages\/7989","targetHints":{"allow":["GET"]}}],"collection":[{"href":"https:\/\/spkluczewsko.pl\/index.php?rest_route=\/wp\/v2\/pages"}],"about":[{"href":"https:\/\/spkluczewsko.pl\/index.php?rest_route=\/wp\/v2\/types\/page"}],"author":[{"embeddable":true,"href":"https:\/\/spkluczewsko.pl\/index.php?rest_route=\/wp\/v2\/users\/2"}],"replies":[{"embeddable":true,"href":"https:\/\/spkluczewsko.pl\/index.php?rest_route=%2Fwp%2Fv2%2Fcomments&post=7989"}],"version-history":[{"count":2,"href":"https:\/\/spkluczewsko.pl\/index.php?rest_route=\/wp\/v2\/pages\/7989\/revisions"}],"predecessor-version":[{"id":8004,"href":"https:\/\/spkluczewsko.pl\/index.php?rest_route=\/wp\/v2\/pages\/7989\/revisions\/8004"}],"wp:attachment":[{"href":"https:\/\/spkluczewsko.pl\/index.php?rest_route=%2Fwp%2Fv2%2Fmedia&parent=7989"}],"curies":[{"name":"wp","href":"https:\/\/api.w.org\/{rel}","templated":true}]}}