{"id":7993,"date":"2023-03-01T13:33:57","date_gmt":"2023-03-01T12:33:57","guid":{"rendered":"http:\/\/spkluczewsko.pl\/?page_id=7993"},"modified":"2024-10-03T21:04:30","modified_gmt":"2024-10-03T19:04:30","slug":"harmonogram","status":"publish","type":"page","link":"https:\/\/spkluczewsko.pl\/?page_id=7993","title":{"rendered":"Harmonogram"},"content":{"rendered":"<p style=\"text-align: center;\"><strong>PEDAGOG SZKOLNY<\/strong><br \/>\nmgr&nbsp; Aleksandra Sk\u00f3rnicka<br \/>\nzaprasza na indywidualne konsultacje uczni\u00f3w i rodzic\u00f3w w nast\u0119puj\u0105cych godzinach pracy:<br \/>\n<strong>poniedzia\u0142ek&nbsp; 08.00- 12.00<\/strong><br \/>\n<strong>wtorek 08.00-11.00<\/strong><br \/>\n<strong>\u015broda 10.00- 12.00<\/strong><br \/>\n<strong>czwartek 11.00- 13.00<\/strong><br \/>\n<strong>pi\u0105tek 08.10- 09.05 \/ 11.10- 12.10<\/strong><br \/>\nKontakt:&nbsp;askornicka1@wp.pl<\/p>\n<p style=\"text-align: center;\"><strong>PEDAGOG SPECJALNY<\/strong><\/p>\n<table>\n<tbody>\n<tr>\n<td>&nbsp;<\/td>\n<td>poniedzia\u0142ek<\/td>\n<td>wtorek<\/td>\n<td>\u015broda<\/td>\n<td>czwartek<\/td>\n<td>pi\u0105tek<\/td>\n<\/tr>\n<tr>\n<td>&nbsp;8.20- 9.05<\/td>\n<td>&nbsp;<\/td>\n<td>&nbsp;<\/td>\n<td><strong>godzina konsultacyjna<\/strong><\/td>\n<td><strong>godzina konsultacyjna<\/strong><\/td>\n<td>&nbsp;<\/td>\n<\/tr>\n<tr>\n<td>&nbsp;9.15- 10.00<\/td>\n<td>&nbsp;<\/td>\n<td>&nbsp;<\/td>\n<td>zaj\u0119cia rewalidacyjne<\/td>\n<td>zaj\u0119cia rewalidacyjne<\/td>\n<td>&nbsp;<\/td>\n<\/tr>\n<tr>\n<td>&nbsp;10.10- 10.55<\/td>\n<td>zaj\u0119cia rewalidacyjne<\/td>\n<td><strong>godzina konsultacyjna<\/strong><\/td>\n<td>zaj\u0119cia terapeutyczne<\/td>\n<td>zaj\u0119cia rewalidacyjne<\/td>\n<td>&nbsp;<\/td>\n<\/tr>\n<tr>\n<td>&nbsp;11.10- 11.55<\/td>\n<td>zaj\u0119cia rewalidacyjne<\/td>\n<td>zaj\u0119cia logopedyczne<\/td>\n<td>zaj\u0119cia logopedyczne<\/td>\n<td>zaj\u0119cia rewalidacyjne<\/td>\n<td>godzina konsultacyjna<\/td>\n<\/tr>\n<tr>\n<td>&nbsp;12.10- 12.55<\/td>\n<td>zaj\u0119cia rewalidacyjne<\/td>\n<td>zaj\u0119cia logopedyczne<\/td>\n<td>zaj\u0119cia rewalidacyjne<\/td>\n<td>&nbsp;zaj\u0119cia terapeutyczne<\/td>\n<td>zaj\u0119cia logopedyczne<\/td>\n<\/tr>\n<tr>\n<td>&nbsp;13.05- 13.50<\/td>\n<td>zaj\u0119cia rewalidacyjne<\/td>\n<td>zaj\u0119cia logopedyczne<\/td>\n<td>zaj\u0119cia terapeutyczne<\/td>\n<td>&nbsp;zaj\u0119cia terapeutyczne<\/td>\n<td>&nbsp;<\/td>\n<\/tr>\n<tr>\n<td>&nbsp;14.00- 14.45<\/td>\n<td>godzina dost\u0119pno\u015bci<\/td>\n<td>&nbsp;<\/td>\n<td>zaj\u0119cia terapeutyczne<\/td>\n<td>zaj\u0119cia rewalidacyjne<\/td>\n<td>&nbsp;<\/td>\n<\/tr>\n<\/tbody>\n<\/table>\n","protected":false},"excerpt":{"rendered":"<p>PEDAGOG SZKOLNY mgr&nbsp; Aleksandra Sk\u00f3rnicka zaprasza na indywidualne konsultacje uczni\u00f3w i rodzic\u00f3w w nast\u0119puj\u0105cych godzinach pracy: poniedzia\u0142ek&nbsp; 08.00- 12.00 wtorek 08.00-11.00 \u015broda 10.00- 12.00 czwartek 11.00- 13.00 pi\u0105tek 08.10- 09.05 \/ 11.10- 12.10 Kontakt:&nbsp;askornicka1@wp.pl PEDAGOG SPECJALNY &nbsp; poniedzia\u0142ek wtorek \u015broda czwartek pi\u0105tek &nbsp;8.20- 9.05 &nbsp; &nbsp; godzina konsultacyjna godzina konsultacyjna [&hellip;]<\/p>\n","protected":false},"author":2,"featured_media":0,"parent":0,"menu_order":0,"comment_status":"closed","ping_status":"closed","template":"","meta":{"ngg_post_thumbnail":0,"footnotes":""},"class_list":["post-7993","page","type-page","status-publish","hentry"],"_links":{"self":[{"href":"https:\/\/spkluczewsko.pl\/index.php?rest_route=\/wp\/v2\/pages\/7993","targetHints":{"allow":["GET"]}}],"collection":[{"href":"https:\/\/spkluczewsko.pl\/index.php?rest_route=\/wp\/v2\/pages"}],"about":[{"href":"https:\/\/spkluczewsko.pl\/index.php?rest_route=\/wp\/v2\/types\/page"}],"author":[{"embeddable":true,"href":"https:\/\/spkluczewsko.pl\/index.php?rest_route=\/wp\/v2\/users\/2"}],"replies":[{"embeddable":true,"href":"https:\/\/spkluczewsko.pl\/index.php?rest_route=%2Fwp%2Fv2%2Fcomments&post=7993"}],"version-history":[{"count":7,"href":"https:\/\/spkluczewsko.pl\/index.php?rest_route=\/wp\/v2\/pages\/7993\/revisions"}],"predecessor-version":[{"id":10173,"href":"https:\/\/spkluczewsko.pl\/index.php?rest_route=\/wp\/v2\/pages\/7993\/revisions\/10173"}],"wp:attachment":[{"href":"https:\/\/spkluczewsko.pl\/index.php?rest_route=%2Fwp%2Fv2%2Fmedia&parent=7993"}],"curies":[{"name":"wp","href":"https:\/\/api.w.org\/{rel}","templated":true}]}}