{"id":8264,"date":"2023-05-09T20:52:50","date_gmt":"2023-05-09T18:52:50","guid":{"rendered":"http:\/\/spkluczewsko.pl\/?page_id=8264"},"modified":"2023-05-09T20:52:50","modified_gmt":"2023-05-09T18:52:50","slug":"monitoring-wizyjny","status":"publish","type":"page","link":"https:\/\/spkluczewsko.pl\/?page_id=8264","title":{"rendered":"Monitoring wizyjny"},"content":{"rendered":"<p style=\"text-align: justify;\"><strong><em>OBOWI\u0104ZEK&nbsp; INFORMACYJNY<\/em><\/strong><\/p>\n<p style=\"text-align: justify;\">Administrator Danych prowadzi monitoring wizyjny budynku Zespo\u0142u Przedszkolno \u2013 Szkolnego w Kluczewsku oraz terenu wok\u00f3\u0142 niego w celu zapewnienia bezpiecze\u0144stwa uczniom i pracownikom Zespo\u0142u Przedszkolno \u2013 szkolnego w Kluczewsku, ochrony mienia i zachowania w tajemnicy informacji, kt\u00f3rych ujawnienie mog\u0142oby narazi\u0107 Zesp\u00f3\u0142 Przedszkolno \u2013 Szkolny w Kluczewsku na szkod\u0119. &nbsp;Podstaw\u0119 prawn\u0105 wprowadzenia monitoringu stanowi\u0105 art. 22 Kodeksu pracy, ustawa o ochronie danych osobowych, ustawa o ochronie os\u00f3b i mienia oraz Prawo o\u015bwiatowe.<\/p>\n<p style=\"text-align: justify;\">Administratorem systemu monitoringu jest Dyrektor.<\/p>\n<p style=\"text-align: justify;\">Kontakt z Inspektorem Danych Osobowych jest mo\u017cliwy pod adresem e-mail: <a href=\"mailto:iod@czi24.pl\">iod@czi24.pl<\/a>. &nbsp;Ka\u017cda osoba ma prawo do wniesienia skargi do Prezesa Urz\u0119du Ochrony Danych Osobowych. Zapisy z monitoringu przechowywane b\u0119d\u0105 przez okres 10 dni. Okres przetwarzania mo\u017ce zosta\u0107 ka\u017cdorazowo przed\u0142u\u017cony o okres przedawnienia roszcze\u0144, je\u017celi przetwarzanie danych osobowych b\u0119dzie niezb\u0119dne do ustalenia lub dochodzenia ewentualnych roszcze\u0144 albo obrony przed takimi roszczeniami przez Administratora. Odbiorcami danych osobowych mog\u0105 by\u0107 wy\u0142\u0105cznie organy uprawnione na podstawie przepis\u00f3w prawa.<\/p>\n<p style=\"text-align: justify;\">Regulamin Monitoringu dost\u0119pny jest w Zespole Przedszkolno \u2013 Szkolnym w Kluczewsku. &nbsp;<\/p>\n","protected":false},"excerpt":{"rendered":"<p>OBOWI\u0104ZEK&nbsp; INFORMACYJNY Administrator Danych prowadzi monitoring wizyjny budynku Zespo\u0142u Przedszkolno \u2013 Szkolnego w Kluczewsku oraz terenu wok\u00f3\u0142 niego w celu zapewnienia bezpiecze\u0144stwa uczniom i pracownikom Zespo\u0142u Przedszkolno \u2013 szkolnego w Kluczewsku, ochrony mienia i zachowania w tajemnicy informacji, kt\u00f3rych ujawnienie mog\u0142oby narazi\u0107 Zesp\u00f3\u0142 Przedszkolno \u2013 Szkolny w Kluczewsku na szkod\u0119. [&hellip;]<\/p>\n","protected":false},"author":2,"featured_media":0,"parent":0,"menu_order":0,"comment_status":"closed","ping_status":"closed","template":"","meta":{"ngg_post_thumbnail":0,"footnotes":""},"class_list":["post-8264","page","type-page","status-publish","hentry"],"_links":{"self":[{"href":"https:\/\/spkluczewsko.pl\/index.php?rest_route=\/wp\/v2\/pages\/8264","targetHints":{"allow":["GET"]}}],"collection":[{"href":"https:\/\/spkluczewsko.pl\/index.php?rest_route=\/wp\/v2\/pages"}],"about":[{"href":"https:\/\/spkluczewsko.pl\/index.php?rest_route=\/wp\/v2\/types\/page"}],"author":[{"embeddable":true,"href":"https:\/\/spkluczewsko.pl\/index.php?rest_route=\/wp\/v2\/users\/2"}],"replies":[{"embeddable":true,"href":"https:\/\/spkluczewsko.pl\/index.php?rest_route=%2Fwp%2Fv2%2Fcomments&post=8264"}],"version-history":[{"count":1,"href":"https:\/\/spkluczewsko.pl\/index.php?rest_route=\/wp\/v2\/pages\/8264\/revisions"}],"predecessor-version":[{"id":8265,"href":"https:\/\/spkluczewsko.pl\/index.php?rest_route=\/wp\/v2\/pages\/8264\/revisions\/8265"}],"wp:attachment":[{"href":"https:\/\/spkluczewsko.pl\/index.php?rest_route=%2Fwp%2Fv2%2Fmedia&parent=8264"}],"curies":[{"name":"wp","href":"https:\/\/api.w.org\/{rel}","templated":true}]}}