{"id":8361,"date":"2023-06-09T09:33:11","date_gmt":"2023-06-09T07:33:11","guid":{"rendered":"http:\/\/spkluczewsko.pl\/?page_id=8361"},"modified":"2023-06-22T21:41:03","modified_gmt":"2023-06-22T19:41:03","slug":"poznaj-polske","status":"publish","type":"page","link":"https:\/\/spkluczewsko.pl\/?page_id=8361","title":{"rendered":"Poznaj Polsk\u0119"},"content":{"rendered":"<p><img fetchpriority=\"high\" decoding=\"async\" class=\"aligncenter size-full wp-image-8391\" src=\"https:\/\/spkluczewsko.pl\/wp-content\/uploads\/2023\/06\/poznaj_polske.jpg\" alt=\"\" width=\"1920\" height=\"312\" srcset=\"https:\/\/spkluczewsko.pl\/wp-content\/uploads\/2023\/06\/poznaj_polske.jpg 1920w, https:\/\/spkluczewsko.pl\/wp-content\/uploads\/2023\/06\/poznaj_polske-300x49.jpg 300w, https:\/\/spkluczewsko.pl\/wp-content\/uploads\/2023\/06\/poznaj_polske-1024x166.jpg 1024w, https:\/\/spkluczewsko.pl\/wp-content\/uploads\/2023\/06\/poznaj_polske-768x125.jpg 768w, https:\/\/spkluczewsko.pl\/wp-content\/uploads\/2023\/06\/poznaj_polske-1536x250.jpg 1536w\" sizes=\"(max-width: 1920px) 100vw, 1920px\" \/><\/p>\n<p><strong>Poznaj Polsk\u0119<\/strong><\/p>\n<p>\u201ePoznaj Polsk\u0119\u201d jest przeprowadzane w ramach programu \u201ePolski \u0141ad\u201d we wsp\u00f3\u0142pracy z Instytutem Dziedzictwa My\u015bli Narodowej, Fundacj\u0105 Nauk Humanistycznych oraz Narodowym Instytutem Kultury i Dziedzictwa Wsi. Podstaw\u0119 prawn\u0105 projektu stanowi Komunikat Ministra Edukacji i Nauki z dnia 27 sierpnia 2021 r. o ustanowieniu przedsi\u0119wzi\u0119cia pod nazw\u0105 Poznaj Polsk\u0119. Przedsi\u0119wzi\u0119cie ma wesprze\u0107 organy prowadz\u0105ce publiczne i niepubliczne szko\u0142y w realizacji zada\u0144, kt\u00f3re uatrakcyjni\u0105 edukacj\u0119 dzieci i m\u0142odzie\u017cy poprzez umo\u017cliwienie im poznawania Polski, jej \u015brodowiska przyrodniczego, tradycji, zabytk\u00f3w kultury i historii oraz osi\u0105gni\u0119\u0107 polskiej nauki. Ma by\u0107 r\u00f3wnie\u017c dobrym sposobem na poznanie dziedzictwa narodowego i kulturowego Polski i promowanie nowoczesnej edukacji patriotycznej.<br \/>\n<span style=\"font-size: 8pt;\">\u0179r\u00f3d\u0142o: Poznaj Polsk\u0119 Organizacja wycieczek dla uczni\u00f3w. Praktyczny poradnik dla organizator\u00f3w, Jerzy Jarosinski, ORE<\/span><\/p>\n<p style=\"text-align: center;\">***********************************************************************************************************<\/p>\n<p class=\"Standard\" style=\"text-align: center;\" align=\"center\"><strong><span style=\"font-size: 14pt;\">Z plecakiem po Polsce &#8211; Bochnia<\/span><\/strong><\/p>\n<p style=\"text-align: center;\"><img decoding=\"async\" class=\"aligncenter size-full wp-image-8418\" src=\"https:\/\/spkluczewsko.pl\/wp-content\/uploads\/2023\/06\/DSC_0195.jpg\" alt=\"\" width=\"900\" height=\"600\" srcset=\"https:\/\/spkluczewsko.pl\/wp-content\/uploads\/2023\/06\/DSC_0195.jpg 900w, https:\/\/spkluczewsko.pl\/wp-content\/uploads\/2023\/06\/DSC_0195-300x200.jpg 300w, https:\/\/spkluczewsko.pl\/wp-content\/uploads\/2023\/06\/DSC_0195-768x512.jpg 768w\" sizes=\"(max-width: 900px) 100vw, 900px\" \/><\/p>\n<p style=\"text-align: justify;\">20 czerwca br. uczniowie naszej szko\u0142y pojechali na wycieczk\u0119 zorganizowan\u0105 w ramach programu \u201ePoznaj Polsk\u0119\u201d. Od Ministerstwa Edukacji i Nauki otrzymali\u015bmy 80% dofinansowania, a pozosta\u0142e 20% od Gminy Kluczewsko. Pierwszy punktem zwiedzania by\u0142a kopalnia soli w Bochni. Du\u017c\u0105 atrakcj\u0105 okaza\u0142 si\u0119 zjazd pod ziemi\u0119 szybem Campi, przejazd podziemn\u0105 kolejk\u0105 i przeprawa \u0142odzi\u0105. Multimedialne hologramy pomog\u0142y uczniom u\u015bwiadomi\u0107 sobie jak ci\u0119\u017cka i niebezpieczna by\u0142a praca g\u00f3rnik\u00f3w. Ciekawostk\u0105 okaza\u0142a si\u0119 kaplica \u015bw. Kingi \u2013 jedyny na \u015bwiecie ko\u015bci\u00f3\u0142, przez kt\u00f3ry przeje\u017cd\u017ca poci\u0105g. Mogli\u015bmy r\u00f3wnie\u017c aktywnie sp\u0119dzi\u0107 czas w sali rekreacyjnej i zje\u015b\u0107 obiad w kopalnianej restauracji. Ciekaw\u0105 lekcj\u0105 historii by\u0142 pobyt w siedemnastowiecznym zamku w Wi\u015bniczu \u2013 jednym z najciekawszych zabytk\u00f3w wczesnobarokowej architektury rezydencjonalno- obronnej. Na zako\u0144czenie spacerowali\u015bmy po Rezerwacie Przyrody Kamie\u0144-Grzyb. Bogatsi w wiedz\u0119 i z pe\u0142nym plecakiem wspomnie\u0144 ruszyli\u015bmy wieczorem w drog\u0119 powrotn\u0105.<\/p>\n<p style=\"text-align: justify;\">Zdj\u0119cia&nbsp;<a href=\"https:\/\/www.facebook.com\/ZPSKluczewsko\/posts\/pfbid0hGXFENYoehQ4wYT8WSjuv5rMMDhM9a2SneWcautBGiZRLTBk2XVEB3XHY1ybiNV1l\">TUTAJ:<\/a><\/p>\n<p style=\"text-align: center;\">***********************************************************************************************************<\/p>\n<div class=\"swm-post-title-section\">\n<div class=\"swm-post-title-content\">\n<div class=\"swm-post-title\">\n<h1 style=\"text-align: center;\"><span style=\"font-size: 14pt;\">Zwiedzamy Polsk\u0119 \u2013 Wycieczka do \u0141odzi<\/span><\/h1>\n<p style=\"text-align: center;\"><img decoding=\"async\" class=\"alignnone size-full wp-image-8374\" src=\"https:\/\/spkluczewsko.pl\/wp-content\/uploads\/2023\/06\/DSC_0239.jpg\" alt=\"\" width=\"898\" height=\"600\" srcset=\"https:\/\/spkluczewsko.pl\/wp-content\/uploads\/2023\/06\/DSC_0239.jpg 898w, https:\/\/spkluczewsko.pl\/wp-content\/uploads\/2023\/06\/DSC_0239-300x200.jpg 300w, https:\/\/spkluczewsko.pl\/wp-content\/uploads\/2023\/06\/DSC_0239-768x513.jpg 768w\" sizes=\"(max-width: 898px) 100vw, 898px\" \/><\/p>\n<\/div>\n<\/div>\n<\/div>\n<div class=\"swm-post-list-content-section swm-post-list-single-content-section\">\n<div class=\"swm-post-single-content\">\n<p style=\"text-align: justify;\">6 czerwca uczniowie klasy pierwszej pojechali na wycieczk\u0119 do \u0141odzi. Wyjazd zorganizowany by\u0142 w ramach programu \u201ePoznaj Polsk\u0119\u201d- przedsi\u0119wzi\u0119cia, kt\u00f3re dofinansowuje wycieczki do znajduj\u0105cych si\u0119 w Polsce muze\u00f3w, miejsc pami\u0119ci i obiekt\u00f3w kultury. Wed\u0142ug ustalonych kryteri\u00f3w szko\u0142a otrzyma\u0142a od Ministerstwa Edukacji i Nauki 80% planowanych koszt\u00f3w, pozosta\u0142e 20% sfinansowa\u0142 organ prowadz\u0105cy (Gmina Kluczewsko) z wk\u0142adu w\u0142asnego. Spo\u015br\u00f3d 700 atrakcyjnych miejsc nale\u017ca\u0142o wybra\u0107 z wykazu dwa dowolne punkty edukacyjne.<\/p>\n<p style=\"text-align: justify;\">My wybrali\u015bmy&nbsp;<strong>Muzeum Przyrodnicze Uniwersytetu \u0141\u00f3dzkiego, Ogr\u00f3d Botaniczny<\/strong>&nbsp;oraz dodatkowo Miejski Ogr\u00f3d Zoologiczny.<\/p>\n<p style=\"text-align: justify;\">W Muzeum Przyrodniczym obejrzeli\u015bmy zbiory cennych eksponat\u00f3w min.: \u015bwiat motyli<br \/>\ni owad\u00f3w, dzikich zwierz\u0105t \u017cyj\u0105cych w naturalnym \u015brodowisku, flor\u0119 i faun\u0119 m\u00f3rz i ocean\u00f3w oraz wystaw\u0119 czasow\u0105 prac malarskich wizerunk\u00f3w zwierz\u0105t wykonan\u0105 technik\u0105 akwareli na papierze czerpanym autorstwa malarki Agnieszki Ciszewskiej.<\/p>\n<p style=\"text-align: justify;\">Pi\u0119knem przyrody zachwyci\u0142 nas Ogr\u00f3d Botaniczny, gdzie uprawiane s\u0105 ro\u015bliny z r\u00f3\u017cnych sfer klimatycznych. Atrakcj\u0105 dla naszych dzieci by\u0142 &nbsp;skansen, wspinaczka po ska\u0142kach oraz labirynt z \u017cywop\u0142otu, z kt\u00f3rego nie\u0142atwo by\u0142o znale\u017a\u0107 wyj\u015bcie.<\/p>\n<p style=\"text-align: justify;\">Na ko\u0144cu dotarli\u015bmy do Ogrodu Zoologicznego i mieszcz\u0105cego si\u0119 w nim Orientarium, najnowocze\u015bniejszego kompleksu prezentuj\u0105cego faun\u0119 i flor\u0119 Azji Po\u0142udniowo- Wschodniej. Dzieci dzielnie przemierza\u0142y \u015bcie\u017cki ogrodu podziwiaj\u0105c kolejno pi\u0119kno dzikich zwierz\u0105t.<br \/>\nW czasie zwiedzania by\u0142 tak\u017ce czas na posi\u0142ek w restauracji \u201ePora karmienia\u201d oraz odpoczynek w cieniu drzew na wygodnych le\u017caczkach. \u201eSzkoda, \u017ce musimy ju\u017c wyje\u017cd\u017ca\u0107\u201d, to s\u0142owa naszych niestrudzonych pierwszak\u00f3w.<\/p>\n<p style=\"text-align: justify;\">Mamy nadziej\u0119, \u017ce to nie koniec naszej przygody z programem \u201ePoznaj Polsk\u0119\u201d . Przed nami jeszcze wiele pi\u0119knych miejsc, kt\u00f3re chcieliby\u015bmy zobaczy\u0107.<\/p>\n<p style=\"text-align: justify;\">Organizatorzy: Aleksandra Sk\u00f3rnicka, Agnieszka Herczy\u0144ska, Ma\u0142gorzata Walasek.<\/p>\n<p style=\"text-align: justify;\">Zdj\u0119cia<a href=\"https:\/\/www.facebook.com\/ZPSKluczewsko\/posts\/pfbid02r6VRxFyP9F4kU15mZQz48jZdyMEgcdoErfbuWw26yCks6Eo24VM2MDHjtBjyCzd6l\">&nbsp;TUTAJ:<\/a><\/p>\n<\/div>\n<\/div>\n","protected":false},"excerpt":{"rendered":"<p>Poznaj Polsk\u0119 \u201ePoznaj Polsk\u0119\u201d jest przeprowadzane w ramach programu \u201ePolski \u0141ad\u201d we wsp\u00f3\u0142pracy z Instytutem Dziedzictwa My\u015bli Narodowej, Fundacj\u0105 Nauk Humanistycznych oraz Narodowym Instytutem Kultury i Dziedzictwa Wsi. Podstaw\u0119 prawn\u0105 projektu stanowi Komunikat Ministra Edukacji i Nauki z dnia 27 sierpnia 2021 r. o ustanowieniu przedsi\u0119wzi\u0119cia pod nazw\u0105 Poznaj Polsk\u0119. [&hellip;]<\/p>\n","protected":false},"author":2,"featured_media":0,"parent":0,"menu_order":0,"comment_status":"closed","ping_status":"closed","template":"","meta":{"ngg_post_thumbnail":0,"footnotes":""},"class_list":["post-8361","page","type-page","status-publish","hentry"],"_links":{"self":[{"href":"https:\/\/spkluczewsko.pl\/index.php?rest_route=\/wp\/v2\/pages\/8361","targetHints":{"allow":["GET"]}}],"collection":[{"href":"https:\/\/spkluczewsko.pl\/index.php?rest_route=\/wp\/v2\/pages"}],"about":[{"href":"https:\/\/spkluczewsko.pl\/index.php?rest_route=\/wp\/v2\/types\/page"}],"author":[{"embeddable":true,"href":"https:\/\/spkluczewsko.pl\/index.php?rest_route=\/wp\/v2\/users\/2"}],"replies":[{"embeddable":true,"href":"https:\/\/spkluczewsko.pl\/index.php?rest_route=%2Fwp%2Fv2%2Fcomments&post=8361"}],"version-history":[{"count":9,"href":"https:\/\/spkluczewsko.pl\/index.php?rest_route=\/wp\/v2\/pages\/8361\/revisions"}],"predecessor-version":[{"id":8420,"href":"https:\/\/spkluczewsko.pl\/index.php?rest_route=\/wp\/v2\/pages\/8361\/revisions\/8420"}],"wp:attachment":[{"href":"https:\/\/spkluczewsko.pl\/index.php?rest_route=%2Fwp%2Fv2%2Fmedia&parent=8361"}],"curies":[{"name":"wp","href":"https:\/\/api.w.org\/{rel}","templated":true}]}}